{"id":2340,"date":"2024-09-16T13:29:43","date_gmt":"2024-09-16T13:29:43","guid":{"rendered":"https:\/\/democontent.codex-themes.com\/sites-wpb-v5\/medical-directory\/?page_id=2340"},"modified":"2026-01-26T20:17:19","modified_gmt":"2026-01-26T19:17:19","slug":"executive-summary","status":"publish","type":"page","link":"https:\/\/regenlife.com\/fr\/executive-summary\/","title":{"rendered":"EXECUTIVE SUMMARY"},"content":{"rendered":"<div class=\"wpb-content-wrapper\"><p>[vc_row full_width=\u00a0\u00bbstretch_row\u00a0\u00bb full_height=\u00a0\u00bbyes\u00a0\u00bb columns_placement=\u00a0\u00bbtop\u00a0\u00bb content_placement=\u00a0\u00bbmiddle\u00a0\u00bb el_disable_tablet=\u00a0\u00bb1&Prime; el_disable_mobile=\u00a0\u00bb1&Prime; custom_css_code=\u00a0\u00bbLmdlbS1pbWFnZS1jZW50ZXJlZC1ib3glMjAlN0IlMEElMjAlMjAlMjAlMjBtYXJnaW4tYm90dG9tJTNBJTIwMCUzQiUwQSU3RCUwQS5pbWctYm9yZGVyLXJhZGl1cyUyMGltZyU3QiUwQSUyMCUyMCUyMCUyMGJvcmRlci1yYWRpdXMlM0ElMjAzM3B4JTNCJTBBJTdEJTBBLmN1c3RvbS1pbmZvdGV4dCUyMCU3QiUwQSUyMCUyMCUyMCUyMHdpZHRoJTNBJTIwMjIwcHglM0IlMEElN0QlMEElNDBtZWRpYSUyOG1heC13aWR0aCUzQSUyMDk5MXB4JTI5JTdCJTBBJTIwJTIwJTIwJTIwLmN1c3RvbS1pbmZvdGV4dCUyMCU3QiUwQSUyMCUyMCUyMCUyMCUyMCUyMCUyMCUyMHdpZHRoJTNBJTIwMjAwcHglM0IlMEElMjAlMjAlMjAlMjAlN0QlMEElN0Q=\u00a0\u00bb css=\u00a0\u00bb.vc_custom_1762933741327{margin-bottom: 0px !important;padding-top: 15px !important;}\u00a0\u00bb tablet_padding_top=\u00a0\u00bb40&Prime; mobile_margin_top=\u00a0\u00bb-50&Prime; mobile_padding_top=\u00a0\u00bb60&Prime; row_title=\u00a0\u00bbDesktop\u00a0\u00bb][vc_column width=\u00a0\u00bb1\/2&Prime; css=\u00a0\u00bb.vc_custom_1758627900405{padding-top: 0px !important;padding-right: 15px !important;}\u00a0\u00bb tablet_padding_right=\u00a0\u00bb42&Prime; mobile_padding_bottom=\u00a0\u00bb60&Prime; mobile_padding_right=\u00a0\u00bb21&Prime;]<div class=\"thegem-te-heading thegem-custom-69f81a735b5d41925\" ><h1 id=\"thegem-heading-69f81a735b565\" class=\"thegem-heading title-h2 vc_custom_1769454578159\" style=\"text-align: left;\" ><span>REGEnLIFE : r\u00e9volutionner la sant\u00e9 c\u00e9r\u00e9brale par la photom\u00e9decine<\/span><\/h1><style type=\"text\/css\">#thegem-heading-69f81a735b565 {margin: 0;}#thegem-heading-69f81a735b565 a:hover, #thegem-heading-69f81a735b565 a:hover span.colored {color: var(--thegem-to-menu-level1-color-hover, #00BCD4) !important;}<\/style><\/div><style>@media screen and (max-width: 1023px) {.thegem-te-heading.thegem-custom-69f81a735b5d41925{display: block!important;}}@media screen and (max-width: 767px) {.thegem-te-heading.thegem-custom-69f81a735b5d41925{display: block!important;}}@media screen and (max-width: 1023px) {.thegem-te-heading.thegem-custom-69f81a735b5d41925{position: relative !important;}}@media screen and (max-width: 767px) {.thegem-te-heading.thegem-custom-69f81a735b5d41925{position: relative !important;}}<\/style>[vc_column_text css=\u00a0\u00bb\u00a0\u00bb]<\/p>\n<p align=\"justify\">Les pathologies neurologiques complexes, comme <span data-keyword=\"Maladie Alzheimer\">la maladie d&rsquo;Alzheimer<\/span>, les traumatismes cr\u00e2niens, la scl\u00e9rose en plaques ou la d\u00e9pression r\u00e9sistante, constituent l&rsquo;un des plus grands d\u00e9fis m\u00e9dicaux et soci\u00e9taux actuels. Avec 3,4 milliards de personnes concern\u00e9es au cours de leur vie par une affection neurologique (<a title=\"article presse\" href=\"https:\/\/www.thelancet.com\/journals\/laneur\/article\/PIIS1474-4422(24)00038-3\/fulltext\" target=\"_blank\" rel=\"noopener\">Lancet neurology, 2024<\/a>), soit 40% de la population mondiale, le besoin de solutions th\u00e9rapeutiques efficaces devient urgent.<\/p>\n<p>[\/vc_column_text][\/vc_column][vc_column width=\u00a0\u00bb1\/2&Prime; css=\u00a0\u00bb.vc_custom_1758800235398{padding-top: 10px !important;}\u00a0\u00bb][vc_single_image image=\u00a0\u00bb5901&Prime; img_size=\u00a0\u00bbfull\u00a0\u00bb alignment=\u00a0\u00bbcenter\u00a0\u00bb css=\u00a0\u00bb\u00a0\u00bb][\/vc_column][\/vc_row][vc_row full_width=\u00a0\u00bbstretch_row\u00a0\u00bb content_placement=\u00a0\u00bbmiddle\u00a0\u00bb el_disable_desktop=\u00a0\u00bb1&Prime; custom_css_code=\u00a0\u00bbLmdlbS1pbWFnZS1jZW50ZXJlZC1ib3glMjAlN0IlMEElMjAlMjAlMjAlMjBtYXJnaW4tYm90dG9tJTNBJTIwMCUzQiUwQSU3RCUwQS5pbWctYm9yZGVyLXJhZGl1cyUyMGltZyU3QiUwQSUyMCUyMCUyMCUyMGJvcmRlci1yYWRpdXMlM0ElMjAzM3B4JTNCJTBBJTdEJTBBLmN1c3RvbS1pbmZvdGV4dCUyMCU3QiUwQSUyMCUyMCUyMCUyMHdpZHRoJTNBJTIwMjIwcHglM0IlMEElN0QlMEElNDBtZWRpYSUyOG1heC13aWR0aCUzQSUyMDk5MXB4JTI5JTdCJTBBJTIwJTIwJTIwJTIwLmN1c3RvbS1pbmZvdGV4dCUyMCU3QiUwQSUyMCUyMCUyMCUyMCUyMCUyMCUyMCUyMHdpZHRoJTNBJTIwMjAwcHglM0IlMEElMjAlMjAlMjAlMjAlN0QlMEElN0Q=\u00a0\u00bb css=\u00a0\u00bb.vc_custom_1762933773669{margin-bottom: 0px !important;padding-top: 15px !important;}\u00a0\u00bb tablet_padding_top=\u00a0\u00bb40&Prime; mobile_margin_top=\u00a0\u00bb-50&Prime; mobile_padding_top=\u00a0\u00bb60&Prime; row_title=\u00a0\u00bbTablette et mobile\u00a0\u00bb][vc_column width=\u00a0\u00bb1\/2&Prime; css=\u00a0\u00bb.vc_custom_1758627900405{padding-top: 0px !important;padding-right: 15px !important;}\u00a0\u00bb tablet_padding_right=\u00a0\u00bb42&Prime; mobile_padding_bottom=\u00a0\u00bb60&Prime; mobile_padding_right=\u00a0\u00bb21&Prime;]<div class=\"thegem-te-heading thegem-custom-69f81a735b7401158\" ><h1 id=\"thegem-heading-69f81a735b717\" class=\"thegem-heading title-h2 vc_custom_1769454747207\" style=\"text-align: left;\" ><span>REGEnLIFE : r\u00e9volutionner la sant\u00e9 c\u00e9r\u00e9brale par la photom\u00e9decine<\/span><\/h1><style type=\"text\/css\">#thegem-heading-69f81a735b717 {margin: 0;}#thegem-heading-69f81a735b717 a:hover, #thegem-heading-69f81a735b717 a:hover span.colored {color: var(--thegem-to-menu-level1-color-hover, #00BCD4) !important;}<\/style><\/div><style>@media screen and (max-width: 1023px) {.thegem-te-heading.thegem-custom-69f81a735b7401158{display: block!important;}}@media screen and (max-width: 767px) {.thegem-te-heading.thegem-custom-69f81a735b7401158{display: block!important;}}@media screen and (max-width: 1023px) {.thegem-te-heading.thegem-custom-69f81a735b7401158{position: relative !important;}}@media screen and (max-width: 767px) {.thegem-te-heading.thegem-custom-69f81a735b7401158{position: relative !important;}}<\/style>[vc_column_text css=\u00a0\u00bb\u00a0\u00bb]<\/p>\n<p align=\"justify\">Les pathologies neurologiques complexes, comme la maladie d&rsquo;Alzheimer, les traumatismes cr\u00e2niens, la scl\u00e9rose en plaques ou la d\u00e9pression r\u00e9sistante, constituent l&rsquo;un des plus grands d\u00e9fis m\u00e9dicaux et soci\u00e9taux actuels. Avec 3,4 milliards de personnes concern\u00e9es au cours de leur vie par une affection neurologique (<a href=\"https:\/\/www.thelancet.com\/journals\/laneur\/article\/PIIS1474-4422(24)00038-3\/fulltext\" target=\"_blank\" rel=\"noopener\">Lancet neurology, 2024<\/a>), soit 40% de la population mondiale, le besoin de solutions th\u00e9rapeutiques efficaces devient urgent.<\/p>\n<p>[\/vc_column_text][\/vc_column][vc_column width=\u00a0\u00bb1\/2&Prime; css=\u00a0\u00bb.vc_custom_1758800235398{padding-top: 10px !important;}\u00a0\u00bb][vc_single_image image=\u00a0\u00bb5901&Prime; img_size=\u00a0\u00bbfull\u00a0\u00bb alignment=\u00a0\u00bbcenter\u00a0\u00bb css=\u00a0\u00bb\u00a0\u00bb][\/vc_column][\/vc_row][vc_row custom_css_code=\u00a0\u00bbLmN1c3RvbS10aXRsZSUyMGgyJTdCJTBBJTIwJTIwJTIwJTIwbWFyZ2luLXJpZ2h0JTNBJTIwMzBweCUyMWltcG9ydGFudCUzQiUwQSUyMCUyMCUyMCUyMG1hcmdpbi1ib3R0b20lM0ElMjAwJTIxaW1wb3J0YW50JTNCJTBBJTIwJTIwJTIwJTIwbWFyZ2luLXRvcCUzQSUyMDAlMjFpbXBvcnRhbnQlM0IlMEElN0QlMEEuY3VzdG9tLXRpdGxlJTIwLnZjX3NlcF9saW5lJTIwJTdCJTBBJTIwJTIwJTIwJTIwdG9wJTNBJTIwMTJweCUyMWltcG9ydGFudCUzQiUwQSU3RCUwQS5nZW0taW5mb3RleHQlMjAlN0IlMEElMjAlMjAlMjAlMjB3aWR0aCUzQSUyMGF1dG8lMjFpbXBvcnRhbnQlM0IlMEElN0QlMEEuZ2VtLWluZm90ZXh0JTNBaG92ZXIlMjAlN0IlMEElMjAlMjAlMjAlMjBiYWNrZ3JvdW5kLWNvbG9yJTNBJTIwJTIzRjlFQUQ1JTIwJTIxaW1wb3J0YW50JTNCJTBBJTIwJTIwJTIwJTIwdHJhbnNpdGlvbiUzQSUyMGFsbCUyMDAuM3MlM0IlMEElN0QlMEE=\u00a0\u00bb css=\u00a0\u00bb.vc_custom_1726578673072{margin-bottom: 0px !important;}\u00a0\u00bb][vc_column css=\u00a0\u00bb.vc_custom_1726578677849{padding-top: 0px !important;}\u00a0\u00bb][vc_row_inner content_placement=\u00a0\u00bbbottom\u00a0\u00bb][vc_column_inner width=\u00a0\u00bb5\/6&Prime;][vc_column_text css=\u00a0\u00bb\u00a0\u00bb]<\/p>\n<p align=\"justify\">En pool position face \u00e0 ces enjeux, <strong>REGEnLIFE<\/strong>, se pr\u00e9pare \u00e0 r\u00e9volutionner le traitement des affections neurologiques avec une solution th\u00e9rapeutique pionni\u00e8re, brevet\u00e9e, et proche d&rsquo;une mise sur le march\u00e9.<\/p>\n<p align=\"justify\">La <strong>technologie REGEnLIFE<\/strong> vise \u00e0 activer des processus r\u00e9g\u00e9n\u00e9ratifs et vitaux de r\u00e9paration cellulaire. La stimulation tri-photonique cibl\u00e9e vers les zones c\u00e9r\u00e9brales et intestinales favorise une neuroprotection et module la neuro-inflammation pour r\u00e9duire les sympt\u00f4mes et am\u00e9liorer la sant\u00e9 c\u00e9r\u00e9brale des patients.<\/p>\n<p align=\"justify\">Le <strong>dispositif m\u00e9dical REGEnLIFE <\/strong>rev\u00eat la forme d&rsquo;un casque et d&rsquo;une ceinture abdominale, connect\u00e9s \u00e0 une console \u00e9lectronique et pilot\u00e9s par logiciel. Non-invasif et indolore pour le patient, il permet une double application de la neurostimulation \u00e0 la fois c\u00e9r\u00e9brale et\/ou intestinale selon la pathologie. La combinaison sp\u00e9cifique de composants optiques et de longueurs d&rsquo;ondes pr\u00e9cises (LED, lasers proche infrarouge &#8230;) favorise une absorption optique \u00e0 l&rsquo;\u00e9chelle intracellulaire dont l&rsquo;objectif est de d\u00e9clencher des effets th\u00e9rapeutiques. La lumi\u00e8re, d\u00e9livr\u00e9e avec pr\u00e9cision lors de plusieurs s\u00e9ances de 20 minutes, a pour objectif d&rsquo;activer la fonction mitochondriale, r\u00e9duire le stress oxydatif et cibler l&rsquo;inflammation, autant d&rsquo;\u00e9l\u00e9ments cl\u00e9s dans le traitement des maladies neurologiques.<\/p>\n<p align=\"justify\">REGEnLIFE pr\u00e9pare la commercialisation d&rsquo;une plateforme int\u00e9gr\u00e9e, comprenant ses dispositifs m\u00e9dicaux, logiciel, consommables et services associ\u00e9s, \u00e0 des centres ou des espaces d\u00e9di\u00e9s au sein d&rsquo;h\u00f4pitaux, d&rsquo;EPHAD, de maisons de retraite, de cabinets m\u00e9dicaux, etc.<\/p>\n<p>[\/vc_column_text]<div class=\"clearboth\"><\/div><style>#thegem-divider-69f81a735b791 {margin-top: 50px !important;}<\/style><div id=\"thegem-divider-69f81a735b791\" class=\"gem-divider  \" style=\"\" ><\/div>[\/vc_column_inner][vc_column_inner width=\u00a0\u00bb1\/6&Prime;][\/vc_column_inner][\/vc_row_inner][\/vc_column][\/vc_row][vc_row custom_css_code=\u00a0\u00bbLmN1c3RvbS10aXRsZSUyMGgyJTdCJTBBJTIwJTIwJTIwJTIwbWFyZ2luLXJpZ2h0JTNBJTIwMzBweCUyMWltcG9ydGFudCUzQiUwQSUyMCUyMCUyMCUyMG1hcmdpbi1ib3R0b20lM0ElMjAwJTIxaW1wb3J0YW50JTNCJTBBJTIwJTIwJTIwJTIwbWFyZ2luLXRvcCUzQSUyMDAlMjFpbXBvcnRhbnQlM0IlMEElN0QlMEEuY3VzdG9tLXRpdGxlJTIwLnZjX3NlcF9saW5lJTIwJTdCJTBBJTIwJTIwJTIwJTIwdG9wJTNBJTIwMTJweCUyMWltcG9ydGFudCUzQiUwQSU3RCUwQS5nZW0taW5mb3RleHQlMjAlN0IlMEElMjAlMjAlMjAlMjB3aWR0aCUzQSUyMGF1dG8lMjFpbXBvcnRhbnQlM0IlMEElN0QlMEEuZ2VtLWluZm90ZXh0JTNBaG92ZXIlMjAlN0IlMEElMjAlMjAlMjAlMjBiYWNrZ3JvdW5kLWNvbG9yJTNBJTIwJTIzRjlFQUQ1JTIwJTIxaW1wb3J0YW50JTNCJTBBJTIwJTIwJTIwJTIwdHJhbnNpdGlvbiUzQSUyMGFsbCUyMDAuM3MlM0IlMEElN0QlMEE=\u00a0\u00bb css=\u00a0\u00bb.vc_custom_1726578673072{margin-bottom: 0px !important;}\u00a0\u00bb][vc_column css=\u00a0\u00bb.vc_custom_1726578677849{padding-top: 0px !important;}\u00a0\u00bb][vc_single_image image=\u00a0\u00bb5962&Prime; img_size=\u00a0\u00bbfull\u00a0\u00bb alignment=\u00a0\u00bbcenter\u00a0\u00bb css=\u00a0\u00bb\u00a0\u00bb]<div class=\"clearboth\"><\/div><style>#thegem-divider-69f81a735b7be {margin-top: 80px !important;}<\/style><div id=\"thegem-divider-69f81a735b7be\" class=\"gem-divider  \" style=\"\" ><\/div>[vc_column_text css=\u00a0\u00bb\u00a0\u00bb]<\/p>\n<h2><span style=\"color: #6dadb6;\">Pourquoi REGEnLIFE ?<\/span><\/h2>\n<p>[\/vc_column_text][vc_empty_space height=\u00a0\u00bb10&Prime;][vc_column_text css=\u00a0\u00bb\u00a0\u00bb]<\/p>\n<p align=\"justify\"><strong>Un potentiel de march\u00e9 exceptionnel <\/strong>: L&rsquo;OMS estime que le co\u00fbt direct et indirect des d\u00e9mences dans le monde s&rsquo;\u00e9levait, en 2019, <strong>\u00e0 <\/strong>1300 Mds de $ et que les d\u00e9penses relatives aux th\u00e9rapies du syst\u00e8me nerveux central devraient atteindre 166 Mds de $ en 2028.<\/p>\n<p align=\"justify\"><strong>Une technologie diff\u00e9renciante <\/strong>: la technologie propri\u00e9taire de REGEnLIFE combine la photobiomodulation en double application cr\u00e2nienne et intestinale, offrant des perspectives uniques de traitement des pathologies neurologiques.<\/p>\n<p align=\"justify\"><strong>Un acc\u00e8s au march\u00e9 imminent dans l&rsquo;indication du traitement des commotions c\u00e9r\u00e9brales <\/strong>: REGEnLIFE est proche de la commercialisation, en UE, du premier dispositif de neurostimulation photonique approuv\u00e9 en neurologie.<\/p>\n<p align=\"justify\"><strong>Un pipeline prometteur <\/strong>: le portefeuille th\u00e9rapeutique de REGEnLIFE comprend la maladie d&rsquo;Alzheimer, la commotion c\u00e9r\u00e9brale, la d\u00e9pression, la scl\u00e9rose en plaque et les l\u00e9sions m\u00e9dullaires &#8230; avec un potentiel d&rsquo;application encore plus large. Plusieurs \u00e9tudes pr\u00e9cliniques et cliniques dans diff\u00e9rentes indications sont actuellement en cours avec des r\u00e9sultats initiaux montrant l&rsquo;efficacit\u00e9 du traitement, sa s\u00e9curit\u00e9, sa tr\u00e8s bonne tol\u00e9rance ainsi qu&rsquo;une excellente observance de la part des patients.<\/p>\n<p align=\"justify\"><strong>Des barri\u00e8res \u00e0 l&rsquo;entr\u00e9e \u00e9lev\u00e9es <\/strong>: le savoir-faire de REGEnLIFE, sa technologie propri\u00e9taire prot\u00e9g\u00e9e par 33 brevets r\u00e9partis en 4 familles et son r\u00e9seau de collaborations (CNRS, Universit\u00e9 Paris-Saclay, Aix-Marseille Universit\u00e9, H\u00f4pital europ\u00e9en Georges Pompidou, Universitat de Barcelona, H\u00f4pitaux de Toulouse, AP-HP .. ), constituent des atouts majeurs face <strong>\u00e0 <\/strong>la concurrence.<\/p>\n<p align=\"justify\"><strong>Un impact soci\u00e9tal fort <\/strong>: un projet qui pourrait transformer la vie de millions de patients et de leurs familles.<\/p>\n<p>[\/vc_column_text][vc_column_text css=\u00a0\u00bb\u00a0\u00bb]<\/p>\n<p style=\"text-align: left;\"><span style=\"color: #69abb4;\"><strong>Nous ne d\u00e9veloppons pas seulement des dispositifs m\u00e9dicaux innovants, nous construisons l&rsquo;avenir de la sant\u00e9 du cerveau. Avec nos partenaires investisseurs, nous pouvons acc\u00e9l\u00e9rer le passage de la recherche au traitement, et transformer une vision scientifique ambitieuse en r\u00e9alit\u00e9 clinique.<\/strong><\/span><\/p>\n<p>[\/vc_column_text]<div class=\"clearboth\"><\/div><style>#thegem-divider-69f81a735b7d8 {margin-top: 50px !important;}<\/style><div id=\"thegem-divider-69f81a735b7d8\" class=\"gem-divider  \" style=\"\" ><\/div>[\/vc_column][\/vc_row][vc_row custom_css_code=\u00a0\u00bbLmN1c3RvbS10aXRsZSUyMGgyJTdCJTBBJTIwJTIwJTIwJTIwbWFyZ2luLXJpZ2h0JTNBJTIwMzBweCUyMWltcG9ydGFudCUzQiUwQSUyMCUyMCUyMCUyMG1hcmdpbi1ib3R0b20lM0ElMjAwJTIxaW1wb3J0YW50JTNCJTBBJTIwJTIwJTIwJTIwbWFyZ2luLXRvcCUzQSUyMDAlMjFpbXBvcnRhbnQlM0IlMEElN0QlMEEuY3VzdG9tLXRpdGxlJTIwLnZjX3NlcF9saW5lJTIwJTdCJTBBJTIwJTIwJTIwJTIwdG9wJTNBJTIwMTJweCUyMWltcG9ydGFudCUzQiUwQSU3RCUwQS5nZW0taW5mb3RleHQlMjAlN0IlMEElMjAlMjAlMjAlMjB3aWR0aCUzQSUyMGF1dG8lMjFpbXBvcnRhbnQlM0IlMEElN0QlMEEuZ2VtLWluZm90ZXh0JTNBaG92ZXIlMjAlN0IlMEElMjAlMjAlMjAlMjBiYWNrZ3JvdW5kLWNvbG9yJTNBJTIwJTIzRjlFQUQ1JTIwJTIxaW1wb3J0YW50JTNCJTBBJTIwJTIwJTIwJTIwdHJhbnNpdGlvbiUzQSUyMGFsbCUyMDAuM3MlM0IlMEElN0QlMEE=\u00a0\u00bb css=\u00a0\u00bb.vc_custom_1726578673072{margin-bottom: 0px !important;}\u00a0\u00bb][vc_column css=\u00a0\u00bb.vc_custom_1726578677849{padding-top: 0px !important;}\u00a0\u00bb][vc_row_inner css=\u00a0\u00bb.vc_custom_1750919583643{margin-right: 90px !important;margin-left: 90px !important;background-color: #BED9DC !important;border-radius: 25px !important;}\u00a0\u00bb mobile_margin_left=\u00a0\u00bb0&Prime; mobile_margin_right=\u00a0\u00bb0&Prime;][vc_column_inner][vc_column_text css=\u00a0\u00bb\u00a0\u00bb]<\/p>\n<h5><strong>Le dispositif m\u00e9dical REGEnLIFE, bas\u00e9 sur une application cerveau-intestin avec des m\u00e9canismes d&rsquo;action sur le m\u00e9tabolisme cellulaire et l&rsquo;inflammation, constitue une innovation th\u00e9rapeutique en d\u00e9veloppement pour plusieurs affections neurologiques.<\/strong><\/h5>\n<p>[\/vc_column_text][\/vc_column_inner][\/vc_row_inner][\/vc_column][\/vc_row][vc_row custom_css_code=\u00a0\u00bbLmN1c3RvbS10aXRsZSUyMGgyJTdCJTBBJTIwJTIwJTIwJTIwbWFyZ2luLXJpZ2h0JTNBJTIwMzBweCUyMWltcG9ydGFudCUzQiUwQSUyMCUyMCUyMCUyMG1hcmdpbi1ib3R0b20lM0ElMjAwJTIxaW1wb3J0YW50JTNCJTBBJTIwJTIwJTIwJTIwbWFyZ2luLXRvcCUzQSUyMDAlMjFpbXBvcnRhbnQlM0IlMEElN0QlMEEuY3VzdG9tLXRpdGxlJTIwLnZjX3NlcF9saW5lJTIwJTdCJTBBJTIwJTIwJTIwJTIwdG9wJTNBJTIwMTJweCUyMWltcG9ydGFudCUzQiUwQSU3RCUwQS5nZW0taW5mb3RleHQlMjAlN0IlMEElMjAlMjAlMjAlMjB3aWR0aCUzQSUyMGF1dG8lMjFpbXBvcnRhbnQlM0IlMEElN0QlMEEuZ2VtLWluZm90ZXh0JTNBaG92ZXIlMjAlN0IlMEElMjAlMjAlMjAlMjBiYWNrZ3JvdW5kLWNvbG9yJTNBJTIwJTIzRjlFQUQ1JTIwJTIxaW1wb3J0YW50JTNCJTBBJTIwJTIwJTIwJTIwdHJhbnNpdGlvbiUzQSUyMGFsbCUyMDAuM3MlM0IlMEElN0QlMEE=\u00a0\u00bb css=\u00a0\u00bb.vc_custom_1726578673072{margin-bottom: 0px !important;}\u00a0\u00bb][vc_column css=\u00a0\u00bb.vc_custom_1726578677849{padding-top: 0px !important;}\u00a0\u00bb]<div class=\"clearboth\"><\/div><style>#thegem-divider-69f81a735b7ee {margin-top: 70px !important;}<\/style><div id=\"thegem-divider-69f81a735b7ee\" class=\"gem-divider  \" style=\"\" ><\/div>[vc_column_text css=\u00a0\u00bb\u00a0\u00bb]<\/p>\n<h2><span style=\"color: #6dadb6;\">D\u00e9veloppements pr\u00e9cliniques et cliniques (en cours ou publi\u00e9s)<\/span><\/h2>\n<p>[\/vc_column_text][\/vc_column][\/vc_row][vc_row custom_css_code=\u00a0\u00bbLmN1c3RvbS10aXRsZSUyMGgyJTdCJTBBJTIwJTIwJTIwJTIwbWFyZ2luLXJpZ2h0JTNBJTIwMzBweCUyMWltcG9ydGFudCUzQiUwQSUyMCUyMCUyMCUyMG1hcmdpbi1ib3R0b20lM0ElMjAwJTIxaW1wb3J0YW50JTNCJTBBJTIwJTIwJTIwJTIwbWFyZ2luLXRvcCUzQSUyMDAlMjFpbXBvcnRhbnQlM0IlMEElN0QlMEEuY3VzdG9tLXRpdGxlJTIwLnZjX3NlcF9saW5lJTIwJTdCJTBBJTIwJTIwJTIwJTIwdG9wJTNBJTIwMTJweCUyMWltcG9ydGFudCUzQiUwQSU3RCUwQS5nZW0taW5mb3RleHQlMjAlN0IlMEElMjAlMjAlMjAlMjB3aWR0aCUzQSUyMGF1dG8lMjFpbXBvcnRhbnQlM0IlMEElN0QlMEEuZ2VtLWluZm90ZXh0JTNBaG92ZXIlMjAlN0IlMEElMjAlMjAlMjAlMjBiYWNrZ3JvdW5kLWNvbG9yJTNBJTIwJTIzRjlFQUQ1JTIwJTIxaW1wb3J0YW50JTNCJTBBJTIwJTIwJTIwJTIwdHJhbnNpdGlvbiUzQSUyMGFsbCUyMDAuM3MlM0IlMEElN0QlMEE=\u00a0\u00bb css=\u00a0\u00bb.vc_custom_1726578673072{margin-bottom: 0px !important;}\u00a0\u00bb][vc_column css=\u00a0\u00bb.vc_custom_1726578677849{padding-top: 0px !important;}\u00a0\u00bb][vc_empty_space height=\u00a0\u00bb10&Prime;][vc_column_text css=\u00a0\u00bb\u00a0\u00bb]<\/p>\n<ul>\n<li><span style=\"color: #69abb4;\"><strong>Commotions c\u00e9r\u00e9brales <\/strong>:<\/span><br \/>\n<a href=\"https:\/\/regenlife.com\/2024\/06\/29\/photobiomodulation-transcranienne-une-future-option-therapeutique-pour-traiter-la-commotion-cerebrale-chez-les-sportifs\/\">L&rsquo;essai clinique pilote RECOVERY<\/a> incluant une cohorte de 50 sportifs trait\u00e9s moins de 72h apr\u00e8s le choc commotionnel a montr\u00e9 des r\u00e9sultats positifs (JF Chermann et coll. ISSC 2023) Demande d&rsquo;autorisation de mise sur le march\u00e9 en UE du dispositif RGn dans le traitement des commotions c\u00e9r\u00e9brales.<\/li>\n<li><span style=\"color: #69abb4;\"><strong>Maladie d&rsquo;Alzheimer <\/strong>:<\/span><br \/>\n<a href=\"https:\/\/regenlife.com\/2022\/11\/01\/a-randomized-double-blind-and-sham-controlled-trial-of-an-innovative-brain-gut-photobiomodulation-therapy-safety-and-patient-compliance\/\">L&rsquo;essai clinique pilote<\/a> a montr\u00e9 l&rsquo;absence d&rsquo;effets secondaires et des r\u00e9sultats prometteurs concernant l&rsquo;am\u00e9lioration cognitive de 43 patients sur 2 mois de traitement (Journal of Alzheimer&rsquo;s Disease, 2022).<br \/>\nL&rsquo;essai clinique pivot multicentrique LIGHT4LIFE en double-aveugle randomis\u00e9 inclut 108 patients, de stades l\u00e9gers \u00e0 mod\u00e9r\u00e9s, trait\u00e9s sur une p\u00e9riode de 6 mois. R\u00e9sultats attendus fin 2026.<\/li>\n<li><span style=\"color: #69abb4;\"><strong>D\u00e9pression <\/strong>:<\/span><br \/>\n<a href=\"https:\/\/regenlife.com\/2024\/06\/01\/brain-gut-photobiomodulation-restores-cognitive-alterations-in-chronically-stressed-mice-through-the-regulation-of-sirt1-and-neuroinflammation\/\">L&rsquo;\u00e9tude pr\u00e9clinique r\u00e9alis\u00e9e \u00e0 l&rsquo;Universit\u00e9 de Barcelone<\/a> a montr\u00e9 des r\u00e9sultats prometteurs en vue d&rsquo;une translation clinique. (Journal of Affective Disorders, 2023).<\/li>\n<li><span style=\"color: #69abb4;\"><strong>Scl\u00e9rose en plaques <\/strong>:<\/span><br \/>\n<a href=\"https:\/\/regenlife.com\/2024\/12\/18\/dorsoventral-photobiomodulation-therapy-safely-reduces-inflammation-and-sensorimotor-deficits-in-a-mouse-model-of-multiple-sclerosis\/\">L&rsquo;\u00e9tude pr\u00e9clinique r\u00e9alis\u00e9e au CNRS\/Universit\u00e9 Aix-Marseille<\/a> a montr\u00e9 des r\u00e9sultats prometteurs en vue d&rsquo;une translation clinique (Journal of Neuroinflammation 2024).<\/li>\n<li><span style=\"color: #69abb4;\"><strong>L\u00e9sion de la mo\u00eblle \u00e9pini\u00e8re <\/strong>:<\/span><br \/>\nL&rsquo;\u00e9tude pr\u00e9clinique au CNRS\/Universit\u00e9 Aix-Marseille est actuellement en cours.<\/li>\n<\/ul>\n<p>[\/vc_column_text][\/vc_column][\/vc_row]<\/p>\n<\/div>","protected":false},"excerpt":{"rendered":"<p>[vc_row full_width=\u00a0\u00bbstretch_row\u00a0\u00bb full_height=\u00a0\u00bbyes\u00a0\u00bb columns_placement=\u00a0\u00bbtop\u00a0\u00bb content_placement=\u00a0\u00bbmiddle\u00a0\u00bb el_disable_tablet=\u00a0\u00bb1&Prime; el_disable_mobile=\u00a0\u00bb1&Prime; custom_css_code=\u00a0\u00bbLmdlbS1pbWFnZS1jZW50ZXJlZC1ib3glMjAlN0IlMEElMjAlMjAlMjAlMjBtYXJnaW4tYm90dG9tJTNBJTIwMCUzQiUwQSU3RCUwQS5pbWctYm9yZGVyLXJhZGl1cyUyMGltZyU3QiUwQSUyMCUyMCUyMCUyMGJvcmRlci1yYWRpdXMlM0ElMjAzM3B4JTNCJTBBJTdEJTBBLmN1c3RvbS1pbmZvdGV4dCUyMCU3QiUwQSUyMCUyMCUyMCUyMHdpZHRoJTNBJTIwMjIwcHglM0IlMEElN0QlMEElNDBtZWRpYSUyOG1heC13aWR0aCUzQSUyMDk5MXB4JTI5JTdCJTBBJTIwJTIwJTIwJTIwLmN1c3RvbS1pbmZvdGV4dCUyMCU3QiUwQSUyMCUyMCUyMCUyMCUyMCUyMCUyMCUyMHdpZHRoJTNBJTIwMjAwcHglM0IlMEElMjAlMjAlMjAlMjAlN0QlMEElN0Q=\u00a0\u00bb css=\u00a0\u00bb.vc_custom_1762933741327{margin-bottom: 0px !important;padding-top: 15px !important;}\u00a0\u00bb tablet_padding_top=\u00a0\u00bb40&Prime; mobile_margin_top=\u00a0\u00bb-50&Prime; mobile_padding_top=\u00a0\u00bb60&Prime; row_title=\u00a0\u00bbDesktop\u00a0\u00bb][vc_column width=\u00a0\u00bb1\/2&Prime; css=\u00a0\u00bb.vc_custom_1758627900405{padding-top: 0px&#8230;<\/p>\n","protected":false},"author":1,"featured_media":4122,"parent":0,"menu_order":0,"comment_status":"closed","ping_status":"closed","template":"","meta":{"_acf_changed":false,"footnotes":""},"class_list":["post-2340","page","type-page","status-publish","has-post-thumbnail"],"acf":[],"_links":{"self":[{"href":"https:\/\/regenlife.com\/fr\/wp-json\/wp\/v2\/pages\/2340","targetHints":{"allow":["GET"]}}],"collection":[{"href":"https:\/\/regenlife.com\/fr\/wp-json\/wp\/v2\/pages"}],"about":[{"href":"https:\/\/regenlife.com\/fr\/wp-json\/wp\/v2\/types\/page"}],"author":[{"embeddable":true,"href":"https:\/\/regenlife.com\/fr\/wp-json\/wp\/v2\/users\/1"}],"replies":[{"embeddable":true,"href":"https:\/\/regenlife.com\/fr\/wp-json\/wp\/v2\/comments?post=2340"}],"version-history":[{"count":121,"href":"https:\/\/regenlife.com\/fr\/wp-json\/wp\/v2\/pages\/2340\/revisions"}],"predecessor-version":[{"id":6010,"href":"https:\/\/regenlife.com\/fr\/wp-json\/wp\/v2\/pages\/2340\/revisions\/6010"}],"wp:featuredmedia":[{"embeddable":true,"href":"https:\/\/regenlife.com\/fr\/wp-json\/wp\/v2\/media\/4122"}],"wp:attachment":[{"href":"https:\/\/regenlife.com\/fr\/wp-json\/wp\/v2\/media?parent=2340"}],"curies":[{"name":"wp","href":"https:\/\/api.w.org\/{rel}","templated":true}]}}