{"id":2722,"date":"2025-06-23T09:56:00","date_gmt":"2025-06-23T07:56:00","guid":{"rendered":"https:\/\/regenlife.com\/?page_id=2722"},"modified":"2026-01-19T18:53:20","modified_gmt":"2026-01-19T17:53:20","slug":"qui-sommes-nous","status":"publish","type":"page","link":"https:\/\/regenlife.com\/fr\/qui-sommes-nous\/","title":{"rendered":"QUI SOMMES-NOUS"},"content":{"rendered":"<div class=\"wpb-content-wrapper\"><p>[vc_row full_width=\u00a0\u00bbstretch_row\u00a0\u00bb equal_height=\u00a0\u00bbyes\u00a0\u00bb content_placement=\u00a0\u00bbmiddle\u00a0\u00bb custom_css_code=\u00a0\u00bbLmdlbS1pbWFnZS1jZW50ZXJlZC1ib3glMjAlN0IlMEElMjAlMjAlMjAlMjBtYXJnaW4tYm90dG9tJTNBJTIwMCUzQiUwQSU3RCUwQS5pbWctYm9yZGVyLXJhZGl1cyUyMGltZyU3QiUwQSUyMCUyMCUyMCUyMGJvcmRlci1yYWRpdXMlM0ElMjAzM3B4JTNCJTBBJTdEJTBBLmN1c3RvbS1pbmZvdGV4dCUyMCU3QiUwQSUyMCUyMCUyMCUyMHdpZHRoJTNBJTIwMjIwcHglM0IlMEElN0QlMEElNDBtZWRpYSUyOG1heC13aWR0aCUzQSUyMDk5MXB4JTI5JTdCJTBBJTIwJTIwJTIwJTIwLmN1c3RvbS1pbmZvdGV4dCUyMCU3QiUwQSUyMCUyMCUyMCUyMCUyMCUyMCUyMCUyMHdpZHRoJTNBJTIwMjAwcHglM0IlMEElMjAlMjAlMjAlMjAlN0QlMEElN0Q=\u00a0\u00bb css=\u00a0\u00bb.vc_custom_1758723465028{margin-bottom: 0px !important;padding-top: 85px !important;padding-bottom: 85px !important;}\u00a0\u00bb tablet_padding_top=\u00a0\u00bb60&Prime; el_class=\u00a0\u00bbBLOQUE1QUISOMMES\u00a0\u00bb][vc_column css=\u00a0\u00bb.vc_custom_1727864486746{padding-top: 0px !important;padding-right: 75px !important;}\u00a0\u00bb tablet_padding_right=\u00a0\u00bb42&Prime; mobile_padding_bottom=\u00a0\u00bb60&Prime; mobile_padding_right=\u00a0\u00bb21&Prime;]<div class=\"thegem-te-heading thegem-custom-69f81d2fcfdde3205\" ><h1 id=\"thegem-heading-69f81d2fcfd78\" class=\"thegem-heading title-h2 vc_custom_1768844937686\" style=\"text-align: left;\" ><span>\u00c0 PROPOS<\/span><\/h1><style type=\"text\/css\">#thegem-heading-69f81d2fcfd78 {margin: 0;}#thegem-heading-69f81d2fcfd78 a:hover, #thegem-heading-69f81d2fcfd78 a:hover span.colored {color: var(--thegem-to-menu-level1-color-hover, #00BCD4) !important;}<\/style><\/div><style>@media screen and (max-width: 1023px) {.thegem-te-heading.thegem-custom-69f81d2fcfdde3205{display: block!important;}}@media screen and (max-width: 767px) {.thegem-te-heading.thegem-custom-69f81d2fcfdde3205{display: block!important;}}@media screen and (max-width: 1023px) {.thegem-te-heading.thegem-custom-69f81d2fcfdde3205{position: relative !important;}}@media screen and (max-width: 767px) {.thegem-te-heading.thegem-custom-69f81d2fcfdde3205{position: relative !important;}}<\/style>[vc_column_text css=\u00a0\u00bb\u00a0\u00bb]<\/p>\n<h4><span data-keyword=\"Recherche et D\u00e9veloppement en Neurotechnologie\">Recherche et D\u00e9veloppement en Neurotechnologie<\/span><\/h4>\n<p>[\/vc_column_text][vc_column_text css=\u00a0\u00bb\u00a0\u00bb]<\/p>\n<h4 style=\"text-align: left;\"><span style=\"color: #69abb4;\"><strong>Dispositifs m\u00e9dicaux innovants contre la maladie d\u2019Alzheimer et autres affections neurologiques. <\/strong><\/span><\/h4>\n<p>[\/vc_column_text]<div class=\"thegem-te-heading thegem-custom-69f81d2fcff5d8679\" ><p id=\"thegem-heading-69f81d2fcff30\" class=\"thegem-heading text-body vc_custom_1768845161414\" style=\"text-align: left;\" ><span>REGEnLIFE est une soci\u00e9t\u00e9 innovante cr\u00e9\u00e9e en 2016 et bas\u00e9e \u00e0 Montpellier. Elle d\u00e9veloppe une nouvelle approche th\u00e9rapeutique pour la pr\u00e9vention et le traitement des affections neurologiques. Notre mission est de proposer une technologie capable d\u2019am\u00e9liorer la sant\u00e9 et le quotidien des patients atteints d\u2019affections neurologiques invalidantes comme la maladie d\u2019Alzheimer. Notre technologie, appel\u00e9e \u00ab Stimulation Tri-Photonique \u00bb, utilise la biophotonique associ\u00e9e \u00e0 des champs magn\u00e9tiques pour limiter le d\u00e9clin cognitif des patients et ralentir la progression de la maladie.<\/span><\/p><style type=\"text\/css\">#thegem-heading-69f81d2fcff30 {margin: 0;}#thegem-heading-69f81d2fcff30 a:hover, #thegem-heading-69f81d2fcff30 a:hover span.colored {color: var(--thegem-to-menu-level1-color-hover, #00BCD4) !important;}<\/style><\/div><style>@media screen and (max-width: 1023px) {.thegem-te-heading.thegem-custom-69f81d2fcff5d8679{display: block!important;}}@media screen and (max-width: 767px) {.thegem-te-heading.thegem-custom-69f81d2fcff5d8679{display: block!important;}}@media screen and (max-width: 1023px) {.thegem-te-heading.thegem-custom-69f81d2fcff5d8679{position: relative !important;}}@media screen and (max-width: 767px) {.thegem-te-heading.thegem-custom-69f81d2fcff5d8679{position: relative !important;}}<\/style>[vc_row_inner content_placement=\u00a0\u00bbbottom\u00a0\u00bb el_class=\u00a0\u00bbBOTONQUISOMMES\u00a0\u00bb][vc_column_inner width=\u00a0\u00bb5\/6&Prime;][vc_column_text css=\u00a0\u00bb\u00a0\u00bb][\/vc_column_text][\/vc_column_inner][vc_column_inner width=\u00a0\u00bb1\/6&Prime;][\/vc_column_inner][\/vc_row_inner][\/vc_column][\/vc_row][vc_row full_width=\u00a0\u00bbstretch_row\u00a0\u00bb background_position_desktop=\u00a0\u00bbleft top\u00a0\u00bb background_position_tablet=\u00a0\u00bbcenter center\u00a0\u00bb custom_css_code=\u00a0\u00bbLmN1c3RvbS1pbmZvdGV4dCUyMC5nZW0taW5mb3RleHQlMjAlN0IlMEElMjAlMjAlMjAlMjB3aWR0aCUzQSUyMGF1dG8lMjFpbXBvcnRhbnQlM0IlMEElN0QlMEEuY3VzdG9tLWluZm90ZXh0JTIwLmdlbS1pbmZvdGV4dCUzQWhvdmVyJTIwJTdCJTBBJTIwJTIwJTIwJTIwYmFja2dyb3VuZC1jb2xvciUzQSUyMCUyM0Y5RUFENSUyMCUyMWltcG9ydGFudCUzQiUwQSUyMCUyMCUyMCUyMHRyYW5zaXRpb24lM0ElMjBhbGwlMjAwLjNzJTNCJTBBJTdEJTBBJTBBLnJpZ2h0LWJ0biUyMC5nZW0tYnV0dG9uJTIwJTdCJTBBJTIwJTIwJTIwJTIwYm9yZGVyJTNBJTIwbm9uZSUzQiUwQSUyMCUyMCUyMCUyMGJvcmRlci1ib3R0b20lM0ElMjAxcHglMjBzb2xpZCUyMCUyM0ZFNjMyRCUyMWltcG9ydGFudCUzQiUwQSUyMCUyMCUyMCUyMGhlaWdodCUzQSUyMDMwcHglM0IlMEElN0QlMEEucmlnaHQtYnRuJTIwLmdlbS1idXR0b24lN0IlMEElMjAlMjAlMjAlMjBwb3NpdGlvbiUzQSUyMGFic29sdXRlJTNCJTBBJTIwJTIwJTIwJTIwcmlnaHQlM0ElMjAyMXB4JTNCJTBBJTIwJTIwJTIwJTIwdG9wJTNBJTIwNzNweCUzQiUwQSU3RCUwQSU0MG1lZGlhJTI4bWF4LXdpZHRoJTNBJTIwMTAyM3B4JTI5JTdCJTBBJTIwJTIwJTIwJTIwLnJpZ2h0LWJ0biUyMC5nZW0tYnV0dG9uJTdCJTBBJTIwJTIwJTIwJTIwJTIwJTIwJTIwJTIwJTIwdG9wJTNBJTIwNDhweCUzQiUwQSUyMCUyMCUyMCUyMCU3RCUwQSU3RCUwQSU0MG1lZGlhJTI4bWF4LXdpZHRoJTNBJTIwNzY3cHglMjklN0IlMEElMjAlMjAlMjAlMjAucmlnaHQtYnRuJTIwLmdlbS1idXR0b24lN0IlMEElMjAlMjAlMjAlMjAlMjAlMjAlMjAlMjAlMjBkaXNwbGF5JTNBJTIwbm9uZSUzQiUwQSUyMCUyMCUyMCUyMCU3RCUwQSU3RCUwQSUwQSUwQS5nZW0taW1hZ2UtY2VudGVyZWQtYm94JTIwJTdCJTBBJTIwJTIwJTIwJTIwbWFyZ2luLWJvdHRvbSUzQSUyMDAlM0IlMEElN0QlMEEuaW1nLWJvcmRlci1yYWRpdXMlMjBpbWclN0IlMEElMjAlMjAlMjAlMjBib3JkZXItcmFkaXVzJTNBJTIwMzNweCUzQiUwQSU3RA==\u00a0\u00bb css=\u00a0\u00bb.vc_custom_1727872205553{margin-bottom: 0px !important;background-image: url(https:\/\/regenlife.com\/wp-content\/uploads\/2024\/09\/faq-bg.png?id=71) !important;background-position: center !important;background-repeat: no-repeat !important;background-size: cover !important;}\u00a0\u00bb][vc_column css=\u00a0\u00bb.vc_custom_1727871320583{padding-top: 90px !important;padding-bottom: 90px !important;}\u00a0\u00bb tablet_padding_top=\u00a0\u00bb70&Prime; tablet_padding_bottom=\u00a0\u00bb70&Prime;][vc_row_inner equal_height=\u00a0\u00bbyes\u00a0\u00bb content_placement=\u00a0\u00bbmiddle\u00a0\u00bb css=\u00a0\u00bb.vc_custom_1727872620562{margin-bottom: 0px !important;padding-top: 40px !important;}\u00a0\u00bb tablet_padding_top=\u00a0\u00bb30&Prime; mobile_padding_top=\u00a0\u00bb50&Prime;][vc_column_inner width=\u00a0\u00bb1\/2&Prime; mobile_padding_bottom=\u00a0\u00bb70&Prime;]<div class=\"thegem-te-heading thegem-custom-69f81d2fd003e5364\" ><h3 id=\"thegem-heading-69f81d2fd0020\" class=\"thegem-heading title-h4 NEGRITA vc_custom_1768845029941\" style=\"text-align: left;\" ><span class=\"colored\" style=\"color: #69ABB4;\">Une \u00e9quipe et des partenaires \u00e0 la mesure des enjeux.<\/span><\/h3><style type=\"text\/css\">#thegem-heading-69f81d2fd0020 {margin: 0;}#thegem-heading-69f81d2fd0020 a:hover, #thegem-heading-69f81d2fd0020 a:hover span.colored {color: var(--thegem-to-menu-level1-color-hover, #00BCD4) !important;}<\/style><\/div><style>@media screen and (max-width: 1023px) {.thegem-te-heading.thegem-custom-69f81d2fd003e5364{display: block!important;}}@media screen and (max-width: 767px) {.thegem-te-heading.thegem-custom-69f81d2fd003e5364{display: block!important;}}@media screen and (max-width: 1023px) {.thegem-te-heading.thegem-custom-69f81d2fd003e5364{position: relative !important;}}@media screen and (max-width: 767px) {.thegem-te-heading.thegem-custom-69f81d2fd003e5364{position: relative !important;}}<\/style><style>.thegem-custom-69f81d2fd00d81302 .gem-icon-inner {background-color: #DCF5F2;}.thegem-custom-69f81d2fd00d81302 .gem-icon-half-1 {color: #00635F;}.thegem-custom-69f81d2fd00d81302 .gem-icon-half-2 {color: #00635F;}.thegem-custom-69f81d2fd00d81302 .gem-icon-style-gradient .back-angle {background: linear-gradient( to bottom, #00635F, ); -webkit-text-fill-color: transparent; -webkit-background-clip: text;}.thegem-custom-69f81d2fd00d81302 .gem-icon  {border-color: #DCF5F2;border-color: #DCF5F2;}.thegem-custom-69f81d2fd00d81302 .gem-icon  {font-size: 22px;}.thegem-custom-69f81d2fd00d81302 .gem-icon:not(.gem-simple-icon) .gem-icon-inner {width: 33px; height: 33px; line-height: 33px;}.thegem-custom-69f81d2fd00d81302 .gem-icon.gem-simple-icon {width: 22px; height: 22px; line-height: 22px;}.gem-infotext.thegem-custom-69f81d2fd00d81302 .gem-infotext-icon {margin-top:-2px !important;}.gem-infotext.thegem-custom-69f81d2fd00d81302 .gem-infotext-icon {margin-right:20px !important;}<\/style><div class=\"gem-infotext vc_custom_1751358512136 alignment-left thegem-custom-69f81d2fd00d81302\"> <div class=\"gem-infotext-wrap position--left vertical--top\"> <div class=\"gem-infotext-icon\"> <div class=\"gem-icon gem-icon-pack-elegant gem-icon-size-custom gem-icon-shape-circle\"> <div class=\"gem-icon-inner\"><span class=\"gem-icon-half-1\"><span class=\"back-angle\">&#x4e;<\/span><\/span><span class=\"gem-icon-half-2\"><span class=\"back-angle\">&#x4e;<\/span><\/span><\/div> <\/div> <\/div> <div class=\"gem-infotext\"> <div class=\"gem-infotext__title\"> <div class=\"title-customize text-body\" style=\"\"> <b>Professionnels, experts, ing\u00e9nieurs et chercheurs r\u00e9unis dans une dynamique multidisciplinaire <\/b>: nouvelles technologies, optique, photonique, \u00e9lectronique, sciences physiques, sant\u00e9 publique, m\u00e9decine, neurologie et neurosciences. <\/div> <\/div> <\/div> <\/div> <\/div><style>.thegem-custom-69f81d2fd019e5448 .gem-icon-inner {background-color: #DCF5F2;}.thegem-custom-69f81d2fd019e5448 .gem-icon-half-1 {color: #00635F;}.thegem-custom-69f81d2fd019e5448 .gem-icon-half-2 {color: #00635F;}.thegem-custom-69f81d2fd019e5448 .gem-icon-style-gradient .back-angle {background: linear-gradient( to bottom, #00635F, ); -webkit-text-fill-color: transparent; -webkit-background-clip: text;}.thegem-custom-69f81d2fd019e5448 .gem-icon  {border-color: #DCF5F2;border-color: #DCF5F2;}.thegem-custom-69f81d2fd019e5448 .gem-icon  {font-size: 22px;}.thegem-custom-69f81d2fd019e5448 .gem-icon:not(.gem-simple-icon) .gem-icon-inner {width: 33px; height: 33px; line-height: 33px;}.thegem-custom-69f81d2fd019e5448 .gem-icon.gem-simple-icon {width: 22px; height: 22px; line-height: 22px;}.gem-infotext.thegem-custom-69f81d2fd019e5448 .gem-infotext-icon {margin-top:-2px !important;}.gem-infotext.thegem-custom-69f81d2fd019e5448 .gem-infotext-icon {margin-right:20px !important;}<\/style><div class=\"gem-infotext vc_custom_1751358520429 alignment-left thegem-custom-69f81d2fd019e5448\"> <div class=\"gem-infotext-wrap position--left vertical--top\"> <div class=\"gem-infotext-icon\"> <div class=\"gem-icon gem-icon-pack-elegant gem-icon-size-custom gem-icon-shape-circle\"> <div class=\"gem-icon-inner\"><span class=\"gem-icon-half-1\"><span class=\"back-angle\">&#x4e;<\/span><\/span><span class=\"gem-icon-half-2\"><span class=\"back-angle\">&#x4e;<\/span><\/span><\/div> <\/div> <\/div> <div class=\"gem-infotext\"> <div class=\"gem-infotext__title\"> <div class=\"title-customize text-body\" style=\"\"> <b>Un conseil scientifique pr\u00e9sid\u00e9 par le professeur Jacques Touchon<\/b>, expert mondial de la maladie d\u2019Alzheimer. <\/div> <\/div> <\/div> <\/div> <\/div><style>.thegem-custom-69f81d2fd021b6345 .gem-icon-inner {background-color: #DCF5F2;}.thegem-custom-69f81d2fd021b6345 .gem-icon-half-1 {color: #00635F;}.thegem-custom-69f81d2fd021b6345 .gem-icon-half-2 {color: #00635F;}.thegem-custom-69f81d2fd021b6345 .gem-icon-style-gradient .back-angle {background: linear-gradient( to bottom, #00635F, ); -webkit-text-fill-color: transparent; -webkit-background-clip: text;}.thegem-custom-69f81d2fd021b6345 .gem-icon  {border-color: #DCF5F2;border-color: #DCF5F2;}.thegem-custom-69f81d2fd021b6345 .gem-icon  {font-size: 22px;}.thegem-custom-69f81d2fd021b6345 .gem-icon:not(.gem-simple-icon) .gem-icon-inner {width: 33px; height: 33px; line-height: 33px;}.thegem-custom-69f81d2fd021b6345 .gem-icon.gem-simple-icon {width: 22px; height: 22px; line-height: 22px;}.gem-infotext.thegem-custom-69f81d2fd021b6345 .gem-infotext-icon {margin-top:-2px !important;}.gem-infotext.thegem-custom-69f81d2fd021b6345 .gem-infotext-icon {margin-right:20px !important;}<\/style><div class=\"gem-infotext alignment-left thegem-custom-69f81d2fd021b6345\"> <div class=\"gem-infotext-wrap position--left vertical--top\"> <div class=\"gem-infotext-icon\"> <div class=\"gem-icon gem-icon-pack-elegant gem-icon-size-custom gem-icon-shape-circle\"> <div class=\"gem-icon-inner\"><span class=\"gem-icon-half-1\"><span class=\"back-angle\">&#x4e;<\/span><\/span><span class=\"gem-icon-half-2\"><span class=\"back-angle\">&#x4e;<\/span><\/span><\/div> <\/div> <\/div> <div class=\"gem-infotext\"> <div class=\"gem-infotext__title\"> <div class=\"title-customize text-body\" style=\"\"> <b>Des partenaires reconnus \u00e0 l\u2019international.<\/b> <\/div> <\/div> <\/div> <\/div> <\/div>[\/vc_column_inner][vc_column_inner width=\u00a0\u00bb1\/2&Prime;]<div class=\"centered-box gem-image-centered-box\" ><div class=\"gem-image gem-wrapbox gem-wrapbox-style-default gem-wrapbox-position-centered img-border-radius thegem-custom-69f81d2fd02848555\"  style=\"\" ><div class=\"gem-wrapbox-inner \" ><img class=\"gem-wrapbox-element img-responsive\" src=\"https:\/\/regenlife.com\/wp-content\/uploads\/2025\/07\/Photo_Qui-sommes-nous_1000x720-copie-1.jpg\" alt=\"\"\/><\/div><\/div><\/div>[\/vc_column_inner][\/vc_row_inner][vc_row_inner equal_height=\u00a0\u00bbyes\u00a0\u00bb content_placement=\u00a0\u00bbmiddle\u00a0\u00bb css=\u00a0\u00bb.vc_custom_1750965186337{margin-bottom: 0px !important;padding-top: 40px !important;padding-bottom: 0px !important;}\u00a0\u00bb tablet_padding_top=\u00a0\u00bb30&Prime; mobile_padding_top=\u00a0\u00bb50&Prime;][vc_column_inner mobile_padding_bottom=\u00a0\u00bb70&Prime; mobile_margin_bottom=\u00a0\u00bb-30&Prime;]<div class=\"thegem-te-heading thegem-custom-69f81d2fd084e5417\" ><h3 id=\"thegem-heading-69f81d2fd082e\" class=\"thegem-heading title-h4 NEGRITA vc_custom_1768845039709\" style=\"text-align: left;\" ><span class=\"colored\" style=\"color: #69ABB4;\">Tous engag\u00e9s par conviction dans une m\u00eame d\u00e9marche rigoureuse :<\/span><\/h3><style type=\"text\/css\">#thegem-heading-69f81d2fd082e {margin: 0;}#thegem-heading-69f81d2fd082e a:hover, #thegem-heading-69f81d2fd082e a:hover span.colored {color: var(--thegem-to-menu-level1-color-hover, #00BCD4) !important;}<\/style><\/div><style>@media screen and (max-width: 1023px) {.thegem-te-heading.thegem-custom-69f81d2fd084e5417{display: block!important;}}@media screen and (max-width: 767px) {.thegem-te-heading.thegem-custom-69f81d2fd084e5417{display: block!important;}}@media screen and (max-width: 1023px) {.thegem-te-heading.thegem-custom-69f81d2fd084e5417{position: relative !important;}}@media screen and (max-width: 767px) {.thegem-te-heading.thegem-custom-69f81d2fd084e5417{position: relative !important;}}<\/style><style>.thegem-custom-69f81d2fd08a18708 .gem-icon-inner {background-color: #DCF5F2;}.thegem-custom-69f81d2fd08a18708 .gem-icon-half-1 {color: #00635F;}.thegem-custom-69f81d2fd08a18708 .gem-icon-half-2 {color: #00635F;}.thegem-custom-69f81d2fd08a18708 .gem-icon-style-gradient .back-angle {background: linear-gradient( to bottom, #00635F, ); -webkit-text-fill-color: transparent; -webkit-background-clip: text;}.thegem-custom-69f81d2fd08a18708 .gem-icon  {border-color: #DCF5F2;border-color: #DCF5F2;}.thegem-custom-69f81d2fd08a18708 .gem-icon  {font-size: 22px;}.thegem-custom-69f81d2fd08a18708 .gem-icon:not(.gem-simple-icon) .gem-icon-inner {width: 33px; height: 33px; line-height: 33px;}.thegem-custom-69f81d2fd08a18708 .gem-icon.gem-simple-icon {width: 22px; height: 22px; line-height: 22px;}.gem-infotext.thegem-custom-69f81d2fd08a18708 .gem-infotext-icon {margin-top:-2px !important;}.gem-infotext.thegem-custom-69f81d2fd08a18708 .gem-infotext-icon {margin-right:20px !important;}<\/style><div class=\"gem-infotext alignment-left thegem-custom-69f81d2fd08a18708\"> <div class=\"gem-infotext-wrap position--left vertical--top\"> <div class=\"gem-infotext-icon\"> <div class=\"gem-icon gem-icon-pack-elegant gem-icon-size-custom gem-icon-shape-circle\"> <div class=\"gem-icon-inner\"><span class=\"gem-icon-half-1\"><span class=\"back-angle\">&#x4e;<\/span><\/span><span class=\"gem-icon-half-2\"><span class=\"back-angle\">&#x4e;<\/span><\/span><\/div> <\/div> <\/div> <div class=\"gem-infotext\"> <div class=\"gem-infotext__title\"> <div class=\"title-customize text-body\" style=\"\"> La stricte application d\u2019une m\u00e9thodologie scientifique et des exigences r\u00e8glementaires dans nos d\u00e9veloppements R&amp;D <\/div> <\/div> <\/div> <\/div> <\/div>[vc_empty_space]<style>.thegem-custom-69f81d2fd0927691 .gem-icon-inner {background-color: #DCF5F2;}.thegem-custom-69f81d2fd0927691 .gem-icon-half-1 {color: #00635F;}.thegem-custom-69f81d2fd0927691 .gem-icon-half-2 {color: #00635F;}.thegem-custom-69f81d2fd0927691 .gem-icon-style-gradient .back-angle {background: linear-gradient( to bottom, #00635F, ); -webkit-text-fill-color: transparent; -webkit-background-clip: text;}.thegem-custom-69f81d2fd0927691 .gem-icon  {border-color: #DCF5F2;border-color: #DCF5F2;}.thegem-custom-69f81d2fd0927691 .gem-icon  {font-size: 22px;}.thegem-custom-69f81d2fd0927691 .gem-icon:not(.gem-simple-icon) .gem-icon-inner {width: 33px; height: 33px; line-height: 33px;}.thegem-custom-69f81d2fd0927691 .gem-icon.gem-simple-icon {width: 22px; height: 22px; line-height: 22px;}.gem-infotext.thegem-custom-69f81d2fd0927691 .gem-infotext-icon {margin-top:-2px !important;}.gem-infotext.thegem-custom-69f81d2fd0927691 .gem-infotext-icon {margin-right:20px !important;}<\/style><div class=\"gem-infotext alignment-left thegem-custom-69f81d2fd0927691\"> <div class=\"gem-infotext-wrap position--left vertical--top\"> <div class=\"gem-infotext-icon\"> <div class=\"gem-icon gem-icon-pack-elegant gem-icon-size-custom gem-icon-shape-circle\"> <div class=\"gem-icon-inner\"><span class=\"gem-icon-half-1\"><span class=\"back-angle\">&#x4e;<\/span><\/span><span class=\"gem-icon-half-2\"><span class=\"back-angle\">&#x4e;<\/span><\/span><\/div> <\/div> <\/div> <div class=\"gem-infotext\"> <div class=\"gem-infotext__title\"> <div class=\"title-customize text-body\" style=\"\"> Une d\u00e9marche qualit\u00e9 certifi\u00e9e selon la norme <strong>ISO 13485 : 2016.<\/strong> <\/div> <\/div> <\/div> <\/div> <\/div>[\/vc_column_inner][\/vc_row_inner][vc_row_inner equal_height=\u00a0\u00bbyes\u00a0\u00bb content_placement=\u00a0\u00bbmiddle\u00a0\u00bb css=\u00a0\u00bb.vc_custom_1727872620562{margin-bottom: 0px !important;padding-top: 40px !important;}\u00a0\u00bb tablet_padding_top=\u00a0\u00bb30&Prime; mobile_padding_top=\u00a0\u00bb50&Prime;][vc_column_inner mobile_padding_bottom=\u00a0\u00bb70&Prime; mobile_margin_bottom=\u00a0\u00bb-30&Prime;]<div class=\"thegem-te-heading thegem-custom-69f81d2fd09f95503\" ><h2 id=\"thegem-heading-69f81d2fd09e1\" class=\"thegem-heading title-h4 NEGRITA vc_custom_1768845055120\" style=\"text-align: left;\" ><span class=\"colored\" style=\"color: #69ABB4;\">Une technologie indolore, non invasive et non m\u00e9dicamenteuse.<\/span><\/h2><style type=\"text\/css\">#thegem-heading-69f81d2fd09e1 {margin: 0;}#thegem-heading-69f81d2fd09e1 a:hover, #thegem-heading-69f81d2fd09e1 a:hover span.colored {color: var(--thegem-to-menu-level1-color-hover, #00BCD4) !important;}<\/style><\/div><style>@media screen and (max-width: 1023px) {.thegem-te-heading.thegem-custom-69f81d2fd09f95503{display: block!important;}}@media screen and (max-width: 767px) {.thegem-te-heading.thegem-custom-69f81d2fd09f95503{display: block!important;}}@media screen and (max-width: 1023px) {.thegem-te-heading.thegem-custom-69f81d2fd09f95503{position: relative !important;}}@media screen and (max-width: 767px) {.thegem-te-heading.thegem-custom-69f81d2fd09f95503{position: relative !important;}}<\/style>[vc_column_text css=\u00a0\u00bb.vc_custom_1768845123704{margin-bottom: 0px !important;}\u00a0\u00bb]<\/p>\n<p align=\"justify\">La \u00ab stimulation Tri-Photonique \u00bb, \u00e9labor\u00e9e par notre service de <span data-keyword=\"Recherche et D\u00e9veloppement\">Recherche &amp; D\u00e9veloppement<\/span>, est issue de la ma\u00eetrise approfondie des param\u00e8tres de la photobiomodulation. Cette derni\u00e8re, bas\u00e9e sur les sciences physiques est largement \u00e9prouv\u00e9e dans d\u2019autres applications (oncologie, dermatologie, esth\u00e9tique, dentaire\u2026). Historiquement d\u00e9velopp\u00e9e par la NASA pour ses effets cicatrisants, elle peut enfin<strong> faire son entr\u00e9e et exprimer tout son potentiel dans le domaine de la neurologie.<\/strong><\/p>\n<p>[\/vc_column_text][\/vc_column_inner][\/vc_row_inner][\/vc_column][\/vc_row][vc_row custom_css_code=\u00a0\u00bbLmN1c3RvbS10aXRsZSUyMGgyJTdCJTBBJTIwJTIwJTIwJTIwbWFyZ2luLXJpZ2h0JTNBJTIwMzBweCUyMWltcG9ydGFudCUzQiUwQSUyMCUyMCUyMCUyMG1hcmdpbi1ib3R0b20lM0ElMjAwJTIxaW1wb3J0YW50JTNCJTBBJTIwJTIwJTIwJTIwbWFyZ2luLXRvcCUzQSUyMDAlMjFpbXBvcnRhbnQlM0IlMEElN0QlMEEuY3VzdG9tLXRpdGxlJTIwLnZjX3NlcF9saW5lJTIwJTdCJTBBJTIwJTIwJTIwJTIwdG9wJTNBJTIwMTJweCUyMWltcG9ydGFudCUzQiUwQSU3RCUwQS5nZW0taW5mb3RleHQlMjAlN0IlMEElMjAlMjAlMjAlMjB3aWR0aCUzQSUyMGF1dG8lMjFpbXBvcnRhbnQlM0IlMEElN0QlMEEuZ2VtLWluZm90ZXh0JTNBaG92ZXIlMjAlN0IlMEElMjAlMjAlMjAlMjBiYWNrZ3JvdW5kLWNvbG9yJTNBJTIwJTIzRjlFQUQ1JTIwJTIxaW1wb3J0YW50JTNCJTBBJTIwJTIwJTIwJTIwdHJhbnNpdGlvbiUzQSUyMGFsbCUyMDAuM3MlM0IlMEElN0QlMEE=\u00a0\u00bb css=\u00a0\u00bb.vc_custom_1750667654643{margin-bottom: 0px !important;padding-top: 80px !important;}\u00a0\u00bb][vc_column css=\u00a0\u00bb.vc_custom_1726578677849{padding-top: 0px !important;}\u00a0\u00bb][vc_row_inner content_placement=\u00a0\u00bbbottom\u00a0\u00bb][vc_column_inner]<style type=\"text\/css\">.thegem-button-69f81d2fd0a7a4203 .gem-button svg {fill: #000000;}<\/style><div class=\"gem-button-container gem-button-position-left thegem-button-69f81d2fd0a7a4203 QUITARLINK   \"  ><a class=\"gem-button gem-button-size-small gem-button-style-flat gem-button-text-weight-normal\" data-ll-effect=\"drop-right-without-wrap\" style=\"border-radius: 0px;background-color: #BED9DC;color: #000000;\" onmouseleave=\"this.style.backgroundColor='#BED9DC';this.style.color='#000000';\" onmouseenter=\"\" href=\"\" target=\"_self\" role=\"button\">HISTORIQUE<\/a><\/div> [\/vc_column_inner][\/vc_row_inner][vc_single_image image=\u00a0\u00bb3730&Prime; img_size=\u00a0\u00bbfull\u00a0\u00bb alignment=\u00a0\u00bbcenter\u00a0\u00bb css=\u00a0\u00bb\u00a0\u00bb][vc_single_image image=\u00a0\u00bb3731&Prime; img_size=\u00a0\u00bbfull\u00a0\u00bb alignment=\u00a0\u00bbcenter\u00a0\u00bb css=\u00a0\u00bb\u00a0\u00bb][\/vc_column][\/vc_row]<\/p>\n<\/div>","protected":false},"excerpt":{"rendered":"<p>[vc_row full_width=\u00a0\u00bbstretch_row\u00a0\u00bb equal_height=\u00a0\u00bbyes\u00a0\u00bb content_placement=\u00a0\u00bbmiddle\u00a0\u00bb custom_css_code=\u00a0\u00bbLmdlbS1pbWFnZS1jZW50ZXJlZC1ib3glMjAlN0IlMEElMjAlMjAlMjAlMjBtYXJnaW4tYm90dG9tJTNBJTIwMCUzQiUwQSU3RCUwQS5pbWctYm9yZGVyLXJhZGl1cyUyMGltZyU3QiUwQSUyMCUyMCUyMCUyMGJvcmRlci1yYWRpdXMlM0ElMjAzM3B4JTNCJTBBJTdEJTBBLmN1c3RvbS1pbmZvdGV4dCUyMCU3QiUwQSUyMCUyMCUyMCUyMHdpZHRoJTNBJTIwMjIwcHglM0IlMEElN0QlMEElNDBtZWRpYSUyOG1heC13aWR0aCUzQSUyMDk5MXB4JTI5JTdCJTBBJTIwJTIwJTIwJTIwLmN1c3RvbS1pbmZvdGV4dCUyMCU3QiUwQSUyMCUyMCUyMCUyMCUyMCUyMCUyMCUyMHdpZHRoJTNBJTIwMjAwcHglM0IlMEElMjAlMjAlMjAlMjAlN0QlMEElN0Q=\u00a0\u00bb css=\u00a0\u00bb.vc_custom_1758723465028{margin-bottom: 0px !important;padding-top: 85px !important;padding-bottom: 85px !important;}\u00a0\u00bb tablet_padding_top=\u00a0\u00bb60&Prime; el_class=\u00a0\u00bbBLOQUE1QUISOMMES\u00a0\u00bb][vc_column css=\u00a0\u00bb.vc_custom_1727864486746{padding-top: 0px !important;padding-right: 75px !important;}\u00a0\u00bb tablet_padding_right=\u00a0\u00bb42&Prime;&#8230;<\/p>\n","protected":false},"author":1,"featured_media":3923,"parent":0,"menu_order":0,"comment_status":"closed","ping_status":"closed","template":"","meta":{"_acf_changed":false,"footnotes":""},"class_list":["post-2722","page","type-page","status-publish","has-post-thumbnail"],"acf":[],"_links":{"self":[{"href":"https:\/\/regenlife.com\/fr\/wp-json\/wp\/v2\/pages\/2722","targetHints":{"allow":["GET"]}}],"collection":[{"href":"https:\/\/regenlife.com\/fr\/wp-json\/wp\/v2\/pages"}],"about":[{"href":"https:\/\/regenlife.com\/fr\/wp-json\/wp\/v2\/types\/page"}],"author":[{"embeddable":true,"href":"https:\/\/regenlife.com\/fr\/wp-json\/wp\/v2\/users\/1"}],"replies":[{"embeddable":true,"href":"https:\/\/regenlife.com\/fr\/wp-json\/wp\/v2\/comments?post=2722"}],"version-history":[{"count":47,"href":"https:\/\/regenlife.com\/fr\/wp-json\/wp\/v2\/pages\/2722\/revisions"}],"predecessor-version":[{"id":5950,"href":"https:\/\/regenlife.com\/fr\/wp-json\/wp\/v2\/pages\/2722\/revisions\/5950"}],"wp:featuredmedia":[{"embeddable":true,"href":"https:\/\/regenlife.com\/fr\/wp-json\/wp\/v2\/media\/3923"}],"wp:attachment":[{"href":"https:\/\/regenlife.com\/fr\/wp-json\/wp\/v2\/media?parent=2722"}],"curies":[{"name":"wp","href":"https:\/\/api.w.org\/{rel}","templated":true}]}}