{"id":2756,"date":"2025-06-23T11:18:45","date_gmt":"2025-06-23T09:18:45","guid":{"rendered":"https:\/\/regenlife.com\/?page_id=2756"},"modified":"2026-02-23T09:37:42","modified_gmt":"2026-02-23T08:37:42","slug":"equipe","status":"publish","type":"page","link":"https:\/\/regenlife.com\/fr\/equipe\/","title":{"rendered":"QUI SOMMES-NOUS"},"content":{"rendered":"<div class=\"wpb-content-wrapper\"><p>[vc_row full_width=\u00a0\u00bbstretch_row\u00a0\u00bb equal_height=\u00a0\u00bbyes\u00a0\u00bb content_placement=\u00a0\u00bbmiddle\u00a0\u00bb custom_css_code=\u00a0\u00bbLmdlbS1pbWFnZS1jZW50ZXJlZC1ib3glMjAlN0IlMEElMjAlMjAlMjAlMjBtYXJnaW4tYm90dG9tJTNBJTIwMCUzQiUwQSU3RCUwQS5pbWctYm9yZGVyLXJhZGl1cyUyMGltZyU3QiUwQSUyMCUyMCUyMCUyMGJvcmRlci1yYWRpdXMlM0ElMjAzM3B4JTNCJTBBJTdEJTBBLmN1c3RvbS1pbmZvdGV4dCUyMCU3QiUwQSUyMCUyMCUyMCUyMHdpZHRoJTNBJTIwMjIwcHglM0IlMEElN0QlMEElNDBtZWRpYSUyOG1heC13aWR0aCUzQSUyMDk5MXB4JTI5JTdCJTBBJTIwJTIwJTIwJTIwLmN1c3RvbS1pbmZvdGV4dCUyMCU3QiUwQSUyMCUyMCUyMCUyMCUyMCUyMCUyMCUyMHdpZHRoJTNBJTIwMjAwcHglM0IlMEElMjAlMjAlMjAlMjAlN0QlMEElN0Q=\u00a0\u00bb css=\u00a0\u00bb.vc_custom_1758895667230{margin-bottom: 0px !important;padding-top: 85px !important;padding-right: 185px !important;padding-bottom: 85px !important;padding-left: 205px !important;}\u00a0\u00bb tablet_padding_top=\u00a0\u00bb160&Prime; el_class=\u00a0\u00bbBLOQUE1QUISOMMES\u00a0\u00bb mobile_padding_left=\u00a0\u00bb10&Prime; mobile_padding_right=\u00a0\u00bb10&Prime; mobile_margin_bottom=\u00a0\u00bb-180&Prime; mobile_padding_top=\u00a0\u00bb60&Prime;][vc_column css=\u00a0\u00bb.vc_custom_1727864486746{padding-top: 0px !important;padding-right: 75px !important;}\u00a0\u00bb tablet_padding_right=\u00a0\u00bb42&Prime; mobile_padding_bottom=\u00a0\u00bb60&Prime; mobile_padding_right=\u00a0\u00bb21&Prime;][vc_row_inner content_placement=\u00a0\u00bbtop\u00a0\u00bb css=\u00a0\u00bb.vc_custom_1750965934232{margin-bottom: 0px !important;}\u00a0\u00bb el_class=\u00a0\u00bbTEAMREGEN\u00a0\u00bb mobile_margin_bottom=\u00a0\u00bb0&Prime;][vc_column_inner width=\u00a0\u00bb2\/3&Prime;][vc_column_text css=\u00a0\u00bb\u00a0\u00bb][\/vc_column_text]<div class=\"thegem-te-heading thegem-custom-69f81a8f5ff3c9509\" ><div id=\"thegem-heading-69f81a8f5fee9\" class=\"thegem-heading title-h2 vc_custom_1750670706904\" style=\"text-align: left;\" ><span>\u00c9QUIPE<\/span><\/div><style type=\"text\/css\">#thegem-heading-69f81a8f5fee9 {margin: 0;}#thegem-heading-69f81a8f5fee9 a:hover, #thegem-heading-69f81a8f5fee9 a:hover span.colored {color: var(--thegem-to-menu-level1-color-hover, #00BCD4) !important;}<\/style><\/div><style>@media screen and (max-width: 1023px) {.thegem-te-heading.thegem-custom-69f81a8f5ff3c9509{display: block!important;}}@media screen and (max-width: 767px) {.thegem-te-heading.thegem-custom-69f81a8f5ff3c9509{display: block!important;}}@media screen and (max-width: 1023px) {.thegem-te-heading.thegem-custom-69f81a8f5ff3c9509{position: relative !important;}}@media screen and (max-width: 767px) {.thegem-te-heading.thegem-custom-69f81a8f5ff3c9509{position: relative !important;}}<\/style>[\/vc_column_inner][vc_column_inner el_class=\u00a0\u00bbCONTENEDORBOTONEQUIPE\u00a0\u00bb width=\u00a0\u00bb1\/3&Prime;][\/vc_column_inner][\/vc_row_inner][vc_column_text css=\u00a0\u00bb.vc_custom_1751361710978{margin-top: 0px !important;}\u00a0\u00bb el_id=\u00a0\u00bbdirigeante\u00a0\u00bb]<\/p>\n<h3 style=\"text-align: left;\">Equipe dirigeante<\/h3>\n<p>[\/vc_column_text]<div class=\"gem-team row inline-row gem-team-equal-height gem-team-style-4\" > <div class=\"col-md-3 col-sm-6 col-xs-12 inline-column\"> <div id=\"post-2810\" class=\"team-person bordered-box centered-box post-2810 thegem_team_person type-thegem_team_person status-publish has-post-thumbnail\" style=\"background-color: #FFFFFF; \"> <div class=\"team-person-image\"><span><img width=\"160\" height=\"160\" src=\"https:\/\/regenlife.com\/wp-content\/uploads\/2025\/07\/Cristofini-thegem-person-160.jpg\" class=\"img-responsive wp-post-image\" alt=\"Cristofini Portrait\" srcset=\"https:\/\/regenlife.com\/wp-content\/uploads\/2025\/07\/Cristofini-thegem-person.jpg 2x\" sizes=\"100vw\" \/><\/span><\/div> <div class=\"team-person-info clearfix\"> <div class=\"team-person-name styled-subtitle\" style=\"color: #79B4BC\">Dr Patrice Cristofini<\/div> <div class=\"team-person-position date-color\" style=\"color: #000000\">CEO<\/div> <div class=\"socials team-person-socials socials-colored-hover\"><a title=\"LinkedIn\" target=\"_blank\" href=\"https:\/\/www.linkedin.com\/in\/cristofinipatrice1\/\" class=\"socials-item\"><i class=\"socials-item-icon social-item-rounded linkedin\"><\/i><\/a><\/div> <\/div> <a class=\"team-person-link\" href=\"https:\/\/regenlife.com\/fr\/dr-patrice-cristofini\/\" target=\"_self\" aria-label=\"Dr Patrice Cristofini\"><\/a>\t<\/div> <\/div> <div class=\"col-md-3 col-sm-6 col-xs-12 inline-column\"> <div id=\"post-2814\" class=\"team-person bordered-box centered-box post-2814 thegem_team_person type-thegem_team_person status-publish has-post-thumbnail\" style=\"background-color: #FFFFFF; \"> <div class=\"team-person-image\"><span><img width=\"160\" height=\"160\" src=\"https:\/\/regenlife.com\/wp-content\/uploads\/2025\/07\/Renck-thegem-person-160.jpg\" class=\"img-responsive wp-post-image\" alt=\"Renck Portrait\" srcset=\"https:\/\/regenlife.com\/wp-content\/uploads\/2025\/07\/Renck-thegem-person.jpg 2x\" sizes=\"100vw\" \/><\/span><\/div> <div class=\"team-person-info clearfix\"> <div class=\"team-person-name styled-subtitle\" style=\"color: #79B4BC\">Jean-Michel Renck<\/div> <div class=\"team-person-position date-color\" style=\"color: #000000\">Pr\u00e9sident<\/div> <div class=\"socials team-person-socials socials-colored-hover\"><a title=\"LinkedIn\" target=\"_blank\" href=\"https:\/\/www.linkedin.com\/in\/jean-michel-renck-33272231\" class=\"socials-item\"><i class=\"socials-item-icon social-item-rounded linkedin\"><\/i><\/a><\/div> <\/div> <a class=\"team-person-link\" href=\"https:\/\/regenlife.com\/fr\/jean-michel-renck\/\" target=\"_self\" aria-label=\"Jean-Michel Renck\"><\/a>\t<\/div> <\/div> <div class=\"col-md-3 col-sm-6 col-xs-12 inline-column\"> <div id=\"post-4276\" class=\"team-person bordered-box centered-box post-4276 thegem_team_person type-thegem_team_person status-publish has-post-thumbnail\" style=\"background-color: #FFFFFF; \"> <div class=\"team-person-image\"><span><img width=\"160\" height=\"160\" src=\"https:\/\/regenlife.com\/wp-content\/uploads\/2025\/07\/Blivet-thegem-person-160.jpg\" class=\"img-responsive wp-post-image\" alt=\"Blivet Portrait\" srcset=\"https:\/\/regenlife.com\/wp-content\/uploads\/2025\/07\/Blivet-thegem-person.jpg 2x\" sizes=\"100vw\" \/><\/span><\/div> <div class=\"team-person-info clearfix\"> <div class=\"team-person-name styled-subtitle\" style=\"color: #79B4BC\">Guillaume Blivet<\/div> <div class=\"team-person-position date-color\" style=\"color: #000000\">Co-fondateur & Directeur Innovation<\/div> <div class=\"socials team-person-socials socials-colored-hover\"><a title=\"LinkedIn\" target=\"_blank\" href=\"https:\/\/www.linkedin.com\/in\/gblivet\/\" class=\"socials-item\"><i class=\"socials-item-icon social-item-rounded linkedin\"><\/i><\/a><\/div> <\/div> <a class=\"team-person-link\" href=\"https:\/\/regenlife.com\/fr\/guillaume-blivet\/\" target=\"_self\" aria-label=\"Guillaume Blivet\"><\/a>\t<\/div> <\/div> <div class=\"col-md-3 col-sm-6 col-xs-12 inline-column\"> <div id=\"post-4146\" class=\"team-person bordered-box centered-box post-4146 thegem_team_person type-thegem_team_person status-publish has-post-thumbnail\" style=\"background-color: #FFFFFF; \"> <div class=\"team-person-image\"><span><img width=\"160\" height=\"160\" src=\"https:\/\/regenlife.com\/wp-content\/uploads\/2025\/07\/PORTRAITSCORPORATE-1-2-scaled-thegem-person-160.jpg\" class=\"img-responsive wp-post-image\" alt=\"PORTRAITSCORPORATE-1\" srcset=\"https:\/\/regenlife.com\/wp-content\/uploads\/2025\/07\/PORTRAITSCORPORATE-1-2-scaled-thegem-person.jpg 2x\" sizes=\"100vw\" \/><\/span><\/div> <div class=\"team-person-info clearfix\"> <div class=\"team-person-name styled-subtitle\" style=\"color: #79B4BC\">Caroline Thibier<\/div> <div class=\"team-person-position date-color\" style=\"color: #000000\">Co-fondatrice & DAF<\/div> <div class=\"socials team-person-socials socials-colored-hover\"><a title=\"LinkedIn\" target=\"_blank\" href=\"https:\/\/www.linkedin.com\/in\/caroline-thibier-a342731a\/\" class=\"socials-item\"><i class=\"socials-item-icon social-item-rounded linkedin\"><\/i><\/a><\/div> <\/div> <a class=\"team-person-link\" href=\"https:\/\/regenlife.com\/fr\/caroline-thibier\/\" target=\"_self\" aria-label=\"Caroline Thibier\"><\/a>\t<\/div> <\/div> <div class=\"col-md-3 col-sm-6 col-xs-12 inline-column\"> <div id=\"post-3982\" class=\"team-person bordered-box centered-box post-3982 thegem_team_person type-thegem_team_person status-publish has-post-thumbnail\" style=\"background-color: #FFFFFF; \"> <div class=\"team-person-image\"><span><img width=\"160\" height=\"160\" src=\"https:\/\/regenlife.com\/wp-content\/uploads\/2025\/07\/Claude-Kermin-thegem-person-160.jpg\" class=\"img-responsive wp-post-image\" alt=\"Claude Kermin Portrait\" srcset=\"https:\/\/regenlife.com\/wp-content\/uploads\/2025\/07\/Claude-Kermin-thegem-person.jpg 2x\" sizes=\"100vw\" \/><\/span><\/div> <div class=\"team-person-info clearfix\"> <div class=\"team-person-name styled-subtitle\" style=\"color: #79B4BC\">Claude Kermin<\/div> <div class=\"team-person-position date-color\" style=\"color: #000000\">Co-fondateur & Expert associ\u00e9 \u2013 Communication, RP et Impact<\/div> <div class=\"socials team-person-socials socials-colored-hover\"><a title=\"LinkedIn\" target=\"_blank\" href=\"https:\/\/www.linkedin.com\/in\/claude-kermin-51820259\/\" class=\"socials-item\"><i class=\"socials-item-icon social-item-rounded linkedin\"><\/i><\/a><\/div> <\/div> <a class=\"team-person-link\" href=\"https:\/\/regenlife.com\/fr\/claude-kermin\/\" target=\"_self\" aria-label=\"Claude Kermin\"><\/a>\t<\/div> <\/div> <\/div>[vc_column_text css=\u00a0\u00bb\u00a0\u00bb el_id=\u00a0\u00bbindustriels\u00a0\u00bb]<\/p>\n<h3 style=\"text-align: left;\">Conseillers Industriels<\/h3>\n<p>[\/vc_column_text]<div class=\"gem-team row inline-row gem-team-equal-height gem-team-style-4\" > <div class=\"col-md-3 col-sm-6 col-xs-12 inline-column\"> <div id=\"post-2811\" class=\"team-person bordered-box centered-box post-2811 thegem_team_person type-thegem_team_person status-publish has-post-thumbnail\" style=\"background-color: #FFFFFF; \"> <div class=\"team-person-image\"><span><img width=\"160\" height=\"160\" src=\"https:\/\/regenlife.com\/wp-content\/uploads\/2025\/07\/Caredda-thegem-person-160.jpg\" class=\"img-responsive wp-post-image\" alt=\"Caredda portrait\" srcset=\"https:\/\/regenlife.com\/wp-content\/uploads\/2025\/07\/Caredda-thegem-person.jpg 2x\" sizes=\"100vw\" \/><\/span><\/div> <div class=\"team-person-info clearfix\"> <div class=\"team-person-name styled-subtitle\" style=\"color: #79B4BC\">Laurent Caredda<\/div> <div class=\"team-person-position date-color\" style=\"color: #000000\">Fondateur & PDG, Almerys \/ Be-ys<\/div> <div class=\"socials team-person-socials socials-colored-hover\"><a title=\"LinkedIn\" target=\"_blank\" href=\"https:\/\/www.linkedin.com\/in\/laurent-caredda-893529179\/\" class=\"socials-item\"><i class=\"socials-item-icon social-item-rounded linkedin\"><\/i><\/a><\/div> <\/div> <a class=\"team-person-link\" href=\"https:\/\/regenlife.com\/fr\/laurent-caredda\/\" target=\"_self\" aria-label=\"Laurent Caredda\"><\/a>\t<\/div> <\/div> <div class=\"col-md-3 col-sm-6 col-xs-12 inline-column\"> <div id=\"post-3996\" class=\"team-person bordered-box centered-box post-3996 thegem_team_person type-thegem_team_person status-publish has-post-thumbnail\" style=\"background-color: #FFFFFF; \"> <div class=\"team-person-image\"><span><img width=\"160\" height=\"160\" src=\"https:\/\/regenlife.com\/wp-content\/uploads\/2025\/07\/Kress-thegem-person-160.jpg\" class=\"img-responsive wp-post-image\" alt=\"Kress Portrait\" srcset=\"https:\/\/regenlife.com\/wp-content\/uploads\/2025\/07\/Kress-thegem-person.jpg 2x\" sizes=\"100vw\" \/><\/span><\/div> <div class=\"team-person-info clearfix\"> <div class=\"team-person-name styled-subtitle\" style=\"color: #79B4BC\">Fran\u00e7ois Kress<\/div> <div class=\"team-person-position date-color\" style=\"color: #000000\">Co-Fondateur & PDG, Feelmore Labs<\/div> <div class=\"socials team-person-socials socials-colored-hover\"><a title=\"LinkedIn\" target=\"_blank\" href=\"https:\/\/www.linkedin.com\/in\/francoiskress\/\" class=\"socials-item\"><i class=\"socials-item-icon social-item-rounded linkedin\"><\/i><\/a><\/div> <\/div> <a class=\"team-person-link\" href=\"https:\/\/regenlife.com\/fr\/francois-kress\/\" target=\"_self\" aria-label=\"Fran\u00e7ois Kress\"><\/a>\t<\/div> <\/div> <div class=\"col-md-3 col-sm-6 col-xs-12 inline-column\"> <div id=\"post-4000\" class=\"team-person bordered-box centered-box post-4000 thegem_team_person type-thegem_team_person status-publish has-post-thumbnail\" style=\"background-color: #FFFFFF; \"> <div class=\"team-person-image\"><span><img width=\"160\" height=\"160\" src=\"https:\/\/regenlife.com\/wp-content\/uploads\/2025\/07\/Plowiecki-thegem-person-160.jpg\" class=\"img-responsive wp-post-image\" alt=\"Plowiecki Portrait\" srcset=\"https:\/\/regenlife.com\/wp-content\/uploads\/2025\/07\/Plowiecki-thegem-person.jpg 2x\" sizes=\"100vw\" \/><\/span><\/div> <div class=\"team-person-info clearfix\"> <div class=\"team-person-name styled-subtitle\" style=\"color: #79B4BC\">Nicolas Plowiecki<\/div> <div class=\"team-person-position date-color\" style=\"color: #000000\">PDG, Balt Extrusion<\/div> <div class=\"socials team-person-socials socials-colored-hover\"><a title=\"LinkedIn\" target=\"_blank\" href=\"https:\/\/www.linkedin.com\/in\/nicolas-plowiecki-614412290\/\" class=\"socials-item\"><i class=\"socials-item-icon social-item-rounded linkedin\"><\/i><\/a><\/div> <\/div> <a class=\"team-person-link\" href=\"https:\/\/regenlife.com\/fr\/nicolas-plowiecki\/\" target=\"_self\" aria-label=\"Nicolas Plowiecki\"><\/a>\t<\/div> <\/div> <div class=\"col-md-3 col-sm-6 col-xs-12 inline-column\"> <div id=\"post-4003\" class=\"team-person bordered-box centered-box post-4003 thegem_team_person type-thegem_team_person status-publish has-post-thumbnail\" style=\"background-color: #FFFFFF; \"> <div class=\"team-person-image\"><span><img width=\"160\" height=\"160\" src=\"https:\/\/regenlife.com\/wp-content\/uploads\/2025\/07\/Anne-de-Landsheer-thegem-person-160.jpg\" class=\"img-responsive wp-post-image\" alt=\"Anne de Landhseer Portrait\" srcset=\"https:\/\/regenlife.com\/wp-content\/uploads\/2025\/07\/Anne-de-Landsheer-thegem-person.jpg 2x\" sizes=\"100vw\" \/><\/span><\/div> <div class=\"team-person-info clearfix\"> <div class=\"team-person-name styled-subtitle\" style=\"color: #79B4BC\">Anne de Landsheer<\/div> <div class=\"team-person-position date-color\" style=\"color: #000000\">Fondatrice & PDG directrice de Peak Lifecycle HR<\/div> <div class=\"socials team-person-socials socials-colored-hover\"><a title=\"LinkedIn\" target=\"_blank\" href=\"https:\/\/www.linkedin.com\/in\/annedelan\/\" class=\"socials-item\"><i class=\"socials-item-icon social-item-rounded linkedin\"><\/i><\/a><\/div> <\/div> <a class=\"team-person-link\" href=\"https:\/\/regenlife.com\/fr\/anne-de-landsheer\/\" target=\"_self\" aria-label=\"Anne de Landsheer\"><\/a>\t<\/div> <\/div> <\/div>[vc_column_text css=\u00a0\u00bb\u00a0\u00bb el_id=\u00a0\u00bbscientifique\u00a0\u00bb]<\/p>\n<h3 style=\"text-align: left;\">Conseillers scientifiques<\/h3>\n<p>[\/vc_column_text]<div class=\"gem-team row inline-row gem-team-equal-height gem-team-style-4\" > <div class=\"col-md-3 col-sm-6 col-xs-12 inline-column\"> <div id=\"post-2812\" class=\"team-person bordered-box centered-box post-2812 thegem_team_person type-thegem_team_person status-publish has-post-thumbnail\" style=\"background-color: #FFFFFF; \"> <div class=\"team-person-image\"><span><img width=\"160\" height=\"160\" src=\"https:\/\/regenlife.com\/wp-content\/uploads\/2025\/07\/Touchon-thegem-person-160.jpg\" class=\"img-responsive wp-post-image\" alt=\"Touchon Portrait\" srcset=\"https:\/\/regenlife.com\/wp-content\/uploads\/2025\/07\/Touchon-thegem-person.jpg 2x\" sizes=\"100vw\" \/><\/span><\/div> <div class=\"team-person-info clearfix\"> <div class=\"team-person-name styled-subtitle\" style=\"color: #79B4BC\">Pr Jacques Touchon, MD, PhD<\/div> <div class=\"team-person-position date-color\" style=\"color: #000000\">Neurologue & psychiatre, Universit\u00e9 de Montpellier<\/div> <div class=\"socials team-person-socials socials-colored-hover\"><a title=\"LinkedIn\" target=\"_blank\" href=\"https:\/\/www.linkedin.com\/in\/jacques-touchon-16831351\" class=\"socials-item\"><i class=\"socials-item-icon social-item-rounded linkedin\"><\/i><\/a><\/div> <\/div> <a class=\"team-person-link\" href=\"https:\/\/regenlife.com\/fr\/equipe-pr-jacques-touchon\/\" target=\"_self\" aria-label=\"Pr Jacques Touchon, MD, PhD\"><\/a>\t<\/div> <\/div> <div class=\"col-md-3 col-sm-6 col-xs-12 inline-column\"> <div id=\"post-2813\" class=\"team-person bordered-box centered-box post-2813 thegem_team_person type-thegem_team_person status-publish has-post-thumbnail\" style=\"background-color: #FFFFFF; \"> <div class=\"team-person-image\"><span><img width=\"160\" height=\"160\" src=\"https:\/\/regenlife.com\/wp-content\/uploads\/2025\/07\/Sabbagh-thegem-person-160.jpg\" class=\"img-responsive wp-post-image\" alt=\"Sabbagh Potrait\" srcset=\"https:\/\/regenlife.com\/wp-content\/uploads\/2025\/07\/Sabbagh-thegem-person.jpg 2x\" sizes=\"100vw\" \/><\/span><\/div> <div class=\"team-person-info clearfix\"> <div class=\"team-person-name styled-subtitle\" style=\"color: #79B4BC\">Pr Marwan Sabbagh, MD<\/div> <div class=\"team-person-position date-color\" style=\"color: #000000\">Neurologue, Barrow Neurological Institute<\/div> <div class=\"socials team-person-socials socials-colored-hover\"><a title=\"LinkedIn\" target=\"_blank\" href=\"https:\/\/www.linkedin.com\/in\/marwan-sabbagh-03b38515\/\" class=\"socials-item\"><i class=\"socials-item-icon social-item-rounded linkedin\"><\/i><\/a><\/div> <\/div> <a class=\"team-person-link\" href=\"https:\/\/regenlife.com\/fr\/pr-marwan-sabbagh-md\/\" target=\"_self\" aria-label=\"Pr Marwan Sabbagh, MD\"><\/a>\t<\/div> <\/div> <div class=\"col-md-3 col-sm-6 col-xs-12 inline-column\"> <div id=\"post-4009\" class=\"team-person bordered-box centered-box post-4009 thegem_team_person type-thegem_team_person status-publish has-post-thumbnail\" style=\"background-color: #FFFFFF; \"> <div class=\"team-person-image\"><span><img width=\"160\" height=\"160\" src=\"https:\/\/regenlife.com\/wp-content\/uploads\/2025\/07\/Cummings-thegem-person-160.jpg\" class=\"img-responsive wp-post-image\" alt=\"Cummings Portrait\" srcset=\"https:\/\/regenlife.com\/wp-content\/uploads\/2025\/07\/Cummings-thegem-person.jpg 2x\" sizes=\"100vw\" \/><\/span><\/div> <div class=\"team-person-info clearfix\"> <div class=\"team-person-name styled-subtitle\" style=\"color: #79B4BC\">Pr Jeffrey Cummings, MD, PhD<\/div> <div class=\"team-person-position date-color\" style=\"color: #000000\">Neurologue, Universit\u00e9 du Nevada Las Vegas, Cleveland Clinic<\/div> <div class=\"socials team-person-socials socials-colored-hover\"><a title=\"LinkedIn\" target=\"_blank\" href=\"https:\/\/www.linkedin.com\/in\/jeffrey-cummings-bbb17017b\/\" class=\"socials-item\"><i class=\"socials-item-icon social-item-rounded linkedin\"><\/i><\/a><\/div> <\/div> <a class=\"team-person-link\" href=\"https:\/\/regenlife.com\/fr\/pr-jeffrey-cummings-md-phd\/\" target=\"_self\" aria-label=\"Pr Jeffrey Cummings, MD, PhD\"><\/a>\t<\/div> <\/div> <div class=\"col-md-3 col-sm-6 col-xs-12 inline-column\"> <div id=\"post-4014\" class=\"team-person bordered-box centered-box post-4014 thegem_team_person type-thegem_team_person status-publish has-post-thumbnail\" style=\"background-color: #FFFFFF; \"> <div class=\"team-person-image\"><span><img width=\"160\" height=\"160\" src=\"https:\/\/regenlife.com\/wp-content\/uploads\/2025\/07\/Vellas-thegem-person-160.jpg\" class=\"img-responsive wp-post-image\" alt=\"Vellas Portrait\" srcset=\"https:\/\/regenlife.com\/wp-content\/uploads\/2025\/07\/Vellas-thegem-person.jpg 2x\" sizes=\"100vw\" \/><\/span><\/div> <div class=\"team-person-info clearfix\"> <div class=\"team-person-name styled-subtitle\" style=\"color: #79B4BC\">Pr Bruno Vellas, MD, PhD<\/div> <div class=\"team-person-position date-color\" style=\"color: #000000\">G\u00e9riatre, CHU de Toulouse, G\u00e9rontop\u00f4le de Toulouse, INSPIRE<\/div> <div class=\"socials team-person-socials socials-colored-hover\"><a title=\"LinkedIn\" target=\"_blank\" href=\"https:\/\/www.linkedin.com\/in\/bruno-vellas-55146413\" class=\"socials-item\"><i class=\"socials-item-icon social-item-rounded linkedin\"><\/i><\/a><\/div> <\/div> <a class=\"team-person-link\" href=\"https:\/\/regenlife.com\/fr\/pr-bruno-vellas-md-phd\/\" target=\"_self\" aria-label=\"Pr Bruno Vellas, MD, PhD\"><\/a>\t<\/div> <\/div> <div class=\"col-md-3 col-sm-6 col-xs-12 inline-column\"> <div id=\"post-4018\" class=\"team-person bordered-box centered-box post-4018 thegem_team_person type-thegem_team_person status-publish has-post-thumbnail\" style=\"background-color: #FFFFFF; \"> <div class=\"team-person-image\"><span><img width=\"160\" height=\"160\" src=\"https:\/\/regenlife.com\/wp-content\/uploads\/2025\/07\/Middleton-thegem-person-160.jpg\" class=\"img-responsive wp-post-image\" alt=\"Middleton Portrait\" srcset=\"https:\/\/regenlife.com\/wp-content\/uploads\/2025\/07\/Middleton-thegem-person.jpg 2x\" sizes=\"100vw\" \/><\/span><\/div> <div class=\"team-person-info clearfix\"> <div class=\"team-person-name styled-subtitle\" style=\"color: #79B4BC\">Pr Lefkos Middleton, MD, FRCP<\/div> <div class=\"team-person-position date-color\" style=\"color: #000000\">Neurologue, Imperial College London (via Imperial Consultants)<\/div> <div class=\"socials team-person-socials socials-colored-hover\"><a title=\"LinkedIn\" target=\"_blank\" href=\"https:\/\/www.linkedin.com\/in\/lefkos-middleton-45b7ab142\" class=\"socials-item\"><i class=\"socials-item-icon social-item-rounded linkedin\"><\/i><\/a><\/div> <\/div> <a class=\"team-person-link\" href=\"https:\/\/regenlife.com\/fr\/pr-lefkos-middleton-md-frcp\/\" target=\"_self\" aria-label=\"Pr Lefkos Middleton, MD, FRCP\"><\/a>\t<\/div> <\/div> <div class=\"col-md-3 col-sm-6 col-xs-12 inline-column\"> <div id=\"post-4026\" class=\"team-person bordered-box centered-box post-4026 thegem_team_person type-thegem_team_person status-publish has-post-thumbnail\" style=\"background-color: #FFFFFF; \"> <div class=\"team-person-image\"><span><img width=\"160\" height=\"160\" src=\"https:\/\/regenlife.com\/wp-content\/uploads\/2025\/07\/Weiner-thegem-person-160.jpg\" class=\"img-responsive wp-post-image\" alt=\"Weiner Portrait\" srcset=\"https:\/\/regenlife.com\/wp-content\/uploads\/2025\/07\/Weiner-thegem-person.jpg 2x\" sizes=\"100vw\" \/><\/span><\/div> <div class=\"team-person-info clearfix\"> <div class=\"team-person-name styled-subtitle\" style=\"color: #79B4BC\">Pr Michael Weiner, MD, PhD<\/div> <div class=\"team-person-position date-color\" style=\"color: #000000\">Sp\u00e9cialiste de m\u00e9decine interne, Universit\u00e9 de Californie San Fransisco (UCSF)<\/div> <div class=\"socials team-person-socials socials-colored-hover\"><a title=\"LinkedIn\" target=\"_blank\" href=\"https:\/\/www.linkedin.com\/in\/michael-weiner-902a249\/\" class=\"socials-item\"><i class=\"socials-item-icon social-item-rounded linkedin\"><\/i><\/a><\/div> <\/div> <a class=\"team-person-link\" href=\"https:\/\/regenlife.com\/fr\/pr-michael-weiner-md-phd\/\" target=\"_self\" aria-label=\"Pr Michael Weiner, MD, PhD\"><\/a>\t<\/div> <\/div> <\/div>[\/vc_column][\/vc_row]<\/p>\n<\/div>","protected":false},"excerpt":{"rendered":"<p>[vc_row full_width=\u00a0\u00bbstretch_row\u00a0\u00bb equal_height=\u00a0\u00bbyes\u00a0\u00bb content_placement=\u00a0\u00bbmiddle\u00a0\u00bb custom_css_code=\u00a0\u00bbLmdlbS1pbWFnZS1jZW50ZXJlZC1ib3glMjAlN0IlMEElMjAlMjAlMjAlMjBtYXJnaW4tYm90dG9tJTNBJTIwMCUzQiUwQSU3RCUwQS5pbWctYm9yZGVyLXJhZGl1cyUyMGltZyU3QiUwQSUyMCUyMCUyMCUyMGJvcmRlci1yYWRpdXMlM0ElMjAzM3B4JTNCJTBBJTdEJTBBLmN1c3RvbS1pbmZvdGV4dCUyMCU3QiUwQSUyMCUyMCUyMCUyMHdpZHRoJTNBJTIwMjIwcHglM0IlMEElN0QlMEElNDBtZWRpYSUyOG1heC13aWR0aCUzQSUyMDk5MXB4JTI5JTdCJTBBJTIwJTIwJTIwJTIwLmN1c3RvbS1pbmZvdGV4dCUyMCU3QiUwQSUyMCUyMCUyMCUyMCUyMCUyMCUyMCUyMHdpZHRoJTNBJTIwMjAwcHglM0IlMEElMjAlMjAlMjAlMjAlN0QlMEElN0Q=\u00a0\u00bb css=\u00a0\u00bb.vc_custom_1758895667230{margin-bottom: 0px !important;padding-top: 85px !important;padding-right: 185px !important;padding-bottom: 85px !important;padding-left: 205px !important;}\u00a0\u00bb tablet_padding_top=\u00a0\u00bb160&Prime; el_class=\u00a0\u00bbBLOQUE1QUISOMMES\u00a0\u00bb mobile_padding_left=\u00a0\u00bb10&Prime; mobile_padding_right=\u00a0\u00bb10&Prime;&#8230;<\/p>\n","protected":false},"author":1,"featured_media":3923,"parent":0,"menu_order":0,"comment_status":"closed","ping_status":"closed","template":"","meta":{"_acf_changed":false,"footnotes":""},"class_list":["post-2756","page","type-page","status-publish","has-post-thumbnail"],"acf":[],"_links":{"self":[{"href":"https:\/\/regenlife.com\/fr\/wp-json\/wp\/v2\/pages\/2756","targetHints":{"allow":["GET"]}}],"collection":[{"href":"https:\/\/regenlife.com\/fr\/wp-json\/wp\/v2\/pages"}],"about":[{"href":"https:\/\/regenlife.com\/fr\/wp-json\/wp\/v2\/types\/page"}],"author":[{"embeddable":true,"href":"https:\/\/regenlife.com\/fr\/wp-json\/wp\/v2\/users\/1"}],"replies":[{"embeddable":true,"href":"https:\/\/regenlife.com\/fr\/wp-json\/wp\/v2\/comments?post=2756"}],"version-history":[{"count":51,"href":"https:\/\/regenlife.com\/fr\/wp-json\/wp\/v2\/pages\/2756\/revisions"}],"predecessor-version":[{"id":6384,"href":"https:\/\/regenlife.com\/fr\/wp-json\/wp\/v2\/pages\/2756\/revisions\/6384"}],"wp:featuredmedia":[{"embeddable":true,"href":"https:\/\/regenlife.com\/fr\/wp-json\/wp\/v2\/media\/3923"}],"wp:attachment":[{"href":"https:\/\/regenlife.com\/fr\/wp-json\/wp\/v2\/media?parent=2756"}],"curies":[{"name":"wp","href":"https:\/\/api.w.org\/{rel}","templated":true}]}}