{"id":3105,"date":"2025-06-24T17:05:24","date_gmt":"2025-06-24T15:05:24","guid":{"rendered":"https:\/\/regenlife.com\/?page_id=3105"},"modified":"2026-02-03T17:07:06","modified_gmt":"2026-02-03T16:07:06","slug":"commotion-cerebrale-physiopathologie","status":"publish","type":"page","link":"https:\/\/regenlife.com\/fr\/commotion-cerebrale-physiopathologie\/","title":{"rendered":"RECHERCHE &#038; D\u00c9VELOPPEMENT"},"content":{"rendered":"<div class=\"wpb-content-wrapper\"><p>[vc_row equal_height=\u00a0\u00bbyes\u00a0\u00bb content_placement=\u00a0\u00bbtop\u00a0\u00bb custom_css_code=\u00a0\u00bbLmdlbS1pbWFnZS1jZW50ZXJlZC1ib3glMjAlN0IlMEElMjAlMjAlMjAlMjBtYXJnaW4tYm90dG9tJTNBJTIwMCUzQiUwQSU3RCUwQS5pbWctYm9yZGVyLXJhZGl1cyUyMGltZyU3QiUwQSUyMCUyMCUyMCUyMGJvcmRlci1yYWRpdXMlM0ElMjAzM3B4JTNCJTBBJTdEJTBBLmN1c3RvbS1pbmZvdGV4dCUyMCU3QiUwQSUyMCUyMCUyMCUyMHdpZHRoJTNBJTIwMjIwcHglM0IlMEElN0QlMEElNDBtZWRpYSUyOG1heC13aWR0aCUzQSUyMDk5MXB4JTI5JTdCJTBBJTIwJTIwJTIwJTIwLmN1c3RvbS1pbmZvdGV4dCUyMCU3QiUwQSUyMCUyMCUyMCUyMCUyMCUyMCUyMCUyMHdpZHRoJTNBJTIwMjAwcHglM0IlMEElMjAlMjAlMjAlMjAlN0QlMEElN0Q=\u00a0\u00bb thegem_revesrse_columns_mobile=\u00a0\u00bbtrue\u00a0\u00bb css=\u00a0\u00bb.vc_custom_1753438612121{margin-bottom: 0px !important;padding-top: 85px !important;padding-bottom: 0px !important;}\u00a0\u00bb tablet_padding_top=\u00a0\u00bb160&Prime; el_class=\u00a0\u00bbCONTENEDORPIRATA\u00a0\u00bb mobile_padding_top=\u00a0\u00bb45&Prime; mobile_margin_bottom=\u00a0\u00bb-100&Prime;][vc_column width=\u00a0\u00bb1\/2&Prime; css=\u00a0\u00bb.vc_custom_1750698481768{padding-top: 0px !important;padding-right: 75px !important;}\u00a0\u00bb tablet_padding_right=\u00a0\u00bb42&Prime; mobile_padding_bottom=\u00a0\u00bb60&Prime; mobile_padding_right=\u00a0\u00bb21&Prime; el_class=\u00a0\u00bbINTROPIRATA\u00a0\u00bb]<div class=\"thegem-te-heading thegem-custom-69f81ce3ad7f68125\" ><h1 id=\"thegem-heading-69f81ce3ad7bc\" class=\"thegem-heading title-h2 vc_custom_1770134563495\" style=\"text-align: left;\" ><span>D\u00c9VELOPPEMENT TH\u00c9RAPEUTIQUE<\/span><\/h1><style type=\"text\/css\">#thegem-heading-69f81ce3ad7bc {margin: 0;}#thegem-heading-69f81ce3ad7bc a:hover, #thegem-heading-69f81ce3ad7bc a:hover span.colored {color: var(--thegem-to-menu-level1-color-hover, #00BCD4) !important;}<\/style><\/div><style>@media screen and (max-width: 1023px) {.thegem-te-heading.thegem-custom-69f81ce3ad7f68125{display: block!important;}}@media screen and (max-width: 767px) {.thegem-te-heading.thegem-custom-69f81ce3ad7f68125{display: block!important;}}@media screen and (max-width: 1023px) {.thegem-te-heading.thegem-custom-69f81ce3ad7f68125{position: relative !important;}}@media screen and (max-width: 767px) {.thegem-te-heading.thegem-custom-69f81ce3ad7f68125{position: relative !important;}}<\/style>[vc_column_text css=\u00a0\u00bb\u00a0\u00bb]<\/p>\n<h2 style=\"text-align: left; font-size: 1.3em;\"><span style=\"color: #f1bd49;\"><strong>La commotion c\u00e9r\u00e9brale <\/strong><\/span><\/h2>\n<p>[\/vc_column_text][vc_column_text css=\u00a0\u00bb\u00a0\u00bb]<\/p>\n<p align=\"justify\">Avec plus de 6 personnes sur 1000 concern\u00e9es, les commotions c\u00e9r\u00e9brales sont l\u2019une des blessures les plus courantes dans la pratique sportive (5% des blessures sportives*). Aux \u00c9tats-Unis, de 1,6 \u00e0 3,8 millions de commotions c\u00e9r\u00e9brales surviennent chaque ann\u00e9e**. Souvent sous estim\u00e9es et mal diagnostiqu\u00e9es, ces l\u00e9sions, cons\u00e9cutives \u00e0 un choc, perturbent le fonctionnement du cerveau et exposent \u00e0 des risques cognitifs accrus, parfois persistants, et \u00e0 des maladies neurod\u00e9g\u00e9n\u00e9ratives***, comme l\u2019enc\u00e9phalopathie traumatique chronique notamment. En l\u2019absence de traitement curatif sp\u00e9cifique, la prise en charge reste limit\u00e9e \u00e0 des interventions cibl\u00e9es en cas de sympt\u00f4mes persistants.<\/p>\n<p style=\"text-align: left;\">* <em><a href=\"https:\/\/pubmed.ncbi.nlm.nih.gov\/15083870\/\">Journal of Rehabilitation Medecine, (2004)<\/a><\/em><\/p>\n<p style=\"text-align: left;\"><em>**<\/em> <em><a href=\"https:\/\/www.em-consulte.com\/article\/1685877\/epidemiologie-des-commotions-cerebrales-dans-le-sp\">Journal de Traumatologie du Sport (2024)<\/a><\/em><\/p>\n<p style=\"text-align: left;\"><em>*** <a href=\"https:\/\/pubmed.ncbi.nlm.nih.gov\/25748121\/\">Molecular and cell neuroscience (2015)<\/a><\/em><\/p>\n<p>[\/vc_column_text][vc_column_text css=\u00a0\u00bb\u00a0\u00bb]<strong>En milieu sportif, les sports essentiellement concern\u00e9s sont\u202f : <\/strong>[\/vc_column_text][vc_row_inner equal_height=\u00a0\u00bbyes\u00a0\u00bb content_placement=\u00a0\u00bbmiddle\u00a0\u00bb css=\u00a0\u00bb.vc_custom_1750773328334{margin-top: 0px !important;margin-bottom: 0px !important;padding-top: 0px !important;padding-bottom: 45px !important;}\u00a0\u00bb tablet_padding_top=\u00a0\u00bb30&Prime; mobile_padding_top=\u00a0\u00bb50&Prime;][vc_column_inner mobile_padding_bottom=\u00a0\u00bb70&Prime;]<style>.thegem-custom-69f81ce3ad885827 .gem-icon-inner {background-color: #F5E5C2;}.thegem-custom-69f81ce3ad885827 .gem-icon-half-1 {color: #F1BD49;}.thegem-custom-69f81ce3ad885827 .gem-icon-half-2 {color: #F1BD49;}.thegem-custom-69f81ce3ad885827 .gem-icon-style-gradient .back-angle {background: linear-gradient( to bottom, #F1BD49, ); -webkit-text-fill-color: transparent; -webkit-background-clip: text;}.thegem-custom-69f81ce3ad885827 .gem-icon  {border-color: #F5E5C2;border-color: #F5E5C2;}.thegem-custom-69f81ce3ad885827 .gem-icon  {font-size: 22px;}.thegem-custom-69f81ce3ad885827 .gem-icon:not(.gem-simple-icon) .gem-icon-inner {width: 33px; height: 33px; line-height: 33px;}.thegem-custom-69f81ce3ad885827 .gem-icon.gem-simple-icon {width: 22px; height: 22px; line-height: 22px;}.gem-infotext.thegem-custom-69f81ce3ad885827 .gem-infotext-icon {margin-top:-2px !important;}.gem-infotext.thegem-custom-69f81ce3ad885827 .gem-infotext-icon {margin-right:20px !important;}<\/style><div class=\"gem-infotext vc_custom_1753093944229 alignment-left thegem-custom-69f81ce3ad885827\"> <div class=\"gem-infotext-wrap position--left vertical--center\"> <div class=\"gem-infotext-icon\"> <div class=\"gem-icon gem-icon-pack-elegant gem-icon-size-custom gem-icon-shape-circle\"> <div class=\"gem-icon-inner\"><span class=\"gem-icon-half-1\"><span class=\"back-angle\">&#x4e;<\/span><\/span><span class=\"gem-icon-half-2\"><span class=\"back-angle\">&#x4e;<\/span><\/span><\/div> <\/div> <\/div> <div class=\"gem-infotext\"> <div class=\"gem-infotext__title\"> <div class=\"title-customize text-body\" style=\"\"> <strong>Sports individuels : <\/strong>ski, sports m\u00e9caniques, \u00e9quitation\u2026 <\/div> <\/div> <\/div> <\/div> <\/div><style>.thegem-custom-69f81ce3ad9051213 .gem-icon-inner {background-color: #F5E5C2;}.thegem-custom-69f81ce3ad9051213 .gem-icon-half-1 {color: #F1BD49;}.thegem-custom-69f81ce3ad9051213 .gem-icon-half-2 {color: #F1BD49;}.thegem-custom-69f81ce3ad9051213 .gem-icon-style-gradient .back-angle {background: linear-gradient( to bottom, #F1BD49, ); -webkit-text-fill-color: transparent; -webkit-background-clip: text;}.thegem-custom-69f81ce3ad9051213 .gem-icon  {border-color: #F5E5C2;border-color: #F5E5C2;}.thegem-custom-69f81ce3ad9051213 .gem-icon  {font-size: 22px;}.thegem-custom-69f81ce3ad9051213 .gem-icon:not(.gem-simple-icon) .gem-icon-inner {width: 33px; height: 33px; line-height: 33px;}.thegem-custom-69f81ce3ad9051213 .gem-icon.gem-simple-icon {width: 22px; height: 22px; line-height: 22px;}.gem-infotext.thegem-custom-69f81ce3ad9051213 .gem-infotext-icon {margin-top:-2px !important;}.gem-infotext.thegem-custom-69f81ce3ad9051213 .gem-infotext-icon {margin-right:20px !important;}<\/style><div class=\"gem-infotext vc_custom_1753094951485 alignment-left thegem-custom-69f81ce3ad9051213\"> <div class=\"gem-infotext-wrap position--left vertical--center\"> <div class=\"gem-infotext-icon\"> <div class=\"gem-icon gem-icon-pack-elegant gem-icon-size-custom gem-icon-shape-circle\"> <div class=\"gem-icon-inner\"><span class=\"gem-icon-half-1\"><span class=\"back-angle\">&#x4e;<\/span><\/span><span class=\"gem-icon-half-2\"><span class=\"back-angle\">&#x4e;<\/span><\/span><\/div> <\/div> <\/div> <div class=\"gem-infotext\"> <div class=\"gem-infotext__title\"> <div class=\"title-customize text-body\" style=\"\"> <strong>Sports collectifs : <\/strong>football, rugby, football am\u00e9ricain, hockey, handball, basketball, arts martiaux, boxe\u2026 <\/div> <\/div> <\/div> <\/div> <\/div>[\/vc_column_inner][\/vc_row_inner][\/vc_column][vc_column width=\u00a0\u00bb1\/2&Prime; css=\u00a0\u00bb.vc_custom_1750698153438{padding-top: 90px !important;}\u00a0\u00bb mobile_padding_top=\u00a0\u00bb175&Prime; el_class=\u00a0\u00bbIMAGENPIRATA\u00a0\u00bb]<div class=\"centered-box gem-image-centered-box\" ><div class=\"gem-image gem-wrapbox gem-wrapbox-style-default gem-wrapbox-position-centered img-border-radius thegem-custom-69f81ce3ad9525318\"  style=\"\" ><div class=\"gem-wrapbox-inner \" ><img class=\"gem-wrapbox-element img-responsive\" src=\"https:\/\/regenlife.com\/wp-content\/uploads\/2025\/07\/Photo_RD_introduction_1000x720-1.jpg\" alt=\"\"\/><\/div><\/div><\/div>[\/vc_column][\/vc_row][vc_row full_width=\u00a0\u00bbstretch_row\u00a0\u00bb custom_css_code=\u00a0\u00bbLmN1c3RvbS10aXRsZSUyMGgyJTdCJTBBJTIwJTIwJTIwJTIwbWFyZ2luLXJpZ2h0JTNBJTIwMzBweCUyMWltcG9ydGFudCUzQiUwQSUyMCUyMCUyMCUyMG1hcmdpbi1ib3R0b20lM0ElMjAwJTIxaW1wb3J0YW50JTNCJTBBJTIwJTIwJTIwJTIwbWFyZ2luLXRvcCUzQSUyMDAlMjFpbXBvcnRhbnQlM0IlMEElN0QlMEEuY3VzdG9tLXRpdGxlJTIwLnZjX3NlcF9saW5lJTIwJTdCJTBBJTIwJTIwJTIwJTIwdG9wJTNBJTIwMTJweCUyMWltcG9ydGFudCUzQiUwQSU3RCUwQS5nZW0taW5mb3RleHQlMjAlN0IlMEElMjAlMjAlMjAlMjB3aWR0aCUzQSUyMGF1dG8lMjFpbXBvcnRhbnQlM0IlMEElN0QlMEEuZ2VtLWluZm90ZXh0JTNBaG92ZXIlMjAlN0IlMEElMjAlMjAlMjAlMjBiYWNrZ3JvdW5kLWNvbG9yJTNBJTIwJTIzRjlFQUQ1JTIwJTIxaW1wb3J0YW50JTNCJTBBJTIwJTIwJTIwJTIwdHJhbnNpdGlvbiUzQSUyMGFsbCUyMDAuM3MlM0IlMEElN0QlMEE=\u00a0\u00bb css=\u00a0\u00bb.vc_custom_1750698736234{margin-bottom: 0px !important;padding-top: 85px !important;padding-bottom: 85px !important;background-color: #FFFFFF !important;}\u00a0\u00bb][vc_column css=\u00a0\u00bb.vc_custom_1726578677849{padding-top: 0px !important;}\u00a0\u00bb][vc_row_inner content_placement=\u00a0\u00bbbottom\u00a0\u00bb][vc_column_inner]<style type=\"text\/css\">.thegem-button-69f81ce3ade124511 .gem-button svg {fill: #000000;}<\/style><div class=\"gem-button-container gem-button-position-left thegem-button-69f81ce3ade124511 QUITARLINK   \"  ><a class=\"gem-button gem-button-size-small gem-button-style-flat gem-button-text-weight-normal\" data-ll-effect=\"drop-right-without-wrap\" style=\"border-radius: 0px;background-color: #F9E5B6;color: #000000;\" onmouseleave=\"this.style.backgroundColor='#F9E5B6';this.style.color='#000000';\" onmouseenter=\"\" href=\"\" target=\"_self\" role=\"button\">Physiopathologie<\/a><\/div> [\/vc_column_inner][\/vc_row_inner][vc_row_inner content_placement=\u00a0\u00bbbottom\u00a0\u00bb][vc_column_inner][vc_column_text css=\u00a0\u00bb\u00a0\u00bb]<\/p>\n<h4 style=\"text-align: left;\"><span style=\"color: #f1bd49;\"><strong>Traumatisme cr\u00e2nien et commotion c\u00e9r\u00e9brale <\/strong><\/span><\/h4>\n<p>[\/vc_column_text][vc_column_text css=\u00a0\u00bb\u00a0\u00bb]<\/p>\n<p align=\"justify\">Les <strong>traumatismes cr\u00e2niens<\/strong>, incluant les l\u00e9sions c\u00e9r\u00e9brales traumatiques et les commotions c\u00e9r\u00e9brales, sont l&rsquo;une des principales causes d&rsquo;invalidit\u00e9 dans le monde. Ce sont des facteurs de risque de troubles neurologiques, pouvant parfois persister durant toute la vie du patient touch\u00e9.<\/p>\n<p align=\"justify\">Ces traumatismes, caus\u00e9s par des impacts ou secousses violentes de la t\u00eate, r\u00e9sultent, la plupart du temps, d&rsquo;accidents de la route, d&rsquo;agressions, de chutes, de blessures dans les contextes sportifs, domestiques ou militaires.<\/p>\n<p align=\"justify\">Souvent provoqu\u00e9e par des mouvements d&rsquo;acc\u00e9l\u00e9ration et de d\u00e9c\u00e9l\u00e9ration projetant le cerveau contre les parois osseuses, une commotion c\u00e9r\u00e9brale entra\u00eene une alt\u00e9ration de la fonction c\u00e9r\u00e9brale (transitoire ou persistante).\u00a0 Les sympt\u00f4mes principaux sont les troubles de la m\u00e9moire avec amn\u00e9sie, une perte de conscience, une diplopie, des vertiges, des troubles de l&rsquo;\u00e9quilibre, des c\u00e9phal\u00e9es, des probl\u00e8mes de sommeil, des troubles de l&rsquo;attention et des perturbations des fonctions ex\u00e9cutives.<\/p>\n<p align=\"justify\">Les traumatismes cr\u00e2niens sont ainsi class\u00e9s comme l\u00e9gers, mod\u00e9r\u00e9s ou s\u00e9v\u00e8res en fonction de la dur\u00e9e de la perte de conscience et de celle de l&rsquo;alt\u00e9ration de l&rsquo;\u00e9tat mental et\/ou de l&rsquo;amn\u00e9sie.<\/p>\n<p>[\/vc_column_text][vc_single_image image=\u00a0\u00bb3108&Prime; img_size=\u00a0\u00bbfull\u00a0\u00bb alignment=\u00a0\u00bbcenter\u00a0\u00bb css=\u00a0\u00bb\u00a0\u00bb][vc_column_text css=\u00a0\u00bb\u00a0\u00bb]<\/p>\n<h4 style=\"text-align: left;\"><span style=\"color: #f1bd49;\"><strong>Source : <span style=\"color: #69abb4;\">Verboon et al., 2021 <\/span><\/strong><\/span><\/h4>\n<p>[\/vc_column_text][vc_column_text css=\u00a0\u00bb\u00a0\u00bb]<\/p>\n<p align=\"justify\">La r\u00e9p\u00e9tition d\u2019\u00e9pisodes de commotions c\u00e9r\u00e9brales, m\u00eame sans perte de conscience, peut avoir des effets cumulatifs s\u00e9v\u00e8res et irr\u00e9versibles. Elles sont particuli\u00e8rement fr\u00e9quentes chez les boxeurs, les joueurs de rugby et de football am\u00e9ricain ou encore chez les militaires. Ces traumatismes cr\u00e2niens r\u00e9p\u00e9t\u00e9s peuvent avoir pour cons\u00e9quence une maladie bien plus grave\u202f: l\u2019enc\u00e9phalopathie traumatique chronique. Un joueur, m\u00eame r\u00e9tabli physiquement, peut d\u00e9velopper des troubles neurologiques et cognitifs persistants.<\/p>\n<p>[\/vc_column_text][\/vc_column_inner][\/vc_row_inner][\/vc_column][\/vc_row][vc_row][vc_column][vc_column_text css=\u00a0\u00bb\u00a0\u00bb]<\/p>\n<h4><span style=\"color: #f1bd49;\"><strong>Effets physiques, comportementaux et cognitifs des traumatismes c\u00e9r\u00e9braux : <\/strong><\/span><\/h4>\n<p>[\/vc_column_text][vc_single_image image=\u00a0\u00bb3114&Prime; img_size=\u00a0\u00bbfull\u00a0\u00bb alignment=\u00a0\u00bbcenter\u00a0\u00bb css=\u00a0\u00bb\u00a0\u00bb][vc_column_text css=\u00a0\u00bb\u00a0\u00bb]<\/p>\n<h4 style=\"text-align: left;\"><span style=\"color: #f1bd49;\"><strong>Source : <span style=\"color: #69abb4;\">Shah E et al. Frontiers in Neuroscience 13, April 2019. <\/span><\/strong><\/span><\/h4>\n<p>[\/vc_column_text][\/vc_column][\/vc_row][vc_row full_width=\u00a0\u00bbstretch_row\u00a0\u00bb css=\u00a0\u00bb.vc_custom_1750777930358{background-color: #FFFFFF !important;}\u00a0\u00bb][vc_column][vc_column_text css=\u00a0\u00bb\u00a0\u00bb]<\/p>\n<h4 style=\"text-align: left;\"><span style=\"color: #f1bd49;\"><strong>R\u00e9gions du cerveau affect\u00e9es par les traumatismes c\u00e9r\u00e9braux<\/strong><\/span><\/h4>\n<p>[\/vc_column_text][vc_column_text css=\u00a0\u00bb\u00a0\u00bb]Les lobes frontaux sont tr\u00e8s sensibles aux l\u00e9sions traumatiques mais d&rsquo;autres r\u00e9gions du cerveau peuvent \u00e9galement \u00eatre touch\u00e9es.<\/p>\n<p>Les zones affect\u00e9es par un traumatisme cr\u00e2nien et ses cons\u00e9quences sur la vie normale.[\/vc_column_text][vc_single_image image=\u00a0\u00bb3110&Prime; img_size=\u00a0\u00bbfull\u00a0\u00bb alignment=\u00a0\u00bbcenter\u00a0\u00bb css=\u00a0\u00bb\u00a0\u00bb][vc_column_text css=\u00a0\u00bb\u00a0\u00bb]<\/p>\n<h4 style=\"text-align: left;\"><span style=\"color: #f1bd49;\"><strong>Source : <span style=\"color: #69abb4;\">Jarrahi et al., 2020<\/span><\/strong><\/span><\/h4>\n<p>[\/vc_column_text][vc_column_text css=\u00a0\u00bb\u00a0\u00bb]<\/p>\n<p align=\"justify\">Les traumatismes c\u00e9r\u00e9braux entra\u00eenent une s\u00e9rie d\u2019\u00e9v\u00e9nements neurochimiques et m\u00e9taboliques. En phase aigu\u00eb, sont observ\u00e9es une mort neuronale, une perte de tissus, une d\u00e9t\u00e9rioration de la barri\u00e8re h\u00e9mato-enc\u00e9phalique et une neurod\u00e9g\u00e9n\u00e9ration. Par la suite, la r\u00e9ponse immunitaire est repr\u00e9sentative de la phase chronique avec, entre autres, la r\u00e9gulation \u00e0 la hausse des facteurs inflammatoires.<\/p>\n<p align=\"justify\">La recherche actuelle se concentre \u00e9galement sur les m\u00e9canismes en jeu impliquant le syst\u00e8me immunitaire et la composition du microbiote et leur impact sur la s\u00e9v\u00e9rit\u00e9 de la maladie.<\/p>\n<p align=\"justify\">La perturbation de l&rsquo;axe intestin-cerveau n&rsquo;est pas \u00e0 l&rsquo;origine du traumatisme cr\u00e2nien, mais elle peut n\u00e9anmoins \u00eatre un facteur contribuant \u00e0 ses complications.<\/p>\n<p>[\/vc_column_text][\/vc_column][\/vc_row][vc_row][vc_column][vc_column_text css=\u00a0\u00bb\u00a0\u00bb]<\/p>\n<h4><span style=\"color: #f1bd49;\"><strong>Interactions bidirectionnelles apr\u00e8s un traumatisme cr\u00e2nien<\/strong><\/span><\/h4>\n<p>[\/vc_column_text][vc_column_text css=\u00a0\u00bb\u00a0\u00bb]<\/p>\n<p align=\"justify\">Le traumatisme cr\u00e2nien n&rsquo;affecte pas seulement le cerveau mais provoque \u00e9galement une r\u00e9ponse de stress qui va d\u00e9clencher une inflammation centrale ainsi qu\u2019une r\u00e9ponse inflammatoire multi-organique, impliquant l&rsquo;action du syst\u00e8me nerveux autonome et de l&rsquo;axe hypothalamo-hypophysaire.<\/p>\n<p>[\/vc_column_text][vc_single_image image=\u00a0\u00bb3115&Prime; img_size=\u00a0\u00bbfull\u00a0\u00bb alignment=\u00a0\u00bbcenter\u00a0\u00bb css=\u00a0\u00bb\u00a0\u00bb][vc_column_text css=\u00a0\u00bb\u00a0\u00bb]<\/p>\n<h4 style=\"text-align: left;\"><span style=\"color: #f1bd49;\"><strong>Source : <span style=\"color: #69abb4;\">Freire Royes, 2021<\/span><\/strong><\/span><\/h4>\n<p>[\/vc_column_text][vc_column_text css=\u00a0\u00bb\u00a0\u00bb]<\/p>\n<p align=\"justify\">L&rsquo;impact d\u2019une l\u00e9sion c\u00e9r\u00e9brale traumatique sur la composition du microbiote associ\u00e9 aux risques de complications s\u00e9v\u00e8res ult\u00e9rieures qu\u2019elle peut entra\u00eener montre l\u2019int\u00e9r\u00eat de la technologie REGEnLIFE qui cible \u00e0 la fois le cerveau et l&rsquo;intestin.<\/p>\n<p align=\"justify\">Ainsi, l\u2019\u00e9quilibre de l\u2019axe intestin-cerveau et son bon fonctionnement sont essentiels pour maintenir l&rsquo;hom\u00e9ostasie et donc une bonne communication entre les organes.<\/p>\n<p>[\/vc_column_text][\/vc_column][\/vc_row][vc_row full_width=\u00a0\u00bbstretch_row\u00a0\u00bb css=\u00a0\u00bb.vc_custom_1750778619152{background-color: #FFFFFF !important;}\u00a0\u00bb][vc_column][vc_column_text css=\u00a0\u00bb\u00a0\u00bb]<\/p>\n<h4><span style=\"color: #f1bd49;\"><strong>Traumatisme cr\u00e2nien et maladie d\u2019Alzheimer : le lien c\u00e9r\u00e9brovasculaire<\/strong><\/span><\/h4>\n<p>[\/vc_column_text][vc_column_text css=\u00a0\u00bb\u00a0\u00bb]<\/p>\n<p align=\"justify\">Ce lien favorise le d\u00e9veloppement d&rsquo;approches th\u00e9rapeutiques \u00e0 la fois pour les traumatismes cr\u00e2niens et la maladie d&rsquo;Alzheimer. En effet, les traumatismes cr\u00e2niens chroniques pr\u00e9sentent une pathologie semblable \u00e0 celle de la maladie d&rsquo;Alzheimer.<\/p>\n<p align=\"justify\">Plusieurs \u00e9tudes montrent que la lib\u00e9ration des prot\u00e9ines \u03b2-amylo\u00efde et Tau provoquent des l\u00e9sions c\u00e9r\u00e9brovasculaires. L\u2019accumulation de \u03b2-amylo\u00efde et de Tau dans les micro-vaisseaux sanguins du cerveau entra\u00eene des cons\u00e9quences n\u00e9fastes. \u00c0 son tour, le dommage vasculaire induit plus de d\u00e9p\u00f4ts de \u03b2-amylo\u00efde et de Tau qui m\u00e8neront finalement \u00e0 une d\u00e9ficience cognitive et au d\u00e9veloppement d&rsquo;une<strong> pathologie de type Alzheimer<\/strong>.<\/p>\n<p>[\/vc_column_text][vc_single_image image=\u00a0\u00bb3118&Prime; img_size=\u00a0\u00bbfull\u00a0\u00bb alignment=\u00a0\u00bbcenter\u00a0\u00bb css=\u00a0\u00bb\u00a0\u00bb][vc_column_text css=\u00a0\u00bb\u00a0\u00bb]<\/p>\n<h4 style=\"text-align: left;\"><span style=\"color: #f1bd49;\"><strong>Source : <span style=\"color: #69abb4;\">Ramos Cerudo, 2018<\/span><\/strong><\/span><\/h4>\n<p>[\/vc_column_text][\/vc_column][\/vc_row][vc_row][vc_column][vc_row_inner css=\u00a0\u00bb.vc_custom_1751014035609{margin-top: 50px !important;margin-right: 90px !important;margin-left: 90px !important;background-color: #F5E0B1 !important;border-radius: 25px !important;}\u00a0\u00bb mobile_margin_left=\u00a0\u00bb10&Prime; mobile_margin_right=\u00a0\u00bb10&Prime;][vc_column_inner][vc_column_text css=\u00a0\u00bb\u00a0\u00bb]<\/p>\n<h4 style=\"text-align: center;\">La photobiomodulation appara\u00eet aujourd\u2019hui comme un traitement potentiel des commotions c\u00e9r\u00e9brales.<\/h4>\n<p>[\/vc_column_text][\/vc_column_inner][\/vc_row_inner][\/vc_column][\/vc_row][vc_row full_width=\u00a0\u00bbstretch_row\u00a0\u00bb gap=\u00a0\u00bb10&Prime; css=\u00a0\u00bb.vc_custom_1751626328785{margin-bottom: 0px !important;padding-top: 5px !important;}\u00a0\u00bb][vc_column width=\u00a0\u00bb1\/3&Prime; css=\u00a0\u00bb.vc_custom_1750776875750{padding-top: 35px !important;padding-right: 21px !important;padding-bottom: 50px !important;padding-left: 21px !important;border-radius: 30px !important;border-color: #DBE7E6 !important;}\u00a0\u00bb mobile_padding_bottom=\u00a0\u00bb20&Prime;][\/vc_column][vc_column width=\u00a0\u00bb1\/3&Prime; css=\u00a0\u00bb.vc_custom_1750664300653{border-top-width: 2px !important;border-right-width: 2px !important;border-bottom-width: 2px !important;border-left-width: 2px !important;padding-top: 35px !important;padding-right: 21px !important;padding-bottom: 20px !important;padding-left: 21px !important;border-left-style: solid !important;border-right-style: solid !important;border-top-style: solid !important;border-bottom-style: solid !important;border-radius: 30px !important;border-color: #DBE7E6 !important;}\u00a0\u00bb mobile_padding_bottom=\u00a0\u00bb20&Prime;][vc_single_image image=\u00a0\u00bb4240&Prime; img_size=\u00a0\u00bb150&#215;150&Prime; css=\u00a0\u00bb.vc_custom_1752576635444{margin-bottom: 0px !important;margin-left: 0px !important;}\u00a0\u00bb][vc_column_text css=\u00a0\u00bb.vc_custom_1753095996868{margin-bottom: 20px !important;}\u00a0\u00bb]<\/p>\n<h5><span style=\"color: #f1bd49;\">Premiers r\u00e9sultats de l\u2019\u00e9tude clinique pilote RECOVERY de REGEnLIFE, sur les commotions c\u00e9r\u00e9brales aigu\u00ebs chez le sportif<\/span><\/h5>\n<p>[\/vc_column_text][vc_column_text css=\u00a0\u00bb.vc_custom_1770134776660{margin-right: 0px !important;margin-bottom: 0px !important;margin-left: 0px !important;border-left-width: 0px !important;padding-right: 0px !important;}\u00a0\u00bb]<\/p>\n<p align=\"justify\">Le<strong> RGn550<\/strong> s&rsquo;est montr\u00e9 s\u00fbr, bien tol\u00e9r\u00e9 et efficace dans une \u00e9tude clinique pilote sur les <strong>commotions c\u00e9r\u00e9brales chez les sportifs<\/strong><\/p>\n<p>[\/vc_column_text][\/vc_column][vc_column width=\u00a0\u00bb1\/3&Prime; css=\u00a0\u00bb.vc_custom_1750776885029{padding-top: 35px !important;padding-right: 21px !important;padding-bottom: 20px !important;padding-left: 21px !important;border-radius: 30px !important;border-color: #DBE7E6 !important;}\u00a0\u00bb][\/vc_column][\/vc_row][vc_row][vc_column width=\u00a0\u00bb1\/3&Prime;][\/vc_column][vc_column width=\u00a0\u00bb1\/3&Prime;]<style type=\"text\/css\">.thegem-button-69f81ce3ade895766 .gem-button {padding-left: 20px;padding-right: 12px;}@media (max-width: 767px) {.thegem-button-69f81ce3ade895766 .gem-button {padding-left: 25px;}}.thegem-button-69f81ce3ade895766 .gem-button svg {fill: #000000;}.thegem-button-69f81ce3ade895766 .gem-button:hover svg {fill: #FFFFFF;}<\/style><div class=\"gem-button-container gem-button-position-inline thegem-button-69f81ce3ade895766 custom-button-seo-agency   \"  ><a class=\"gem-button gem-button-size-small gem-button-style-outline gem-button-text-weight-thin gem-button-border-2 gem-button-no-uppercase\" data-ll-effect=\"drop-right-without-wrap\" style=\"border-radius: 100px;border-color: #000000;color: #000000;\" onmouseleave=\"this.style.borderColor='#000000';this.style.backgroundColor='transparent';this.style.color='#000000';\" onmouseenter=\"this.style.backgroundColor='#000000';this.style.color='#FFFFFF';\" href=\"\" target=\"_self\" role=\"button\">En savoir plus<\/a><\/div> [\/vc_column][vc_column width=\u00a0\u00bb1\/3&Prime;][\/vc_column][\/vc_row]<\/p>\n<\/div>","protected":false},"excerpt":{"rendered":"<p>[vc_row equal_height=\u00a0\u00bbyes\u00a0\u00bb content_placement=\u00a0\u00bbtop\u00a0\u00bb custom_css_code=\u00a0\u00bbLmdlbS1pbWFnZS1jZW50ZXJlZC1ib3glMjAlN0IlMEElMjAlMjAlMjAlMjBtYXJnaW4tYm90dG9tJTNBJTIwMCUzQiUwQSU3RCUwQS5pbWctYm9yZGVyLXJhZGl1cyUyMGltZyU3QiUwQSUyMCUyMCUyMCUyMGJvcmRlci1yYWRpdXMlM0ElMjAzM3B4JTNCJTBBJTdEJTBBLmN1c3RvbS1pbmZvdGV4dCUyMCU3QiUwQSUyMCUyMCUyMCUyMHdpZHRoJTNBJTIwMjIwcHglM0IlMEElN0QlMEElNDBtZWRpYSUyOG1heC13aWR0aCUzQSUyMDk5MXB4JTI5JTdCJTBBJTIwJTIwJTIwJTIwLmN1c3RvbS1pbmZvdGV4dCUyMCU3QiUwQSUyMCUyMCUyMCUyMCUyMCUyMCUyMCUyMHdpZHRoJTNBJTIwMjAwcHglM0IlMEElMjAlMjAlMjAlMjAlN0QlMEElN0Q=\u00a0\u00bb thegem_revesrse_columns_mobile=\u00a0\u00bbtrue\u00a0\u00bb css=\u00a0\u00bb.vc_custom_1753438612121{margin-bottom: 0px !important;padding-top: 85px !important;padding-bottom: 0px !important;}\u00a0\u00bb tablet_padding_top=\u00a0\u00bb160&Prime; el_class=\u00a0\u00bbCONTENEDORPIRATA\u00a0\u00bb mobile_padding_top=\u00a0\u00bb45&Prime; mobile_margin_bottom=\u00a0\u00bb-100&Prime;][vc_column width=\u00a0\u00bb1\/2&Prime; css=\u00a0\u00bb.vc_custom_1750698481768{padding-top: 0px !important;padding-right:&#8230;<\/p>\n","protected":false},"author":1,"featured_media":3273,"parent":0,"menu_order":0,"comment_status":"closed","ping_status":"closed","template":"","meta":{"_acf_changed":false,"footnotes":""},"class_list":["post-3105","page","type-page","status-publish","has-post-thumbnail"],"acf":[],"_links":{"self":[{"href":"https:\/\/regenlife.com\/fr\/wp-json\/wp\/v2\/pages\/3105","targetHints":{"allow":["GET"]}}],"collection":[{"href":"https:\/\/regenlife.com\/fr\/wp-json\/wp\/v2\/pages"}],"about":[{"href":"https:\/\/regenlife.com\/fr\/wp-json\/wp\/v2\/types\/page"}],"author":[{"embeddable":true,"href":"https:\/\/regenlife.com\/fr\/wp-json\/wp\/v2\/users\/1"}],"replies":[{"embeddable":true,"href":"https:\/\/regenlife.com\/fr\/wp-json\/wp\/v2\/comments?post=3105"}],"version-history":[{"count":28,"href":"https:\/\/regenlife.com\/fr\/wp-json\/wp\/v2\/pages\/3105\/revisions"}],"predecessor-version":[{"id":4716,"href":"https:\/\/regenlife.com\/fr\/wp-json\/wp\/v2\/pages\/3105\/revisions\/4716"}],"wp:featuredmedia":[{"embeddable":true,"href":"https:\/\/regenlife.com\/fr\/wp-json\/wp\/v2\/media\/3273"}],"wp:attachment":[{"href":"https:\/\/regenlife.com\/fr\/wp-json\/wp\/v2\/media?parent=3105"}],"curies":[{"name":"wp","href":"https:\/\/api.w.org\/{rel}","templated":true}]}}