{"id":3128,"date":"2025-06-24T17:36:42","date_gmt":"2025-06-24T15:36:42","guid":{"rendered":"https:\/\/regenlife.com\/?page_id=3128"},"modified":"2026-02-03T17:12:10","modified_gmt":"2026-02-03T16:12:10","slug":"commotion-cerebrale-technologie","status":"publish","type":"page","link":"https:\/\/regenlife.com\/fr\/commotion-cerebrale-technologie\/","title":{"rendered":"RECHERCHE &#038; D\u00c9VELOPPEMENT"},"content":{"rendered":"<div class=\"wpb-content-wrapper\"><p>[vc_row equal_height=\u00a0\u00bbyes\u00a0\u00bb content_placement=\u00a0\u00bbtop\u00a0\u00bb custom_css_code=\u00a0\u00bbLmdlbS1pbWFnZS1jZW50ZXJlZC1ib3glMjAlN0IlMEElMjAlMjAlMjAlMjBtYXJnaW4tYm90dG9tJTNBJTIwMCUzQiUwQSU3RCUwQS5pbWctYm9yZGVyLXJhZGl1cyUyMGltZyU3QiUwQSUyMCUyMCUyMCUyMGJvcmRlci1yYWRpdXMlM0ElMjAzM3B4JTNCJTBBJTdEJTBBLmN1c3RvbS1pbmZvdGV4dCUyMCU3QiUwQSUyMCUyMCUyMCUyMHdpZHRoJTNBJTIwMjIwcHglM0IlMEElN0QlMEElNDBtZWRpYSUyOG1heC13aWR0aCUzQSUyMDk5MXB4JTI5JTdCJTBBJTIwJTIwJTIwJTIwLmN1c3RvbS1pbmZvdGV4dCUyMCU3QiUwQSUyMCUyMCUyMCUyMCUyMCUyMCUyMCUyMHdpZHRoJTNBJTIwMjAwcHglM0IlMEElMjAlMjAlMjAlMjAlN0QlMEElN0Q=\u00a0\u00bb thegem_revesrse_columns_mobile=\u00a0\u00bbtrue\u00a0\u00bb css=\u00a0\u00bb.vc_custom_1753438660464{margin-bottom: 0px !important;padding-top: 85px !important;padding-bottom: 0px !important;}\u00a0\u00bb tablet_padding_top=\u00a0\u00bb160&Prime; el_class=\u00a0\u00bbCONTENEDORPIRATA\u00a0\u00bb mobile_padding_top=\u00a0\u00bb45&Prime; mobile_margin_bottom=\u00a0\u00bb-100&Prime;][vc_column width=\u00a0\u00bb1\/2&Prime; css=\u00a0\u00bb.vc_custom_1750698481768{padding-top: 0px !important;padding-right: 75px !important;}\u00a0\u00bb tablet_padding_right=\u00a0\u00bb42&Prime; mobile_padding_bottom=\u00a0\u00bb60&Prime; mobile_padding_right=\u00a0\u00bb21&Prime; el_class=\u00a0\u00bbINTROPIRATA\u00a0\u00bb]<div class=\"thegem-te-heading thegem-custom-69f81e06dbe60566\" ><h1 id=\"thegem-heading-69f81e06dbe1c\" class=\"thegem-heading title-h2 vc_custom_1770135027023\" style=\"text-align: left;\" ><span>D\u00c9VELOPPEMENT TH\u00c9RAPEUTIQUE<\/span><\/h1><style type=\"text\/css\">#thegem-heading-69f81e06dbe1c {margin: 0;}#thegem-heading-69f81e06dbe1c a:hover, #thegem-heading-69f81e06dbe1c a:hover span.colored {color: var(--thegem-to-menu-level1-color-hover, #00BCD4) !important;}<\/style><\/div><style>@media screen and (max-width: 1023px) {.thegem-te-heading.thegem-custom-69f81e06dbe60566{display: block!important;}}@media screen and (max-width: 767px) {.thegem-te-heading.thegem-custom-69f81e06dbe60566{display: block!important;}}@media screen and (max-width: 1023px) {.thegem-te-heading.thegem-custom-69f81e06dbe60566{position: relative !important;}}@media screen and (max-width: 767px) {.thegem-te-heading.thegem-custom-69f81e06dbe60566{position: relative !important;}}<\/style>[vc_column_text css=\u00a0\u00bb\u00a0\u00bb]<\/p>\n<h2 style=\"text-align: left; font-size: 1.2em;\"><span style=\"color: #f1bd49;\"><strong>La commotion c\u00e9r\u00e9brale <\/strong><\/span><\/h2>\n<p>[\/vc_column_text][vc_column_text css=\u00a0\u00bb\u00a0\u00bb]<\/p>\n<p align=\"justify\">Avec plus de 6 personnes sur 1000 concern\u00e9es, les commotions c\u00e9r\u00e9brales sont l\u2019une des blessures les plus courantes dans la pratique sportive (5% des blessures sportives*). Aux \u00c9tats-Unis, de 1,6 \u00e0 3,8 millions de commotions c\u00e9r\u00e9brales surviennent chaque ann\u00e9e**. Souvent sous estim\u00e9es et mal diagnostiqu\u00e9es, ces l\u00e9sions, cons\u00e9cutives \u00e0 un choc, perturbent le fonctionnement du cerveau et exposent \u00e0 des risques cognitifs accrus, parfois persistants, et \u00e0 des maladies neurod\u00e9g\u00e9n\u00e9ratives***, comme l\u2019enc\u00e9phalopathie traumatique chronique notamment. En l\u2019absence de traitement curatif sp\u00e9cifique, la prise en charge reste limit\u00e9e \u00e0 des interventions cibl\u00e9es en cas de sympt\u00f4mes persistants.<\/p>\n<p style=\"text-align: left;\">* <em><a href=\"https:\/\/pubmed.ncbi.nlm.nih.gov\/15083870\/\">Journal of Rehabilitation Medecine, (2004)<\/a><\/em><\/p>\n<p style=\"text-align: left;\"><em>**<\/em> <em><a href=\"https:\/\/www.em-consulte.com\/article\/1685877\/epidemiologie-des-commotions-cerebrales-dans-le-sp\">Journal de Traumatologie du Sport (2024)<\/a><\/em><\/p>\n<p style=\"text-align: left;\"><em>*** <a href=\"https:\/\/pubmed.ncbi.nlm.nih.gov\/25748121\/\">Molecular and cell neuroscience (2015)<\/a><\/em><\/p>\n<p>[\/vc_column_text][vc_column_text css=\u00a0\u00bb\u00a0\u00bb]<strong>En milieu sportif, les sports essentiellement concern\u00e9s sont\u202f : <\/strong>[\/vc_column_text][vc_row_inner equal_height=\u00a0\u00bbyes\u00a0\u00bb content_placement=\u00a0\u00bbmiddle\u00a0\u00bb css=\u00a0\u00bb.vc_custom_1750773328334{margin-top: 0px !important;margin-bottom: 0px !important;padding-top: 0px !important;padding-bottom: 45px !important;}\u00a0\u00bb tablet_padding_top=\u00a0\u00bb30&Prime; mobile_padding_top=\u00a0\u00bb50&Prime;][vc_column_inner mobile_padding_bottom=\u00a0\u00bb70&Prime;]<style>.thegem-custom-69f81e06dbf182520 .gem-icon-inner {background-color: #F5E5C2;}.thegem-custom-69f81e06dbf182520 .gem-icon-half-1 {color: #F1BD49;}.thegem-custom-69f81e06dbf182520 .gem-icon-half-2 {color: #F1BD49;}.thegem-custom-69f81e06dbf182520 .gem-icon-style-gradient .back-angle {background: linear-gradient( to bottom, #F1BD49, ); -webkit-text-fill-color: transparent; -webkit-background-clip: text;}.thegem-custom-69f81e06dbf182520 .gem-icon  {border-color: #F5E5C2;border-color: #F5E5C2;}.thegem-custom-69f81e06dbf182520 .gem-icon  {font-size: 22px;}.thegem-custom-69f81e06dbf182520 .gem-icon:not(.gem-simple-icon) .gem-icon-inner {width: 33px; height: 33px; line-height: 33px;}.thegem-custom-69f81e06dbf182520 .gem-icon.gem-simple-icon {width: 22px; height: 22px; line-height: 22px;}.gem-infotext.thegem-custom-69f81e06dbf182520 .gem-infotext-icon {margin-top:-2px !important;}.gem-infotext.thegem-custom-69f81e06dbf182520 .gem-infotext-icon {margin-right:20px !important;}<\/style><div class=\"gem-infotext vc_custom_1750777497712 alignment-left thegem-custom-69f81e06dbf182520\"> <div class=\"gem-infotext-wrap position--left vertical--center\"> <div class=\"gem-infotext-icon\"> <div class=\"gem-icon gem-icon-pack-elegant gem-icon-size-custom gem-icon-shape-circle\"> <div class=\"gem-icon-inner\"><span class=\"gem-icon-half-1\"><span class=\"back-angle\">&#x4e;<\/span><\/span><span class=\"gem-icon-half-2\"><span class=\"back-angle\">&#x4e;<\/span><\/span><\/div> <\/div> <\/div> <div class=\"gem-infotext\"> <div class=\"gem-infotext__title\"> <div class=\"title-customize text-body\" style=\"\"> <strong>Sports individuels : <\/strong>arts martiaux et sports de combat, ski, sports m\u00e9caniques, \u00e9quitation\u2026 <\/div> <\/div> <\/div> <\/div> <\/div><style>.thegem-custom-69f81e06dbfa23525 .gem-icon-inner {background-color: #F5E5C2;}.thegem-custom-69f81e06dbfa23525 .gem-icon-half-1 {color: #F1BD49;}.thegem-custom-69f81e06dbfa23525 .gem-icon-half-2 {color: #F1BD49;}.thegem-custom-69f81e06dbfa23525 .gem-icon-style-gradient .back-angle {background: linear-gradient( to bottom, #F1BD49, ); -webkit-text-fill-color: transparent; -webkit-background-clip: text;}.thegem-custom-69f81e06dbfa23525 .gem-icon  {border-color: #F5E5C2;border-color: #F5E5C2;}.thegem-custom-69f81e06dbfa23525 .gem-icon  {font-size: 22px;}.thegem-custom-69f81e06dbfa23525 .gem-icon:not(.gem-simple-icon) .gem-icon-inner {width: 33px; height: 33px; line-height: 33px;}.thegem-custom-69f81e06dbfa23525 .gem-icon.gem-simple-icon {width: 22px; height: 22px; line-height: 22px;}.gem-infotext.thegem-custom-69f81e06dbfa23525 .gem-infotext-icon {margin-top:-2px !important;}.gem-infotext.thegem-custom-69f81e06dbfa23525 .gem-infotext-icon {margin-right:20px !important;}<\/style><div class=\"gem-infotext vc_custom_1753095860474 alignment-left thegem-custom-69f81e06dbfa23525\"> <div class=\"gem-infotext-wrap position--left vertical--center\"> <div class=\"gem-infotext-icon\"> <div class=\"gem-icon gem-icon-pack-elegant gem-icon-size-custom gem-icon-shape-circle\"> <div class=\"gem-icon-inner\"><span class=\"gem-icon-half-1\"><span class=\"back-angle\">&#x4e;<\/span><\/span><span class=\"gem-icon-half-2\"><span class=\"back-angle\">&#x4e;<\/span><\/span><\/div> <\/div> <\/div> <div class=\"gem-infotext\"> <div class=\"gem-infotext__title\"> <div class=\"title-customize text-body\" style=\"\"> <strong>Sports collectifs : <\/strong>football, rugby, football am\u00e9ricain, hockey, handball, basketball, arts martiaux, boxe\u2026 <\/div> <\/div> <\/div> <\/div> <\/div>[\/vc_column_inner][\/vc_row_inner][\/vc_column][vc_column width=\u00a0\u00bb1\/2&Prime; css=\u00a0\u00bb.vc_custom_1750698153438{padding-top: 90px !important;}\u00a0\u00bb mobile_padding_top=\u00a0\u00bb175&Prime; el_class=\u00a0\u00bbIMAGENPIRATA\u00a0\u00bb]<div class=\"centered-box gem-image-centered-box\" ><div class=\"gem-image gem-wrapbox gem-wrapbox-style-default gem-wrapbox-position-centered img-border-radius thegem-custom-69f81e06dbff36251\"  style=\"\" ><div class=\"gem-wrapbox-inner \" ><img class=\"gem-wrapbox-element img-responsive\" src=\"https:\/\/regenlife.com\/wp-content\/uploads\/2025\/07\/Photo_RD_introduction_1000x720-1.jpg\" alt=\"\"\/><\/div><\/div><\/div>[\/vc_column][\/vc_row][vc_row full_width=\u00a0\u00bbstretch_row\u00a0\u00bb custom_css_code=\u00a0\u00bbLmN1c3RvbS10aXRsZSUyMGgyJTdCJTBBJTIwJTIwJTIwJTIwbWFyZ2luLXJpZ2h0JTNBJTIwMzBweCUyMWltcG9ydGFudCUzQiUwQSUyMCUyMCUyMCUyMG1hcmdpbi1ib3R0b20lM0ElMjAwJTIxaW1wb3J0YW50JTNCJTBBJTIwJTIwJTIwJTIwbWFyZ2luLXRvcCUzQSUyMDAlMjFpbXBvcnRhbnQlM0IlMEElN0QlMEEuY3VzdG9tLXRpdGxlJTIwLnZjX3NlcF9saW5lJTIwJTdCJTBBJTIwJTIwJTIwJTIwdG9wJTNBJTIwMTJweCUyMWltcG9ydGFudCUzQiUwQSU3RCUwQS5nZW0taW5mb3RleHQlMjAlN0IlMEElMjAlMjAlMjAlMjB3aWR0aCUzQSUyMGF1dG8lMjFpbXBvcnRhbnQlM0IlMEElN0QlMEEuZ2VtLWluZm90ZXh0JTNBaG92ZXIlMjAlN0IlMEElMjAlMjAlMjAlMjBiYWNrZ3JvdW5kLWNvbG9yJTNBJTIwJTIzRjlFQUQ1JTIwJTIxaW1wb3J0YW50JTNCJTBBJTIwJTIwJTIwJTIwdHJhbnNpdGlvbiUzQSUyMGFsbCUyMDAuM3MlM0IlMEElN0QlMEE=\u00a0\u00bb css=\u00a0\u00bb.vc_custom_1750698736234{margin-bottom: 0px !important;padding-top: 85px !important;padding-bottom: 85px !important;background-color: #FFFFFF !important;}\u00a0\u00bb][vc_column css=\u00a0\u00bb.vc_custom_1726578677849{padding-top: 0px !important;}\u00a0\u00bb][vc_row_inner content_placement=\u00a0\u00bbbottom\u00a0\u00bb][vc_column_inner]<style type=\"text\/css\">.thegem-button-69f81e06dc5459360 .gem-button svg {fill: #000000;}<\/style><div class=\"gem-button-container gem-button-position-left thegem-button-69f81e06dc5459360 QUITARLINK   \"  ><a class=\"gem-button gem-button-size-small gem-button-style-flat gem-button-text-weight-normal\" data-ll-effect=\"drop-right-without-wrap\" style=\"border-radius: 0px;background-color: #F9E5B6;color: #000000;\" onmouseleave=\"this.style.backgroundColor='#F9E5B6';this.style.color='#000000';\" onmouseenter=\"\" href=\"\" target=\"_self\" role=\"button\">Technologie<\/a><\/div> [\/vc_column_inner][\/vc_row_inner][vc_row_inner content_placement=\u00a0\u00bbbottom\u00a0\u00bb][vc_column_inner][vc_column_text css=\u00a0\u00bb\u00a0\u00bb]<\/p>\n<h4 style=\"text-align: left;\"><span style=\"color: #f1bd49;\"><strong>Une nouvelle approche pour la prise en charge des commotions c\u00e9r\u00e9brales <\/strong><\/span><\/h4>\n<p>[\/vc_column_text][vc_column_text css=\u00a0\u00bb\u00a0\u00bb]<\/p>\n<p align=\"justify\">REGEnLIFE a d\u00e9fini un protocole d\u2019application unique dans le traitement des commotions c\u00e9r\u00e9brales, fond\u00e9 sur sa technologie de photobiomodulation\u202f: la stimulation TriPhotonique.<\/p>\n<p>[\/vc_column_text][vc_single_image image=\u00a0\u00bb5960&Prime; img_size=\u00a0\u00bbfull\u00a0\u00bb alignment=\u00a0\u00bbcenter\u00a0\u00bb css=\u00a0\u00bb\u00a0\u00bb][\/vc_column_inner][\/vc_row_inner][\/vc_column][\/vc_row][vc_row][vc_column][vc_row_inner equal_height=\u00a0\u00bbyes\u00a0\u00bb content_placement=\u00a0\u00bbmiddle\u00a0\u00bb css=\u00a0\u00bb.vc_custom_1750779938835{margin-top: 20px !important;margin-bottom: 0px !important;padding-top: 0px !important;padding-bottom: 0px !important;}\u00a0\u00bb tablet_padding_top=\u00a0\u00bb30&Prime; mobile_padding_top=\u00a0\u00bb50&Prime;][vc_column_inner mobile_padding_bottom=\u00a0\u00bb70&Prime;]<style>.thegem-custom-69f81e06dc5b76011 .gem-icon-inner {background-color: #F5E5C2;}.thegem-custom-69f81e06dc5b76011 .gem-icon-half-1 {color: #F1BD49;}.thegem-custom-69f81e06dc5b76011 .gem-icon-half-2 {color: #F1BD49;}.thegem-custom-69f81e06dc5b76011 .gem-icon-style-gradient .back-angle {background: linear-gradient( to bottom, #F1BD49, ); -webkit-text-fill-color: transparent; -webkit-background-clip: text;}.thegem-custom-69f81e06dc5b76011 .gem-icon  {border-color: #F5E5C2;border-color: #F5E5C2;}.thegem-custom-69f81e06dc5b76011 .gem-icon  {font-size: 22px;}.thegem-custom-69f81e06dc5b76011 .gem-icon:not(.gem-simple-icon) .gem-icon-inner {width: 33px; height: 33px; line-height: 33px;}.thegem-custom-69f81e06dc5b76011 .gem-icon.gem-simple-icon {width: 22px; height: 22px; line-height: 22px;}.gem-infotext.thegem-custom-69f81e06dc5b76011 .gem-infotext-icon {margin-top:-2px !important;}.gem-infotext.thegem-custom-69f81e06dc5b76011 .gem-infotext-icon {margin-right:20px !important;}<\/style><div class=\"gem-infotext vc_custom_1750779852541 alignment-left thegem-custom-69f81e06dc5b76011\"> <div class=\"gem-infotext-wrap position--left vertical--center\"> <div class=\"gem-infotext-icon\"> <div class=\"gem-icon gem-icon-pack-elegant gem-icon-size-custom gem-icon-shape-circle\"> <div class=\"gem-icon-inner\"><span class=\"gem-icon-half-1\"><span class=\"back-angle\">&#x4e;<\/span><\/span><span class=\"gem-icon-half-2\"><span class=\"back-angle\">&#x4e;<\/span><\/span><\/div> <\/div> <\/div> <div class=\"gem-infotext\"> <div class=\"gem-infotext__title\"> <div class=\"title-customize text-body\" style=\"\"> Le traitement est non-invasif, indolore et le patient est confortablement assis pendant toute la dur\u00e9e de la s\u00e9ance. <\/div> <\/div> <\/div> <\/div> <\/div><style>.thegem-custom-69f81e06dc6525157 .gem-icon-inner {background-color: #F5E5C2;}.thegem-custom-69f81e06dc6525157 .gem-icon-half-1 {color: #F1BD49;}.thegem-custom-69f81e06dc6525157 .gem-icon-half-2 {color: #F1BD49;}.thegem-custom-69f81e06dc6525157 .gem-icon-style-gradient .back-angle {background: linear-gradient( to bottom, #F1BD49, ); -webkit-text-fill-color: transparent; -webkit-background-clip: text;}.thegem-custom-69f81e06dc6525157 .gem-icon  {border-color: #F5E5C2;border-color: #F5E5C2;}.thegem-custom-69f81e06dc6525157 .gem-icon  {font-size: 22px;}.thegem-custom-69f81e06dc6525157 .gem-icon:not(.gem-simple-icon) .gem-icon-inner {width: 33px; height: 33px; line-height: 33px;}.thegem-custom-69f81e06dc6525157 .gem-icon.gem-simple-icon {width: 22px; height: 22px; line-height: 22px;}.gem-infotext.thegem-custom-69f81e06dc6525157 .gem-infotext-icon {margin-top:-2px !important;}.gem-infotext.thegem-custom-69f81e06dc6525157 .gem-infotext-icon {margin-right:20px !important;}<\/style><div class=\"gem-infotext vc_custom_1750779865159 alignment-left thegem-custom-69f81e06dc6525157\"> <div class=\"gem-infotext-wrap position--left vertical--center\"> <div class=\"gem-infotext-icon\"> <div class=\"gem-icon gem-icon-pack-elegant gem-icon-size-custom gem-icon-shape-circle\"> <div class=\"gem-icon-inner\"><span class=\"gem-icon-half-1\"><span class=\"back-angle\">&#x4e;<\/span><\/span><span class=\"gem-icon-half-2\"><span class=\"back-angle\">&#x4e;<\/span><\/span><\/div> <\/div> <\/div> <div class=\"gem-infotext\"> <div class=\"gem-infotext__title\"> <div class=\"title-customize text-body\" style=\"\"> La technologie est embarqu\u00e9e dans des modules, ces derniers sont mont\u00e9s sur des supports souples d\u00e9di\u00e9s aux zones de traitement\u202fau niveau du cr\u00e2ne. <\/div> <\/div> <\/div> <\/div> <\/div><style>.thegem-custom-69f81e06dc6e28187 .gem-icon-inner {background-color: #F5E5C2;}.thegem-custom-69f81e06dc6e28187 .gem-icon-half-1 {color: #F1BD49;}.thegem-custom-69f81e06dc6e28187 .gem-icon-half-2 {color: #F1BD49;}.thegem-custom-69f81e06dc6e28187 .gem-icon-style-gradient .back-angle {background: linear-gradient( to bottom, #F1BD49, ); -webkit-text-fill-color: transparent; -webkit-background-clip: text;}.thegem-custom-69f81e06dc6e28187 .gem-icon  {border-color: #F5E5C2;border-color: #F5E5C2;}.thegem-custom-69f81e06dc6e28187 .gem-icon  {font-size: 22px;}.thegem-custom-69f81e06dc6e28187 .gem-icon:not(.gem-simple-icon) .gem-icon-inner {width: 33px; height: 33px; line-height: 33px;}.thegem-custom-69f81e06dc6e28187 .gem-icon.gem-simple-icon {width: 22px; height: 22px; line-height: 22px;}.gem-infotext.thegem-custom-69f81e06dc6e28187 .gem-infotext-icon {margin-top:-2px !important;}.gem-infotext.thegem-custom-69f81e06dc6e28187 .gem-infotext-icon {margin-right:20px !important;}<\/style><div class=\"gem-infotext vc_custom_1750779877275 alignment-left thegem-custom-69f81e06dc6e28187\"> <div class=\"gem-infotext-wrap position--left vertical--center\"> <div class=\"gem-infotext-icon\"> <div class=\"gem-icon gem-icon-pack-elegant gem-icon-size-custom gem-icon-shape-circle\"> <div class=\"gem-icon-inner\"><span class=\"gem-icon-half-1\"><span class=\"back-angle\">&#x4e;<\/span><\/span><span class=\"gem-icon-half-2\"><span class=\"back-angle\">&#x4e;<\/span><\/span><\/div> <\/div> <\/div> <div class=\"gem-infotext\"> <div class=\"gem-infotext__title\"> <div class=\"title-customize text-body\" style=\"\"> Le boitier de commande assure un pilotage \u00e9lectronique du casque. <\/div> <\/div> <\/div> <\/div> <\/div><style>.thegem-custom-69f81e06dc7657547 .gem-icon-inner {background-color: #F5E5C2;}.thegem-custom-69f81e06dc7657547 .gem-icon-half-1 {color: #F1BD49;}.thegem-custom-69f81e06dc7657547 .gem-icon-half-2 {color: #F1BD49;}.thegem-custom-69f81e06dc7657547 .gem-icon-style-gradient .back-angle {background: linear-gradient( to bottom, #F1BD49, ); -webkit-text-fill-color: transparent; -webkit-background-clip: text;}.thegem-custom-69f81e06dc7657547 .gem-icon  {border-color: #F5E5C2;border-color: #F5E5C2;}.thegem-custom-69f81e06dc7657547 .gem-icon  {font-size: 22px;}.thegem-custom-69f81e06dc7657547 .gem-icon:not(.gem-simple-icon) .gem-icon-inner {width: 33px; height: 33px; line-height: 33px;}.thegem-custom-69f81e06dc7657547 .gem-icon.gem-simple-icon {width: 22px; height: 22px; line-height: 22px;}.gem-infotext.thegem-custom-69f81e06dc7657547 .gem-infotext-icon {margin-top:-2px !important;}.gem-infotext.thegem-custom-69f81e06dc7657547 .gem-infotext-icon {margin-right:20px !important;}<\/style><div class=\"gem-infotext vc_custom_1750779884502 alignment-left thegem-custom-69f81e06dc7657547\"> <div class=\"gem-infotext-wrap position--left vertical--center\"> <div class=\"gem-infotext-icon\"> <div class=\"gem-icon gem-icon-pack-elegant gem-icon-size-custom gem-icon-shape-circle\"> <div class=\"gem-icon-inner\"><span class=\"gem-icon-half-1\"><span class=\"back-angle\">&#x4e;<\/span><\/span><span class=\"gem-icon-half-2\"><span class=\"back-angle\">&#x4e;<\/span><\/span><\/div> <\/div> <\/div> <div class=\"gem-infotext\"> <div class=\"gem-infotext__title\"> <div class=\"title-customize text-body\" style=\"\"> Les sources lumineuses, de type LED et laser, sont puls\u00e9es de mani\u00e8re simultan\u00e9e et \u00e0 une fr\u00e9quence sp\u00e9cifique. La configuration hardware et software de ce nouveau dispositif est sp\u00e9cifique \u00e0 la commotion c\u00e9r\u00e9brale. <\/div> <\/div> <\/div> <\/div> <\/div>[\/vc_column_inner][\/vc_row_inner][vc_row_inner css=\u00a0\u00bb.vc_custom_1751014103591{margin-top: 50px !important;margin-right: 90px !important;margin-left: 90px !important;background-color: #F5E0B1 !important;border-radius: 25px !important;}\u00a0\u00bb mobile_margin_left=\u00a0\u00bb10&Prime; mobile_margin_right=\u00a0\u00bb10&Prime;][vc_column_inner][vc_column_text css=\u00a0\u00bb\u00a0\u00bb]<\/p>\n<h4 style=\"text-align: center;\">RGn550 : une technologie photom\u00e9dicale innovante et prometteuse pour les <span data-keyword=\"commotion c\u00e9r\u00e9brale\">commotions c\u00e9r\u00e9brales.<\/span><\/h4>\n<p>[\/vc_column_text][\/vc_column_inner][\/vc_row_inner][\/vc_column][\/vc_row][vc_row full_width=\u00a0\u00bbstretch_row\u00a0\u00bb gap=\u00a0\u00bb10&Prime; css=\u00a0\u00bb.vc_custom_1751626341419{margin-bottom: 0px !important;padding-top: 5px !important;}\u00a0\u00bb][vc_column width=\u00a0\u00bb1\/3&Prime; css=\u00a0\u00bb.vc_custom_1750776875750{padding-top: 35px !important;padding-right: 21px !important;padding-bottom: 50px !important;padding-left: 21px !important;border-radius: 30px !important;border-color: #DBE7E6 !important;}\u00a0\u00bb mobile_padding_bottom=\u00a0\u00bb20&Prime;][\/vc_column][vc_column width=\u00a0\u00bb1\/3&Prime; css=\u00a0\u00bb.vc_custom_1750664300653{border-top-width: 2px !important;border-right-width: 2px !important;border-bottom-width: 2px !important;border-left-width: 2px !important;padding-top: 35px !important;padding-right: 21px !important;padding-bottom: 20px !important;padding-left: 21px !important;border-left-style: solid !important;border-right-style: solid !important;border-top-style: solid !important;border-bottom-style: solid !important;border-radius: 30px !important;border-color: #DBE7E6 !important;}\u00a0\u00bb mobile_padding_bottom=\u00a0\u00bb20&Prime;][vc_single_image image=\u00a0\u00bb4240&Prime; img_size=\u00a0\u00bb150&#215;150&Prime; css=\u00a0\u00bb.vc_custom_1752576680512{margin-bottom: 0px !important;margin-left: 0px !important;}\u00a0\u00bb][vc_column_text css=\u00a0\u00bb.vc_custom_1753095932723{margin-bottom: 20px !important;}\u00a0\u00bb]<\/p>\n<h5><span style=\"color: #f1bd49;\">Premiers r\u00e9sultats de l\u2019\u00e9tude clinique pilote RECOVERY de REGEnLIFE, sur les commotions c\u00e9r\u00e9brales aigu\u00ebs chez le sportif<\/span><\/h5>\n<p>[\/vc_column_text][vc_column_text css=\u00a0\u00bb.vc_custom_1770135088428{margin-right: 0px !important;margin-bottom: 0px !important;margin-left: 0px !important;border-left-width: 0px !important;padding-right: 0px !important;}\u00a0\u00bb]<\/p>\n<p align=\"justify\">Le RGn550 s&rsquo;est montr\u00e9 s\u00fbr, bien tol\u00e9r\u00e9 et efficace dans une \u00e9tude clinique pilote sur les commotions c\u00e9r\u00e9brales chez les sportifs<\/p>\n<p>[\/vc_column_text][\/vc_column][vc_column width=\u00a0\u00bb1\/3&Prime; css=\u00a0\u00bb.vc_custom_1750776885029{padding-top: 35px !important;padding-right: 21px !important;padding-bottom: 20px !important;padding-left: 21px !important;border-radius: 30px !important;border-color: #DBE7E6 !important;}\u00a0\u00bb][\/vc_column][\/vc_row][vc_row][vc_column width=\u00a0\u00bb1\/3&Prime;][\/vc_column][vc_column width=\u00a0\u00bb1\/3&Prime;]<style type=\"text\/css\">.thegem-button-69f81e06dc819462 .gem-button {padding-left: 20px;padding-right: 12px;}@media (max-width: 767px) {.thegem-button-69f81e06dc819462 .gem-button {padding-left: 25px;}}.thegem-button-69f81e06dc819462 .gem-button svg {fill: #000000;}.thegem-button-69f81e06dc819462 .gem-button:hover svg {fill: #FFFFFF;}<\/style><div class=\"gem-button-container gem-button-position-inline thegem-button-69f81e06dc819462 custom-button-seo-agency   \"  ><a class=\"gem-button gem-button-size-small gem-button-style-outline gem-button-text-weight-thin gem-button-border-2 gem-button-no-uppercase\" data-ll-effect=\"drop-right-without-wrap\" style=\"border-radius: 100px;border-color: #000000;color: #000000;\" onmouseleave=\"this.style.borderColor='#000000';this.style.backgroundColor='transparent';this.style.color='#000000';\" onmouseenter=\"this.style.backgroundColor='#000000';this.style.color='#FFFFFF';\" href=\"\" target=\"_self\" role=\"button\">En savoir plus<\/a><\/div> [\/vc_column][vc_column width=\u00a0\u00bb1\/3&Prime;][\/vc_column][\/vc_row]<\/p>\n<\/div>","protected":false},"excerpt":{"rendered":"<p>[vc_row equal_height=\u00a0\u00bbyes\u00a0\u00bb content_placement=\u00a0\u00bbtop\u00a0\u00bb custom_css_code=\u00a0\u00bbLmdlbS1pbWFnZS1jZW50ZXJlZC1ib3glMjAlN0IlMEElMjAlMjAlMjAlMjBtYXJnaW4tYm90dG9tJTNBJTIwMCUzQiUwQSU3RCUwQS5pbWctYm9yZGVyLXJhZGl1cyUyMGltZyU3QiUwQSUyMCUyMCUyMCUyMGJvcmRlci1yYWRpdXMlM0ElMjAzM3B4JTNCJTBBJTdEJTBBLmN1c3RvbS1pbmZvdGV4dCUyMCU3QiUwQSUyMCUyMCUyMCUyMHdpZHRoJTNBJTIwMjIwcHglM0IlMEElN0QlMEElNDBtZWRpYSUyOG1heC13aWR0aCUzQSUyMDk5MXB4JTI5JTdCJTBBJTIwJTIwJTIwJTIwLmN1c3RvbS1pbmZvdGV4dCUyMCU3QiUwQSUyMCUyMCUyMCUyMCUyMCUyMCUyMCUyMHdpZHRoJTNBJTIwMjAwcHglM0IlMEElMjAlMjAlMjAlMjAlN0QlMEElN0Q=\u00a0\u00bb thegem_revesrse_columns_mobile=\u00a0\u00bbtrue\u00a0\u00bb css=\u00a0\u00bb.vc_custom_1753438660464{margin-bottom: 0px !important;padding-top: 85px !important;padding-bottom: 0px !important;}\u00a0\u00bb tablet_padding_top=\u00a0\u00bb160&Prime; el_class=\u00a0\u00bbCONTENEDORPIRATA\u00a0\u00bb mobile_padding_top=\u00a0\u00bb45&Prime; mobile_margin_bottom=\u00a0\u00bb-100&Prime;][vc_column width=\u00a0\u00bb1\/2&Prime; css=\u00a0\u00bb.vc_custom_1750698481768{padding-top: 0px !important;padding-right:&#8230;<\/p>\n","protected":false},"author":1,"featured_media":3273,"parent":0,"menu_order":0,"comment_status":"closed","ping_status":"closed","template":"","meta":{"_acf_changed":false,"footnotes":""},"class_list":["post-3128","page","type-page","status-publish","has-post-thumbnail"],"acf":[],"_links":{"self":[{"href":"https:\/\/regenlife.com\/fr\/wp-json\/wp\/v2\/pages\/3128","targetHints":{"allow":["GET"]}}],"collection":[{"href":"https:\/\/regenlife.com\/fr\/wp-json\/wp\/v2\/pages"}],"about":[{"href":"https:\/\/regenlife.com\/fr\/wp-json\/wp\/v2\/types\/page"}],"author":[{"embeddable":true,"href":"https:\/\/regenlife.com\/fr\/wp-json\/wp\/v2\/users\/1"}],"replies":[{"embeddable":true,"href":"https:\/\/regenlife.com\/fr\/wp-json\/wp\/v2\/comments?post=3128"}],"version-history":[{"count":21,"href":"https:\/\/regenlife.com\/fr\/wp-json\/wp\/v2\/pages\/3128\/revisions"}],"predecessor-version":[{"id":5961,"href":"https:\/\/regenlife.com\/fr\/wp-json\/wp\/v2\/pages\/3128\/revisions\/5961"}],"wp:featuredmedia":[{"embeddable":true,"href":"https:\/\/regenlife.com\/fr\/wp-json\/wp\/v2\/media\/3273"}],"wp:attachment":[{"href":"https:\/\/regenlife.com\/fr\/wp-json\/wp\/v2\/media?parent=3128"}],"curies":[{"name":"wp","href":"https:\/\/api.w.org\/{rel}","templated":true}]}}