{"id":3196,"date":"2025-06-24T20:47:26","date_gmt":"2025-06-24T18:47:26","guid":{"rendered":"https:\/\/regenlife.com\/?page_id=3196"},"modified":"2026-01-27T18:05:38","modified_gmt":"2026-01-27T17:05:38","slug":"faq","status":"publish","type":"page","link":"https:\/\/regenlife.com\/fr\/faq\/","title":{"rendered":"FAQ"},"content":{"rendered":"<div class=\"wpb-content-wrapper\"><p>[vc_row full_width=\u00a0\u00bbstretch_row\u00a0\u00bb gap=\u00a0\u00bb25&Prime; background_position_desktop=\u00a0\u00bbleft top\u00a0\u00bb background_position_tablet=\u00a0\u00bbcenter center\u00a0\u00bb custom_css_code=\u00a0\u00bbLmdlbS1wcmludC1pY29uLmdlbS1pY29uLXBhY2stZWxlZ2FudCUyMCU3QiUwQSUyMCUyMCUyMCUyMGZvbnQtc2l6ZSUzQSUyMDI0cHglMjFpbXBvcnRhbnQlM0IlMEElN0QlMEEudmNfdHRhLWNvbnRhaW5lciUyMCU3QiUwQSUyMCUyMCUyMCUyMG1hcmdpbi1ib3R0b20lM0ElMjAwJTIxaW1wb3J0YW50JTNCJTBBJTdEJTBBLnZjX3R0YS52Y190dGEtYWNjb3JkaW9uJTIwLnZjX3R0YS1wYW5lbC52Y19hY3RpdmUlMjAudmNfdHRhLXBhbmVsLXRpdGxlJTIwJTdCJTBBJTIwJTIwJTIwJTIwY29sb3IlM0ElMjAlMjNGRTYzMkQlMjFpbXBvcnRhbnQlM0IlMEElN0QlMEEudmNfdHRhLXBhbmVsLnZjX2FjdGl2ZSUyMC52Y190dGEtY29udHJvbHMtaWNvbiUzQSUzQWJlZm9yZSU3QiUwQSUyMCUyMCUyMCUyMGJvcmRlci1jb2xvciUzQSUyMCUyM0ZFNjMyRCUyMWltcG9ydGFudCUzQiUwQSU3RCUwQS52Y190dGEudmNfdHRhLWNvbG9yLXRoZWdlbSUyMC52Y190dGEtY29udHJvbHMtaWNvbiUzQSUzQWJlZm9yZSUyQyUwQS52Y190dGEudmNfdHRhLWNvbG9yLXRoZWdlbSUyMC52Y190dGEtY29udHJvbHMtaWNvbiUzQSUzQWFmdGVyJTdCJTBBJTIwJTIwJTIwJTIwYm9yZGVyLWNvbG9yJTNBJTIwJTIzMGQyZTM3JTNCJTBBJTdEJTBBLnZjX3R0YS52Y19nZW5lcmFsJTIwLnZjX3R0YS1wYW5lbCUyMCUyQiUyMC52Y190dGEtcGFuZWwlMjAlN0IlMEElMjAlMjAlMjAlMjBib3JkZXItdG9wJTNBJTIwMnB4JTIwc29saWQlMjAlMjNEQkU3RTYlMjFpbXBvcnRhbnQlM0IlMEElN0Q=\u00a0\u00bb css=\u00a0\u00bb.vc_custom_1750792566518{margin-bottom: 0px !important;padding-top: 90px !important;padding-bottom: 80px !important;background-position: center !important;background-repeat: no-repeat !important;background-size: cover !important;}\u00a0\u00bb tablet_padding_top=\u00a0\u00bb70&Prime; tablet_padding_bottom=\u00a0\u00bb70&Prime;][vc_column width=\u00a0\u00bb1\/3&Prime; css=\u00a0\u00bb.vc_custom_1750791346763{border-top-width: 2px !important;border-right-width: 2px !important;border-bottom-width: 2px !important;border-left-width: 2px !important;padding-top: 30px !important;padding-right: 30px !important;padding-bottom: 30px !important;padding-left: 30px !important;background-color: #FFFFFF !important;border-left-style: solid !important;border-right-style: solid !important;border-top-style: solid !important;border-bottom-style: solid !important;border-radius: 20px !important;border-color: #FFFFFF !important;}\u00a0\u00bb mobile_padding_bottom=\u00a0\u00bb40&Prime; offset=\u00a0\u00bbvc_col-lg-4 vc_col-md-4&Prime;]<div class=\"thegem-te-heading thegem-custom-69f81bb44e97a5141\" ><h1 id=\"thegem-heading-69f81bb44e92d\" class=\"thegem-heading title-h5 vc_custom_1769533487042\" style=\"text-align: left;\" ><span>Questions fr\u00e9quentes<\/span><\/h1><style type=\"text\/css\">#thegem-heading-69f81bb44e92d {margin: 0;}#thegem-heading-69f81bb44e92d {max-width: 300px;}#thegem-heading-69f81bb44e92d a:hover, #thegem-heading-69f81bb44e92d a:hover span.colored {color: var(--thegem-to-menu-level1-color-hover, #00BCD4) !important;}<\/style><\/div><style>@media screen and (max-width: 1023px) {.thegem-te-heading.thegem-custom-69f81bb44e97a5141{display: block!important;}}@media screen and (max-width: 767px) {.thegem-te-heading.thegem-custom-69f81bb44e97a5141{display: block!important;}}@media screen and (max-width: 1023px) {.thegem-te-heading.thegem-custom-69f81bb44e97a5141{position: relative !important;}}@media screen and (max-width: 767px) {.thegem-te-heading.thegem-custom-69f81bb44e97a5141{position: relative !important;}}<\/style>[vc_column_text css=\u00a0\u00bb\u00a0\u00bb]Vous ne trouvez pas de r\u00e9ponses ici Merci de nous envoyez un message, nous vous r\u00e9pondrons rapidement[\/vc_column_text]<style type=\"text\/css\">.thegem-button-69f81bb44ea636790 .gem-button {font-size: 22px;padding-left: 20px;padding-right: 12px;}@media (max-width: 767px) {.thegem-button-69f81bb44ea636790 .gem-button {padding-left: 25px;}}.thegem-button-69f81bb44ea636790 .gem-button svg {fill: #000000;}.thegem-button-69f81bb44ea636790 .gem-button:hover svg {fill: #FFFFFF;}<\/style><div class=\"gem-button-container gem-button-position-inline thegem-button-69f81bb44ea636790 custom-button-seo-agency   \"  ><a class=\"gem-button gem-button-size-tiny gem-button-style-outline gem-button-text-weight-thin gem-button-border-2 gem-button-no-uppercase\" data-ll-effect=\"drop-right-without-wrap\" style=\"border-radius: 100px;border-color: #000000;color: #000000;\" onmouseleave=\"this.style.borderColor='#000000';this.style.backgroundColor='transparent';this.style.color='#000000';\" onmouseenter=\"this.style.backgroundColor='#000000';this.style.color='#FFFFFF';\" href=\"\" target=\"_self\" role=\"button\">Envoyer<\/a><\/div> [\/vc_column][vc_column width=\u00a0\u00bb2\/3&Prime; css=\u00a0\u00bb.vc_custom_1726569877926{padding-top: 0px !important;}\u00a0\u00bb offset=\u00a0\u00bbvc_col-lg-8 vc_col-md-8&Prime;][vc_empty_space]<div class=\"thegem-te-heading thegem-custom-69f81bb44eba74900\" ><h2 id=\"thegem-heading-69f81bb44eb82\" class=\"thegem-heading title-h5 vc_custom_1769533504800\" style=\"text-align: left;\" ><span class=\"colored\" style=\"color: #69ABB4;\">Parcourir les th\u00e8mes<\/span><\/h2><style type=\"text\/css\">#thegem-heading-69f81bb44eb82 {margin: 0;}#thegem-heading-69f81bb44eb82 {max-width: 300px;}#thegem-heading-69f81bb44eb82 a:hover, #thegem-heading-69f81bb44eb82 a:hover span.colored {color: var(--thegem-to-menu-level1-color-hover, #00BCD4) !important;}<\/style><\/div><style>@media screen and (max-width: 1023px) {.thegem-te-heading.thegem-custom-69f81bb44eba74900{display: block!important;}}@media screen and (max-width: 767px) {.thegem-te-heading.thegem-custom-69f81bb44eba74900{display: block!important;}}@media screen and (max-width: 1023px) {.thegem-te-heading.thegem-custom-69f81bb44eba74900{position: relative !important;}}@media screen and (max-width: 767px) {.thegem-te-heading.thegem-custom-69f81bb44eba74900{position: relative !important;}}<\/style>[vc_tta_accordion title_tag=\u00a0\u00bbh4&Prime; style=\u00a0\u00bbsimple_solid\u00a0\u00bb color=\u00a0\u00bbblack\u00a0\u00bb c_position=\u00a0\u00bbright\u00a0\u00bb active_section=\u00a0\u00bb1&Prime; thegem_top_spacing=\u00a0\u00bb10&Prime; thegem_bottom_spacing=\u00a0\u00bb30&Prime; thegem_separator_color=\u00a0\u00bb#DBE7E6&Prime; el_class=\u00a0\u00bbACORDEON\u00a0\u00bb][vc_tta_section title=\u00a0\u00bbPuis-je participer aux \u00e9tudes en cours ?\u00a0\u00bb tab_id=\u00a0\u00bb1726570535586-ec4de4d1-81576f965-1745&Prime;][vc_column_text css=\u00a0\u00bb.vc_custom_1756109653107{margin-bottom: 0px !important;}\u00a0\u00bb]Maladie d\u2019Alzheimer : Cette \u00e9tude pivot (Light4Life) est officiellement lanc\u00e9e, vous pourrez contacter les centres investigateurs si vous vous trouvez dans leur p\u00e9rim\u00e8tre g\u00e9ographique. <a href=\"https:\/\/clinicaltrials.gov\/study\/NCT05926011#contacts-and-locations\" target=\"_blank\" rel=\"noopener\">Plus d\u2019informations ici<\/a>.[\/vc_column_text][\/vc_tta_section][vc_tta_section title=\u00a0\u00bbLe traitement est-il douloureux ?\u00a0\u00bb tab_id=\u00a0\u00bb1726570557777-17d07175-7624f965-1745&Prime;][vc_column_text css=\u00a0\u00bb.vc_custom_1750836374132{margin-bottom: 0px !important;}\u00a0\u00bb]Le dispositif m\u00e9dical REGEnLIFE est non-invasif et sans douleur.[\/vc_column_text][\/vc_tta_section][\/vc_tta_accordion][\/vc_column][\/vc_row]<\/p>\n<\/div>","protected":false},"excerpt":{"rendered":"<p>[vc_row full_width=\u00a0\u00bbstretch_row\u00a0\u00bb gap=\u00a0\u00bb25&Prime; background_position_desktop=\u00a0\u00bbleft top\u00a0\u00bb background_position_tablet=\u00a0\u00bbcenter center\u00a0\u00bb custom_css_code=\u00a0\u00bbLmdlbS1wcmludC1pY29uLmdlbS1pY29uLXBhY2stZWxlZ2FudCUyMCU3QiUwQSUyMCUyMCUyMCUyMGZvbnQtc2l6ZSUzQSUyMDI0cHglMjFpbXBvcnRhbnQlM0IlMEElN0QlMEEudmNfdHRhLWNvbnRhaW5lciUyMCU3QiUwQSUyMCUyMCUyMCUyMG1hcmdpbi1ib3R0b20lM0ElMjAwJTIxaW1wb3J0YW50JTNCJTBBJTdEJTBBLnZjX3R0YS52Y190dGEtYWNjb3JkaW9uJTIwLnZjX3R0YS1wYW5lbC52Y19hY3RpdmUlMjAudmNfdHRhLXBhbmVsLXRpdGxlJTIwJTdCJTBBJTIwJTIwJTIwJTIwY29sb3IlM0ElMjAlMjNGRTYzMkQlMjFpbXBvcnRhbnQlM0IlMEElN0QlMEEudmNfdHRhLXBhbmVsLnZjX2FjdGl2ZSUyMC52Y190dGEtY29udHJvbHMtaWNvbiUzQSUzQWJlZm9yZSU3QiUwQSUyMCUyMCUyMCUyMGJvcmRlci1jb2xvciUzQSUyMCUyM0ZFNjMyRCUyMWltcG9ydGFudCUzQiUwQSU3RCUwQS52Y190dGEudmNfdHRhLWNvbG9yLXRoZWdlbSUyMC52Y190dGEtY29udHJvbHMtaWNvbiUzQSUzQWJlZm9yZSUyQyUwQS52Y190dGEudmNfdHRhLWNvbG9yLXRoZWdlbSUyMC52Y190dGEtY29udHJvbHMtaWNvbiUzQSUzQWFmdGVyJTdCJTBBJTIwJTIwJTIwJTIwYm9yZGVyLWNvbG9yJTNBJTIwJTIzMGQyZTM3JTNCJTBBJTdEJTBBLnZjX3R0YS52Y19nZW5lcmFsJTIwLnZjX3R0YS1wYW5lbCUyMCUyQiUyMC52Y190dGEtcGFuZWwlMjAlN0IlMEElMjAlMjAlMjAlMjBib3JkZXItdG9wJTNBJTIwMnB4JTIwc29saWQlMjAlMjNEQkU3RTYlMjFpbXBvcnRhbnQlM0IlMEElN0Q=\u00a0\u00bb css=\u00a0\u00bb.vc_custom_1750792566518{margin-bottom: 0px !important;padding-top: 90px !important;padding-bottom: 80px !important;background-position: center !important;background-repeat: no-repeat !important;background-size: cover&#8230;<\/p>\n","protected":false},"author":1,"featured_media":3282,"parent":0,"menu_order":0,"comment_status":"closed","ping_status":"closed","template":"","meta":{"_acf_changed":false,"footnotes":""},"class_list":["post-3196","page","type-page","status-publish","has-post-thumbnail"],"acf":[],"_links":{"self":[{"href":"https:\/\/regenlife.com\/fr\/wp-json\/wp\/v2\/pages\/3196","targetHints":{"allow":["GET"]}}],"collection":[{"href":"https:\/\/regenlife.com\/fr\/wp-json\/wp\/v2\/pages"}],"about":[{"href":"https:\/\/regenlife.com\/fr\/wp-json\/wp\/v2\/types\/page"}],"author":[{"embeddable":true,"href":"https:\/\/regenlife.com\/fr\/wp-json\/wp\/v2\/users\/1"}],"replies":[{"embeddable":true,"href":"https:\/\/regenlife.com\/fr\/wp-json\/wp\/v2\/comments?post=3196"}],"version-history":[{"count":17,"href":"https:\/\/regenlife.com\/fr\/wp-json\/wp\/v2\/pages\/3196\/revisions"}],"predecessor-version":[{"id":5951,"href":"https:\/\/regenlife.com\/fr\/wp-json\/wp\/v2\/pages\/3196\/revisions\/5951"}],"wp:featuredmedia":[{"embeddable":true,"href":"https:\/\/regenlife.com\/fr\/wp-json\/wp\/v2\/media\/3282"}],"wp:attachment":[{"href":"https:\/\/regenlife.com\/fr\/wp-json\/wp\/v2\/media?parent=3196"}],"curies":[{"name":"wp","href":"https:\/\/api.w.org\/{rel}","templated":true}]}}