{"id":3985,"date":"2025-07-09T08:58:13","date_gmt":"2025-07-09T06:58:13","guid":{"rendered":"https:\/\/regenlife.com\/?page_id=3985"},"modified":"2026-01-22T20:34:31","modified_gmt":"2026-01-22T19:34:31","slug":"dr-patrice-cristofini","status":"publish","type":"page","link":"https:\/\/regenlife.com\/fr\/dr-patrice-cristofini\/","title":{"rendered":"Dr Patrice Cristofini"},"content":{"rendered":"<div class=\"wpb-content-wrapper\"><p>[vc_row full_width=\u00a0\u00bbstretch_row\u00a0\u00bb equal_height=\u00a0\u00bbyes\u00a0\u00bb content_placement=\u00a0\u00bbmiddle\u00a0\u00bb el_disable_tablet=\u00a0\u00bb1&Prime; el_disable_mobile=\u00a0\u00bb1&Prime; custom_css_code=\u00a0\u00bbLmdlbS1pbWFnZS1jZW50ZXJlZC1ib3glMjAlN0IlMEElMjAlMjAlMjAlMjBtYXJnaW4tYm90dG9tJTNBJTIwMCUzQiUwQSU3RCUwQS5pbWctYm9yZGVyLXJhZGl1cyUyMGltZyU3QiUwQSUyMCUyMCUyMCUyMGJvcmRlci1yYWRpdXMlM0ElMjAzM3B4JTNCJTBBJTdEJTBBLmN1c3RvbS1pbmZvdGV4dCUyMCU3QiUwQSUyMCUyMCUyMCUyMHdpZHRoJTNBJTIwMjIwcHglM0IlMEElN0QlMEElNDBtZWRpYSUyOG1heC13aWR0aCUzQSUyMDk5MXB4JTI5JTdCJTBBJTIwJTIwJTIwJTIwLmN1c3RvbS1pbmZvdGV4dCUyMCU3QiUwQSUyMCUyMCUyMCUyMCUyMCUyMCUyMCUyMHdpZHRoJTNBJTIwMjAwcHglM0IlMEElMjAlMjAlMjAlMjAlN0QlMEElN0Q=\u00a0\u00bb css=\u00a0\u00bb.vc_custom_1758839144861{margin-bottom: 0px !important;padding-top: 25px !important;padding-right: 185px !important;padding-bottom: 5px !important;padding-left: 205px !important;}\u00a0\u00bb tablet_padding_top=\u00a0\u00bb160&Prime; el_class=\u00a0\u00bbBLOQUE1QUISOMMES\u00a0\u00bb mobile_padding_left=\u00a0\u00bb10&Prime; mobile_padding_right=\u00a0\u00bb10&Prime;][vc_column css=\u00a0\u00bb.vc_custom_1727864486746{padding-top: 0px !important;padding-right: 75px !important;}\u00a0\u00bb tablet_padding_right=\u00a0\u00bb42&Prime; mobile_padding_bottom=\u00a0\u00bb60&Prime; mobile_padding_right=\u00a0\u00bb21&Prime;][vc_row_inner content_placement=\u00a0\u00bbtop\u00a0\u00bb css=\u00a0\u00bb.vc_custom_1750677169384{margin-top: 0px !important;margin-bottom: 0px !important;}\u00a0\u00bb el_class=\u00a0\u00bbTEAMREGEN\u00a0\u00bb][vc_column_inner width=\u00a0\u00bb2\/3&Prime;][vc_column_text css=\u00a0\u00bb\u00a0\u00bb][\/vc_column_text][\/vc_column_inner][vc_column_inner width=\u00a0\u00bb1\/3&Prime;]<style type=\"text\/css\">.thegem-button-69e90846a58e72186 .gem-button {font-size: 22px;padding-left: 20px;padding-right: 12px;}@media (max-width: 767px) {.thegem-button-69e90846a58e72186 .gem-button {padding-left: 25px;}}.thegem-button-69e90846a58e72186 .gem-button svg {fill: #000000;}.thegem-button-69e90846a58e72186 .gem-button:hover svg {fill: #FFFFFF;}<\/style><div class=\"gem-button-container gem-button-position-inline thegem-button-69e90846a58e72186 custom-button-seo-agency   \"  ><a title=\"CONTACT\" class=\"gem-button gem-button-size-large gem-button-style-flat gem-button-text-weight-thin gem-button-icon-position-right gem-button-no-uppercase  gem-button-flex\" data-ll-effect=\"drop-right-without-wrap\" style=\"border-radius: 100px;background-color: #69ABB4;color: #000000;\" onmouseleave=\"this.style.backgroundColor='#69ABB4';this.style.color='#000000';\" onmouseenter=\"this.style.backgroundColor='#000000';this.style.color='#FFFFFF';\" href=\"https:\/\/regenlife.com\/fr\/contact\/\" target=\"_self\">Executive summary<img class=\"gem-print-icon\" src=\"https:\/\/regenlife.com\/wp-content\/uploads\/2024\/12\/b1.svg\" alt=\"#\" \/><\/a><\/div> [\/vc_column_inner][\/vc_row_inner][\/vc_column][\/vc_row][vc_row full_width=\u00a0\u00bbstretch_row\u00a0\u00bb equal_height=\u00a0\u00bbyes\u00a0\u00bb content_placement=\u00a0\u00bbmiddle\u00a0\u00bb custom_css_code=\u00a0\u00bbLmdlbS1pbWFnZS1jZW50ZXJlZC1ib3glMjAlN0IlMEElMjAlMjAlMjAlMjBtYXJnaW4tYm90dG9tJTNBJTIwMCUzQiUwQSU3RCUwQS5pbWctYm9yZGVyLXJhZGl1cyUyMGltZyU3QiUwQSUyMCUyMCUyMCUyMGJvcmRlci1yYWRpdXMlM0ElMjAzM3B4JTNCJTBBJTdEJTBBLmN1c3RvbS1pbmZvdGV4dCUyMCU3QiUwQSUyMCUyMCUyMCUyMHdpZHRoJTNBJTIwMjIwcHglM0IlMEElN0QlMEElNDBtZWRpYSUyOG1heC13aWR0aCUzQSUyMDk5MXB4JTI5JTdCJTBBJTIwJTIwJTIwJTIwLmN1c3RvbS1pbmZvdGV4dCUyMCU3QiUwQSUyMCUyMCUyMCUyMCUyMCUyMCUyMCUyMHdpZHRoJTNBJTIwMjAwcHglM0IlMEElMjAlMjAlMjAlMjAlN0QlMEElN0Q=\u00a0\u00bb css=\u00a0\u00bb.vc_custom_1750677196620{margin-top: 0px !important;margin-bottom: 0px !important;padding-top: 5px !important;padding-right: 185px !important;padding-bottom: 85px !important;padding-left: 205px !important;}\u00a0\u00bb tablet_padding_top=\u00a0\u00bb160&Prime; el_class=\u00a0\u00bbBLOQUE1QUISOMMES\u00a0\u00bb mobile_padding_left=\u00a0\u00bb10&Prime; mobile_padding_right=\u00a0\u00bb10&Prime;][vc_column css=\u00a0\u00bb.vc_custom_1750676573007{padding-top: 0px !important;padding-right: 0px !important;padding-left: 0px !important;}\u00a0\u00bb tablet_padding_right=\u00a0\u00bb42&Prime; mobile_padding_bottom=\u00a0\u00bb60&Prime; mobile_padding_right=\u00a0\u00bb21&Prime;][vc_row_inner css=\u00a0\u00bb.vc_custom_1750677233561{margin-top: 0px !important;padding-top: 0px !important;}\u00a0\u00bb][vc_column_inner el_class=\u00a0\u00bbCONTENEDORIMAGENPERFIL\u00a0\u00bb width=\u00a0\u00bb1\/2&Prime;][vc_single_image image=\u00a0\u00bb3877&Prime; img_size=\u00a0\u00bbfull\u00a0\u00bb alignment=\u00a0\u00bbcenter\u00a0\u00bb style=\u00a0\u00bbvc_box_rounded\u00a0\u00bb css=\u00a0\u00bb.vc_custom_1752044205948{border-radius: 10px !important;border-color: #FFFFFF !important;}\u00a0\u00bb el_class=\u00a0\u00bbIMAGENPERFIL\u00a0\u00bb][\/vc_column_inner][vc_column_inner width=\u00a0\u00bb1\/2&Prime; css=\u00a0\u00bb.vc_custom_1750677326427{border-top-width: 2px !important;border-right-width: 2px !important;border-bottom-width: 2px !important;border-left-width: 2px !important;border-left-style: solid !important;border-right-style: solid !important;border-top-style: solid !important;border-bottom-style: solid !important;border-radius: 10px !important;border-color: #B1D7DC !important;}\u00a0\u00bb][vc_column_text css=\u00a0\u00bb.vc_custom_1769110227452{margin-top: 0px !important;}\u00a0\u00bb]<\/p>\n<h1 style=\"text-align: left; font-size: 1.6em; font-weight: bold; margin: 1em 0;\"><span style=\"color: #69abb4;\">Dr Patrice Cristofini<\/span><\/h1>\n<p>[\/vc_column_text][vc_column_text css=\u00a0\u00bb.vc_custom_1769110282563{margin-top: 0px !important;}\u00a0\u00bb]<\/p>\n<h4 style=\"text-align: left;\"><span data-keyword=\"CEO\"><strong>CEO<\/strong><\/span><\/h4>\n<p>[\/vc_column_text][vc_column_text css=\u00a0\u00bb.vc_custom_1769110393471{margin-top: 0px !important;}\u00a0\u00bb]<strong>Pr\u00e9sentation<\/strong><\/p>\n<p align=\"justify\">Docteur en m\u00e9decine (m\u00e9daill\u00e9 d\u2019argent de la facult\u00e9 de m\u00e9decine de Paris), ancien interne des h\u00f4pitaux de Paris ; Exp\u00e9rience en sant\u00e9 Publique, sant\u00e9 au Travail et m\u00e9decine du Sport.<\/p>\n<p>\u200b<\/p>\n<p align=\"justify\">ESSEC Business school &#8211; Management international des structures de sant\u00e9.<\/p>\n<p align=\"justify\">Sp\u00e9cialisations : sant\u00e9 num\u00e9rique et TIC (num\u00e9rique, innovation, internet des objets), MedTechs, d\u00e9veloppement commercial international\u200b\u200b<\/p>\n<p align=\"justify\">CEO de sa soci\u00e9t\u00e9 de conseil international Cristhold.\u200b<\/p>\n<p align=\"justify\">BEWELL CONNECT (Visiomed group) &#8211; 3 ans &#8211; redressement et d\u00e9veloppement\u200b<\/p>\n<p align=\"justify\">Directeur Sant\u00e9 Europe, du g\u00e9ant mondial HUAWEI en Europe pendant 6 ans \u200b<\/p>\n<p align=\"justify\">Directeur des Partenariats Strat\u00e9giques et des Affaires Europ\u00e9ennes ORANGE (Orange Healthcar)\u200b<\/p>\n<p align=\"justify\">Directeur Sant\u00e9 pour le board de SCHLUMBERGER (champion e-sant\u00e9 mondial), ATOS Origin, SEMA group. \u200b<\/p>\n<p align=\"justify\">Investisseur et Administrateur de soci\u00e9t\u00e9s, iI a aussi accompagn\u00e9 le private equity dans ses choix de financement et la s\u00e9lection des entreprises par son expertise mondiale du secteur sant\u00e9.<\/p>\n<p>\u200b<\/p>\n<p align=\"justify\">Il a particip\u00e9 dans sa carri\u00e8re \u00e0 de nombreuses conf\u00e9rences nationales et internationales, co-auteur du livre la sant\u00e9 au travail un enjeu du dialogue social et contributeur d\u2019ouvrage international sur la e-sant\u00e9. Il a r\u00e9cemment publi\u00e9 un livre comme co-auteur sur l\u2019\u2019e-sant\u00e9 et l\u2019intelligence artificielle aux \u00e9ditions Maia.<\/p>\n<p>\u200b<\/p>\n<p align=\"justify\">Pr\u00e9sident d\u2019honneur de l\u2019Aftim (Association Fran\u00e7aise des Techniciens, Ing\u00e9nieurs de s\u00e9curit\u00e9 et M\u00e9decins du Travail), Pr\u00e9sident d\u2019honneur et Fondateur du club e-sant\u00e9.\u200b<\/p>\n<p align=\"justify\">Pr\u00e9sident fondateur du club de Shanghai du Centre d\u2019\u00e9tudes et de prospectives strat\u00e9giques (CEPS), international think tank qui regroupe plus de 1000 d\u00e9cideurs au niveau international et qui est affili\u00e9 (OCDE, UNESCO, Conseil de l\u2019Europe\u2026). \u200b<\/p>\n<p>[\/vc_column_text]<div class=\"socials socials-list socials-colored-hover socials-rounded socials-alignment-left\"><a class=\"socials-item\" target=\"_blank\" href=\"https:\/\/www.linkedin.com\/in\/cristofinipatrice1\/\" style=\"color: #000000;\" aria-label=\"linkedin\"><i class=\"socials-item-icon linkedin\" style=\"font-size: 34px\"><\/i><\/a><\/div>[\/vc_column_inner][vc_column_inner thegem_content_alignment=\u00a0\u00bbcenter\u00a0\u00bb offset=\u00a0\u00bbvc_hidden-lg\u00a0\u00bb tablet_padding_top=\u00a0\u00bb60&Prime; mobile_padding_top=\u00a0\u00bb60&Prime;]<style type=\"text\/css\">.thegem-button-69e90846a5e312235 .gem-button {font-size: 22px;padding-left: 20px;padding-right: 12px;}@media (max-width: 767px) {.thegem-button-69e90846a5e312235 .gem-button {font-size: 15px;padding-left: 25px;}}.thegem-button-69e90846a5e312235 .gem-button svg {fill: #000000;}.thegem-button-69e90846a5e312235 .gem-button:hover svg {fill: #FFFFFF;}<\/style><div class=\"gem-button-container gem-button-position-center thegem-button-69e90846a5e312235    \"  ><a class=\"gem-button gem-button-size-large gem-button-style-flat gem-button-text-weight-thin gem-button-icon-position-right gem-button-no-uppercase  gem-button-flex\" data-ll-effect=\"drop-right-without-wrap\" style=\"border-radius: 100px;background-color: #69ABB4;color: #000000;\" onmouseleave=\"this.style.backgroundColor='#69ABB4';this.style.color='#000000';\" onmouseenter=\"this.style.backgroundColor='#000000';this.style.color='#FFFFFF';\" href=\"\" target=\"_self\" role=\"button\">Investisseurs, contactez-nous<img class=\"gem-print-icon\" src=\"https:\/\/regenlife.com\/wp-content\/uploads\/2024\/12\/b1.svg\" alt=\"#\" \/><\/a><\/div> [\/vc_column_inner][\/vc_row_inner][\/vc_column][\/vc_row]<\/p>\n<\/div>","protected":false},"excerpt":{"rendered":"<p>[vc_row full_width=\u00a0\u00bbstretch_row\u00a0\u00bb equal_height=\u00a0\u00bbyes\u00a0\u00bb content_placement=\u00a0\u00bbmiddle\u00a0\u00bb el_disable_tablet=\u00a0\u00bb1&Prime; el_disable_mobile=\u00a0\u00bb1&Prime; custom_css_code=\u00a0\u00bbLmdlbS1pbWFnZS1jZW50ZXJlZC1ib3glMjAlN0IlMEElMjAlMjAlMjAlMjBtYXJnaW4tYm90dG9tJTNBJTIwMCUzQiUwQSU3RCUwQS5pbWctYm9yZGVyLXJhZGl1cyUyMGltZyU3QiUwQSUyMCUyMCUyMCUyMGJvcmRlci1yYWRpdXMlM0ElMjAzM3B4JTNCJTBBJTdEJTBBLmN1c3RvbS1pbmZvdGV4dCUyMCU3QiUwQSUyMCUyMCUyMCUyMHdpZHRoJTNBJTIwMjIwcHglM0IlMEElN0QlMEElNDBtZWRpYSUyOG1heC13aWR0aCUzQSUyMDk5MXB4JTI5JTdCJTBBJTIwJTIwJTIwJTIwLmN1c3RvbS1pbmZvdGV4dCUyMCU3QiUwQSUyMCUyMCUyMCUyMCUyMCUyMCUyMCUyMHdpZHRoJTNBJTIwMjAwcHglM0IlMEElMjAlMjAlMjAlMjAlN0QlMEElN0Q=\u00a0\u00bb css=\u00a0\u00bb.vc_custom_1758839144861{margin-bottom: 0px !important;padding-top: 25px !important;padding-right: 185px !important;padding-bottom: 5px !important;padding-left: 205px !important;}\u00a0\u00bb tablet_padding_top=\u00a0\u00bb160&Prime; el_class=\u00a0\u00bbBLOQUE1QUISOMMES\u00a0\u00bb&#8230;<\/p>\n","protected":false},"author":1,"featured_media":2724,"parent":0,"menu_order":0,"comment_status":"closed","ping_status":"closed","template":"","meta":{"_acf_changed":false,"footnotes":""},"class_list":["post-3985","page","type-page","status-publish","has-post-thumbnail"],"acf":[],"_links":{"self":[{"href":"https:\/\/regenlife.com\/fr\/wp-json\/wp\/v2\/pages\/3985","targetHints":{"allow":["GET"]}}],"collection":[{"href":"https:\/\/regenlife.com\/fr\/wp-json\/wp\/v2\/pages"}],"about":[{"href":"https:\/\/regenlife.com\/fr\/wp-json\/wp\/v2\/types\/page"}],"author":[{"embeddable":true,"href":"https:\/\/regenlife.com\/fr\/wp-json\/wp\/v2\/users\/1"}],"replies":[{"embeddable":true,"href":"https:\/\/regenlife.com\/fr\/wp-json\/wp\/v2\/comments?post=3985"}],"version-history":[{"count":6,"href":"https:\/\/regenlife.com\/fr\/wp-json\/wp\/v2\/pages\/3985\/revisions"}],"predecessor-version":[{"id":6117,"href":"https:\/\/regenlife.com\/fr\/wp-json\/wp\/v2\/pages\/3985\/revisions\/6117"}],"wp:featuredmedia":[{"embeddable":true,"href":"https:\/\/regenlife.com\/fr\/wp-json\/wp\/v2\/media\/2724"}],"wp:attachment":[{"href":"https:\/\/regenlife.com\/fr\/wp-json\/wp\/v2\/media?parent=3985"}],"curies":[{"name":"wp","href":"https:\/\/api.w.org\/{rel}","templated":true}]}}