{"id":3994,"date":"2025-07-09T09:11:21","date_gmt":"2025-07-09T07:11:21","guid":{"rendered":"https:\/\/regenlife.com\/?page_id=3994"},"modified":"2026-01-27T18:09:50","modified_gmt":"2026-01-27T17:09:50","slug":"francois-kress","status":"publish","type":"page","link":"https:\/\/regenlife.com\/fr\/francois-kress\/","title":{"rendered":"Fran\u00e7ois Kress"},"content":{"rendered":"<div class=\"wpb-content-wrapper\"><p>[vc_row full_width=\u00a0\u00bbstretch_row\u00a0\u00bb equal_height=\u00a0\u00bbyes\u00a0\u00bb content_placement=\u00a0\u00bbmiddle\u00a0\u00bb el_disable_tablet=\u00a0\u00bb1&Prime; el_disable_mobile=\u00a0\u00bb1&Prime; custom_css_code=\u00a0\u00bbLmdlbS1pbWFnZS1jZW50ZXJlZC1ib3glMjAlN0IlMEElMjAlMjAlMjAlMjBtYXJnaW4tYm90dG9tJTNBJTIwMCUzQiUwQSU3RCUwQS5pbWctYm9yZGVyLXJhZGl1cyUyMGltZyU3QiUwQSUyMCUyMCUyMCUyMGJvcmRlci1yYWRpdXMlM0ElMjAzM3B4JTNCJTBBJTdEJTBBLmN1c3RvbS1pbmZvdGV4dCUyMCU3QiUwQSUyMCUyMCUyMCUyMHdpZHRoJTNBJTIwMjIwcHglM0IlMEElN0QlMEElNDBtZWRpYSUyOG1heC13aWR0aCUzQSUyMDk5MXB4JTI5JTdCJTBBJTIwJTIwJTIwJTIwLmN1c3RvbS1pbmZvdGV4dCUyMCU3QiUwQSUyMCUyMCUyMCUyMCUyMCUyMCUyMCUyMHdpZHRoJTNBJTIwMjAwcHglM0IlMEElMjAlMjAlMjAlMjAlN0QlMEElN0Q=\u00a0\u00bb css=\u00a0\u00bb.vc_custom_1758839388257{margin-bottom: 0px !important;padding-top: 25px !important;padding-right: 185px !important;padding-bottom: 5px !important;padding-left: 205px !important;}\u00a0\u00bb tablet_padding_top=\u00a0\u00bb160&Prime; el_class=\u00a0\u00bbBLOQUE1QUISOMMES\u00a0\u00bb mobile_padding_left=\u00a0\u00bb10&Prime; mobile_padding_right=\u00a0\u00bb10&Prime;][vc_column css=\u00a0\u00bb.vc_custom_1727864486746{padding-top: 0px !important;padding-right: 75px !important;}\u00a0\u00bb tablet_padding_right=\u00a0\u00bb42&Prime; mobile_padding_bottom=\u00a0\u00bb60&Prime; mobile_padding_right=\u00a0\u00bb21&Prime;][vc_row_inner content_placement=\u00a0\u00bbtop\u00a0\u00bb css=\u00a0\u00bb.vc_custom_1750677169384{margin-top: 0px !important;margin-bottom: 0px !important;}\u00a0\u00bb el_class=\u00a0\u00bbTEAMREGEN\u00a0\u00bb][vc_column_inner width=\u00a0\u00bb2\/3&Prime;][vc_column_text css=\u00a0\u00bb\u00a0\u00bb][\/vc_column_text][\/vc_column_inner][vc_column_inner width=\u00a0\u00bb1\/3&Prime;]<style type=\"text\/css\">.thegem-button-69f5bbcb509931035 .gem-button {font-size: 22px;padding-left: 20px;padding-right: 12px;}@media (max-width: 767px) {.thegem-button-69f5bbcb509931035 .gem-button {padding-left: 25px;}}.thegem-button-69f5bbcb509931035 .gem-button svg {fill: #000000;}.thegem-button-69f5bbcb509931035 .gem-button:hover svg {fill: #FFFFFF;}<\/style><div class=\"gem-button-container gem-button-position-inline thegem-button-69f5bbcb509931035 custom-button-seo-agency   \"  ><a title=\"CONTACT\" class=\"gem-button gem-button-size-large gem-button-style-flat gem-button-text-weight-thin gem-button-icon-position-right gem-button-no-uppercase  gem-button-flex\" data-ll-effect=\"drop-right-without-wrap\" style=\"border-radius: 100px;background-color: #69ABB4;color: #000000;\" onmouseleave=\"this.style.backgroundColor='#69ABB4';this.style.color='#000000';\" onmouseenter=\"this.style.backgroundColor='#000000';this.style.color='#FFFFFF';\" href=\"https:\/\/regenlife.com\/fr\/contact\/\" target=\"_self\">Executive summary<img class=\"gem-print-icon\" src=\"https:\/\/regenlife.com\/wp-content\/uploads\/2024\/12\/b1.svg\" alt=\"#\" \/><\/a><\/div> [\/vc_column_inner][\/vc_row_inner][\/vc_column][\/vc_row][vc_row full_width=\u00a0\u00bbstretch_row\u00a0\u00bb equal_height=\u00a0\u00bbyes\u00a0\u00bb content_placement=\u00a0\u00bbmiddle\u00a0\u00bb custom_css_code=\u00a0\u00bbLmdlbS1pbWFnZS1jZW50ZXJlZC1ib3glMjAlN0IlMEElMjAlMjAlMjAlMjBtYXJnaW4tYm90dG9tJTNBJTIwMCUzQiUwQSU3RCUwQS5pbWctYm9yZGVyLXJhZGl1cyUyMGltZyU3QiUwQSUyMCUyMCUyMCUyMGJvcmRlci1yYWRpdXMlM0ElMjAzM3B4JTNCJTBBJTdEJTBBLmN1c3RvbS1pbmZvdGV4dCUyMCU3QiUwQSUyMCUyMCUyMCUyMHdpZHRoJTNBJTIwMjIwcHglM0IlMEElN0QlMEElNDBtZWRpYSUyOG1heC13aWR0aCUzQSUyMDk5MXB4JTI5JTdCJTBBJTIwJTIwJTIwJTIwLmN1c3RvbS1pbmZvdGV4dCUyMCU3QiUwQSUyMCUyMCUyMCUyMCUyMCUyMCUyMCUyMHdpZHRoJTNBJTIwMjAwcHglM0IlMEElMjAlMjAlMjAlMjAlN0QlMEElN0Q=\u00a0\u00bb css=\u00a0\u00bb.vc_custom_1750677196620{margin-top: 0px !important;margin-bottom: 0px !important;padding-top: 5px !important;padding-right: 185px !important;padding-bottom: 85px !important;padding-left: 205px !important;}\u00a0\u00bb tablet_padding_top=\u00a0\u00bb160&Prime; el_class=\u00a0\u00bbBLOQUE1QUISOMMES\u00a0\u00bb mobile_padding_left=\u00a0\u00bb10&Prime; mobile_padding_right=\u00a0\u00bb10&Prime;][vc_column css=\u00a0\u00bb.vc_custom_1750676573007{padding-top: 0px !important;padding-right: 0px !important;padding-left: 0px !important;}\u00a0\u00bb tablet_padding_right=\u00a0\u00bb42&Prime; mobile_padding_bottom=\u00a0\u00bb60&Prime; mobile_padding_right=\u00a0\u00bb21&Prime;][vc_row_inner css=\u00a0\u00bb.vc_custom_1750677233561{margin-top: 0px !important;padding-top: 0px !important;}\u00a0\u00bb][vc_column_inner el_class=\u00a0\u00bbCONTENEDORIMAGENPERFIL\u00a0\u00bb width=\u00a0\u00bb1\/2&Prime;][vc_single_image image=\u00a0\u00bb3879&Prime; img_size=\u00a0\u00bbfull\u00a0\u00bb alignment=\u00a0\u00bbcenter\u00a0\u00bb style=\u00a0\u00bbvc_box_rounded\u00a0\u00bb css=\u00a0\u00bb.vc_custom_1752045063152{border-radius: 10px !important;border-color: #FFFFFF !important;}\u00a0\u00bb el_class=\u00a0\u00bbIMAGENPERFIL\u00a0\u00bb][\/vc_column_inner][vc_column_inner width=\u00a0\u00bb1\/2&Prime; css=\u00a0\u00bb.vc_custom_1750677326427{border-top-width: 2px !important;border-right-width: 2px !important;border-bottom-width: 2px !important;border-left-width: 2px !important;border-left-style: solid !important;border-right-style: solid !important;border-top-style: solid !important;border-bottom-style: solid !important;border-radius: 10px !important;border-color: #B1D7DC !important;}\u00a0\u00bb][vc_column_text css=\u00a0\u00bb.vc_custom_1769533685984{margin-top: 0px !important;}\u00a0\u00bb]<\/p>\n<h1 style=\"text-align: left; font-size: 1.6em; font-weight: bold; margin: 1em 0;\"><span style=\"color: #69abb4;\">Fran\u00e7ois Kress<\/span><\/h1>\n<p>[\/vc_column_text][vc_column_text css=\u00a0\u00bb.vc_custom_1769533726914{margin-top: 0px !important;}\u00a0\u00bb]<\/p>\n<h4 style=\"text-align: left;\"><span data-keyword=\"Co-fondateur, PDG\"><strong>Co-Fondateur &amp; PDG, Feelmore Labs<\/strong><\/span><\/h4>\n<p>[\/vc_column_text][vc_column_text css=\u00a0\u00bb.vc_custom_1769533776537{margin-top: 0px !important;}\u00a0\u00bb]<\/p>\n<p align=\"justify\"><strong>Pr\u00e9sentation<\/strong><\/p>\n<p align=\"justify\">Fran\u00e7ois Kress apporte un m\u00e9lange rare de comp\u00e9tences scientifiques, tir\u00e9es de ses \u00e9tudes et de ses ann\u00e9es dans les biotechnologies, ainsi que de son exp\u00e9rience de 25 ans dans le secteur du luxe. Cette exp\u00e9rience hybride unique le positionne id\u00e9alement pour introduire de nouvelles biotechnologies sur le march\u00e9 de mani\u00e8re sophistiqu\u00e9e. Dipl\u00f4m\u00e9 de l&rsquo;\u00c9cole Polytechnique et du Corps des Ponts et Chauss\u00e9es, il dispose d&rsquo;une solide formation scientifique. Cela, combin\u00e9 \u00e0 ses 25 ann\u00e9es de leadership dans des entreprises de luxe renomm\u00e9es comme LVMH, Bulgari, Prada, The Row, Stuart Weitzmann et Carolina Herrera, lui permet de combler efficacement le foss\u00e9 entre les biotechnologies de pointe et des strat\u00e9gies de march\u00e9 sophistiqu\u00e9es.<\/p>\n<p align=\"justify\">En 2017, il co-fonde et devient PDG de deux entit\u00e9s : le groupe Apex Neuro Holdings et Feelmore Labs, une compagnie qui d\u00e9veloppe des technologies innovantes de neuromodulation grand public et clinique, et qui am\u00e9liorent activement sans effort le bien-\u00eatre humain avec des r\u00e9sultats scientifiquement prouv\u00e9s. Son r\u00f4le chez Apex Neuro Holdings et dans des conseils d&rsquo;administration de soci\u00e9t\u00e9s telles que Kythera Biopharmaceuticals (vendu a Allergan pour $2.1b en 2015) illustre cette synergie entre luxe, sant\u00e9 et technologie, favorisant \u00e0 la fois les avanc\u00e9es technologiques et leur mise sur le march\u00e9.<\/p>\n<p>[\/vc_column_text]<div class=\"socials socials-list socials-colored-hover socials-rounded socials-alignment-left\"><a class=\"socials-item\" target=\"_blank\" href=\"https:\/\/www.linkedin.com\/in\/francoiskress\/\" style=\"color: #000000;\" aria-label=\"linkedin\"><i class=\"socials-item-icon linkedin\" style=\"font-size: 34px\"><\/i><\/a><\/div>[\/vc_column_inner][vc_column_inner thegem_content_alignment=\u00a0\u00bbcenter\u00a0\u00bb offset=\u00a0\u00bbvc_hidden-lg\u00a0\u00bb tablet_padding_top=\u00a0\u00bb60&Prime; mobile_padding_top=\u00a0\u00bb60&Prime;]<style type=\"text\/css\">.thegem-button-69f5bbcb50e559604 .gem-button {font-size: 22px;padding-left: 20px;padding-right: 12px;}@media (max-width: 767px) {.thegem-button-69f5bbcb50e559604 .gem-button {font-size: 15px;padding-left: 25px;}}.thegem-button-69f5bbcb50e559604 .gem-button svg {fill: #000000;}.thegem-button-69f5bbcb50e559604 .gem-button:hover svg {fill: #FFFFFF;}<\/style><div class=\"gem-button-container gem-button-position-inline thegem-button-69f5bbcb50e559604    \"  ><a class=\"gem-button gem-button-size-large gem-button-style-flat gem-button-text-weight-thin gem-button-icon-position-right gem-button-no-uppercase  gem-button-tablet-size-medium gem-button-mobile-size-medium gem-button-flex\" data-ll-effect=\"drop-right-without-wrap\" style=\"border-radius: 100px;background-color: #69ABB4;color: #000000;\" onmouseleave=\"this.style.backgroundColor='#69ABB4';this.style.color='#000000';\" onmouseenter=\"this.style.backgroundColor='#000000';this.style.color='#FFFFFF';\" href=\"\" target=\"_self\" role=\"button\">Investisseurs, contactez-nous<img class=\"gem-print-icon\" src=\"https:\/\/regenlife.com\/wp-content\/uploads\/2024\/12\/b1.svg\" alt=\"#\" \/><\/a><\/div> [\/vc_column_inner][\/vc_row_inner][\/vc_column][\/vc_row]<\/p>\n<\/div>","protected":false},"excerpt":{"rendered":"<p>[vc_row full_width=\u00a0\u00bbstretch_row\u00a0\u00bb equal_height=\u00a0\u00bbyes\u00a0\u00bb content_placement=\u00a0\u00bbmiddle\u00a0\u00bb el_disable_tablet=\u00a0\u00bb1&Prime; el_disable_mobile=\u00a0\u00bb1&Prime; custom_css_code=\u00a0\u00bbLmdlbS1pbWFnZS1jZW50ZXJlZC1ib3glMjAlN0IlMEElMjAlMjAlMjAlMjBtYXJnaW4tYm90dG9tJTNBJTIwMCUzQiUwQSU3RCUwQS5pbWctYm9yZGVyLXJhZGl1cyUyMGltZyU3QiUwQSUyMCUyMCUyMCUyMGJvcmRlci1yYWRpdXMlM0ElMjAzM3B4JTNCJTBBJTdEJTBBLmN1c3RvbS1pbmZvdGV4dCUyMCU3QiUwQSUyMCUyMCUyMCUyMHdpZHRoJTNBJTIwMjIwcHglM0IlMEElN0QlMEElNDBtZWRpYSUyOG1heC13aWR0aCUzQSUyMDk5MXB4JTI5JTdCJTBBJTIwJTIwJTIwJTIwLmN1c3RvbS1pbmZvdGV4dCUyMCU3QiUwQSUyMCUyMCUyMCUyMCUyMCUyMCUyMCUyMHdpZHRoJTNBJTIwMjAwcHglM0IlMEElMjAlMjAlMjAlMjAlN0QlMEElN0Q=\u00a0\u00bb css=\u00a0\u00bb.vc_custom_1758839388257{margin-bottom: 0px !important;padding-top: 25px !important;padding-right: 185px !important;padding-bottom: 5px !important;padding-left: 205px !important;}\u00a0\u00bb tablet_padding_top=\u00a0\u00bb160&Prime; el_class=\u00a0\u00bbBLOQUE1QUISOMMES\u00a0\u00bb&#8230;<\/p>\n","protected":false},"author":1,"featured_media":2724,"parent":0,"menu_order":0,"comment_status":"closed","ping_status":"closed","template":"","meta":{"_acf_changed":false,"footnotes":""},"class_list":["post-3994","page","type-page","status-publish","has-post-thumbnail"],"acf":[],"_links":{"self":[{"href":"https:\/\/regenlife.com\/fr\/wp-json\/wp\/v2\/pages\/3994","targetHints":{"allow":["GET"]}}],"collection":[{"href":"https:\/\/regenlife.com\/fr\/wp-json\/wp\/v2\/pages"}],"about":[{"href":"https:\/\/regenlife.com\/fr\/wp-json\/wp\/v2\/types\/page"}],"author":[{"embeddable":true,"href":"https:\/\/regenlife.com\/fr\/wp-json\/wp\/v2\/users\/1"}],"replies":[{"embeddable":true,"href":"https:\/\/regenlife.com\/fr\/wp-json\/wp\/v2\/comments?post=3994"}],"version-history":[{"count":5,"href":"https:\/\/regenlife.com\/fr\/wp-json\/wp\/v2\/pages\/3994\/revisions"}],"predecessor-version":[{"id":6118,"href":"https:\/\/regenlife.com\/fr\/wp-json\/wp\/v2\/pages\/3994\/revisions\/6118"}],"wp:featuredmedia":[{"embeddable":true,"href":"https:\/\/regenlife.com\/fr\/wp-json\/wp\/v2\/media\/2724"}],"wp:attachment":[{"href":"https:\/\/regenlife.com\/fr\/wp-json\/wp\/v2\/media?parent=3994"}],"curies":[{"name":"wp","href":"https:\/\/api.w.org\/{rel}","templated":true}]}}