{"id":4005,"date":"2025-07-09T09:26:06","date_gmt":"2025-07-09T07:26:06","guid":{"rendered":"https:\/\/regenlife.com\/?page_id=4005"},"modified":"2026-01-29T18:44:34","modified_gmt":"2026-01-29T17:44:34","slug":"pr-marwan-sabbagh-md","status":"publish","type":"page","link":"https:\/\/regenlife.com\/fr\/pr-marwan-sabbagh-md\/","title":{"rendered":"Pr Marwan Sabbagh, MD"},"content":{"rendered":"<div class=\"wpb-content-wrapper\"><p>[vc_row full_width=\u00a0\u00bbstretch_row\u00a0\u00bb equal_height=\u00a0\u00bbyes\u00a0\u00bb content_placement=\u00a0\u00bbmiddle\u00a0\u00bb el_disable_tablet=\u00a0\u00bb1&Prime; el_disable_mobile=\u00a0\u00bb1&Prime; custom_css_code=\u00a0\u00bbLmdlbS1pbWFnZS1jZW50ZXJlZC1ib3glMjAlN0IlMEElMjAlMjAlMjAlMjBtYXJnaW4tYm90dG9tJTNBJTIwMCUzQiUwQSU3RCUwQS5pbWctYm9yZGVyLXJhZGl1cyUyMGltZyU3QiUwQSUyMCUyMCUyMCUyMGJvcmRlci1yYWRpdXMlM0ElMjAzM3B4JTNCJTBBJTdEJTBBLmN1c3RvbS1pbmZvdGV4dCUyMCU3QiUwQSUyMCUyMCUyMCUyMHdpZHRoJTNBJTIwMjIwcHglM0IlMEElN0QlMEElNDBtZWRpYSUyOG1heC13aWR0aCUzQSUyMDk5MXB4JTI5JTdCJTBBJTIwJTIwJTIwJTIwLmN1c3RvbS1pbmZvdGV4dCUyMCU3QiUwQSUyMCUyMCUyMCUyMCUyMCUyMCUyMCUyMHdpZHRoJTNBJTIwMjAwcHglM0IlMEElMjAlMjAlMjAlMjAlN0QlMEElN0Q=\u00a0\u00bb css=\u00a0\u00bb.vc_custom_1758840296371{margin-bottom: 0px !important;padding-top: 25px !important;padding-right: 185px !important;padding-bottom: 5px !important;padding-left: 205px !important;}\u00a0\u00bb tablet_padding_top=\u00a0\u00bb160&Prime; el_class=\u00a0\u00bbBLOQUE1QUISOMMES\u00a0\u00bb mobile_padding_left=\u00a0\u00bb10&Prime; mobile_padding_right=\u00a0\u00bb10&Prime;][vc_column css=\u00a0\u00bb.vc_custom_1727864486746{padding-top: 0px !important;padding-right: 75px !important;}\u00a0\u00bb tablet_padding_right=\u00a0\u00bb42&Prime; mobile_padding_bottom=\u00a0\u00bb60&Prime; mobile_padding_right=\u00a0\u00bb21&Prime;][vc_row_inner content_placement=\u00a0\u00bbtop\u00a0\u00bb css=\u00a0\u00bb.vc_custom_1750677169384{margin-top: 0px !important;margin-bottom: 0px !important;}\u00a0\u00bb el_class=\u00a0\u00bbTEAMREGEN\u00a0\u00bb][vc_column_inner width=\u00a0\u00bb2\/3&Prime;][vc_column_text css=\u00a0\u00bb\u00a0\u00bb][\/vc_column_text][\/vc_column_inner][vc_column_inner width=\u00a0\u00bb1\/3&Prime;]<style type=\"text\/css\">.thegem-button-69e90874187fa8903 .gem-button {font-size: 22px;padding-left: 20px;padding-right: 12px;}@media (max-width: 767px) {.thegem-button-69e90874187fa8903 .gem-button {padding-left: 25px;}}.thegem-button-69e90874187fa8903 .gem-button svg {fill: #000000;}.thegem-button-69e90874187fa8903 .gem-button:hover svg {fill: #FFFFFF;}<\/style><div class=\"gem-button-container gem-button-position-inline thegem-button-69e90874187fa8903 custom-button-seo-agency   \"  ><a title=\"CONTACT\" class=\"gem-button gem-button-size-large gem-button-style-flat gem-button-text-weight-thin gem-button-icon-position-right gem-button-no-uppercase  gem-button-flex\" data-ll-effect=\"drop-right-without-wrap\" style=\"border-radius: 100px;background-color: #69ABB4;color: #000000;\" onmouseleave=\"this.style.backgroundColor='#69ABB4';this.style.color='#000000';\" onmouseenter=\"this.style.backgroundColor='#000000';this.style.color='#FFFFFF';\" href=\"https:\/\/regenlife.com\/fr\/contact\/\" target=\"_self\">Executive summary<img class=\"gem-print-icon\" src=\"https:\/\/regenlife.com\/wp-content\/uploads\/2024\/12\/b1.svg\" alt=\"#\" \/><\/a><\/div> [\/vc_column_inner][\/vc_row_inner][\/vc_column][\/vc_row][vc_row full_width=\u00a0\u00bbstretch_row\u00a0\u00bb equal_height=\u00a0\u00bbyes\u00a0\u00bb content_placement=\u00a0\u00bbmiddle\u00a0\u00bb custom_css_code=\u00a0\u00bbLmdlbS1pbWFnZS1jZW50ZXJlZC1ib3glMjAlN0IlMEElMjAlMjAlMjAlMjBtYXJnaW4tYm90dG9tJTNBJTIwMCUzQiUwQSU3RCUwQS5pbWctYm9yZGVyLXJhZGl1cyUyMGltZyU3QiUwQSUyMCUyMCUyMCUyMGJvcmRlci1yYWRpdXMlM0ElMjAzM3B4JTNCJTBBJTdEJTBBLmN1c3RvbS1pbmZvdGV4dCUyMCU3QiUwQSUyMCUyMCUyMCUyMHdpZHRoJTNBJTIwMjIwcHglM0IlMEElN0QlMEElNDBtZWRpYSUyOG1heC13aWR0aCUzQSUyMDk5MXB4JTI5JTdCJTBBJTIwJTIwJTIwJTIwLmN1c3RvbS1pbmZvdGV4dCUyMCU3QiUwQSUyMCUyMCUyMCUyMCUyMCUyMCUyMCUyMHdpZHRoJTNBJTIwMjAwcHglM0IlMEElMjAlMjAlMjAlMjAlN0QlMEElN0Q=\u00a0\u00bb css=\u00a0\u00bb.vc_custom_1750677196620{margin-top: 0px !important;margin-bottom: 0px !important;padding-top: 5px !important;padding-right: 185px !important;padding-bottom: 85px !important;padding-left: 205px !important;}\u00a0\u00bb tablet_padding_top=\u00a0\u00bb160&Prime; el_class=\u00a0\u00bbBLOQUE1QUISOMMES\u00a0\u00bb mobile_padding_left=\u00a0\u00bb10&Prime; mobile_padding_right=\u00a0\u00bb10&Prime;][vc_column css=\u00a0\u00bb.vc_custom_1750676573007{padding-top: 0px !important;padding-right: 0px !important;padding-left: 0px !important;}\u00a0\u00bb tablet_padding_right=\u00a0\u00bb42&Prime; mobile_padding_bottom=\u00a0\u00bb60&Prime; mobile_padding_right=\u00a0\u00bb21&Prime;][vc_row_inner css=\u00a0\u00bb.vc_custom_1750677233561{margin-top: 0px !important;padding-top: 0px !important;}\u00a0\u00bb][vc_column_inner el_class=\u00a0\u00bbCONTENEDORIMAGENPERFIL\u00a0\u00bb width=\u00a0\u00bb1\/2&Prime;][vc_single_image image=\u00a0\u00bb3883&Prime; img_size=\u00a0\u00bbfull\u00a0\u00bb alignment=\u00a0\u00bbcenter\u00a0\u00bb style=\u00a0\u00bbvc_box_rounded\u00a0\u00bb css=\u00a0\u00bb.vc_custom_1752045950268{border-radius: 10px !important;border-color: #FFFFFF !important;}\u00a0\u00bb el_class=\u00a0\u00bbIMAGENPERFIL\u00a0\u00bb][\/vc_column_inner][vc_column_inner width=\u00a0\u00bb1\/2&Prime; css=\u00a0\u00bb.vc_custom_1750677326427{border-top-width: 2px !important;border-right-width: 2px !important;border-bottom-width: 2px !important;border-left-width: 2px !important;border-left-style: solid !important;border-right-style: solid !important;border-top-style: solid !important;border-bottom-style: solid !important;border-radius: 10px !important;border-color: #B1D7DC !important;}\u00a0\u00bb][vc_column_text css=\u00a0\u00bb.vc_custom_1769708568526{margin-top: 0px !important;}\u00a0\u00bb]<\/p>\n<h1 style=\"text-align: left; font-size: 1.6em; font-weight: bold; margin: 1em 0;\"><span style=\"color: #69abb4;\">Pr Marwan Sabbagh, MD<\/span><\/h1>\n<p>[\/vc_column_text][vc_column_text css=\u00a0\u00bb.vc_custom_1769708671491{margin-top: 0px !important;}\u00a0\u00bb]<\/p>\n<h4 style=\"text-align: left;\"><span data-keyword=\"Neurologue\"><strong>Neurologue, Barrow Neurological Institute<\/strong><\/span><\/h4>\n<p>[\/vc_column_text][vc_column_text css=\u00a0\u00bb.vc_custom_1769708663645{margin-top: 0px !important;}\u00a0\u00bb]<\/p>\n<p align=\"justify\"><strong>Pr\u00e9sentation<\/strong><\/p>\n<p align=\"justify\">Docteur en m\u00e9decine, neurologue certifi\u00e9 et neurologue g\u00e9riatrique, Marwan Noel Sabbagh consacre sa carri\u00e8re \u00e0 la recherche d&rsquo;un rem\u00e8de contre la maladie d&rsquo;Alzheimer et d&rsquo;autres maladies neurod\u00e9g\u00e9n\u00e9ratives li\u00e9es \u00e0 l&rsquo;\u00e2ge.<\/p>\n<p align=\"justify\">Il est l\u2019un des principaux chercheurs de nombreux essais nationaux importants sur le traitement de la maladie d\u2019Alzheimer. Dr Marwan Noel Sabbagh fait partie du comit\u00e9 de r\u00e9daction du\u00a0Journal of Alzheimer&rsquo;s Disease\u00a0et\u00a0Alzheimer&rsquo;s and Dementia TRCI, et est r\u00e9dacteur en chef de Neurology and Therapy.<\/p>\n<p align=\"justify\">L\u2019auteur et co-auteur de plus de 420 articles m\u00e9dicaux et scientifiques sur la recherche sur la maladie d\u2019Alzheimer, il obtient son dipl\u00f4me de premier cycle de l&rsquo;Universit\u00e9 de Californie \u00e0 Berkeley et son dipl\u00f4me de m\u00e9decine de l&rsquo;Universit\u00e9 de l&rsquo;Arizona \u00e0 Tucson.<\/p>\n<p align=\"justify\">Il fait sa r\u00e9sidence en neurologie au Baylor College of Medicine de Houston (Texas), et compl\u00e9te sa bourse en neurologie g\u00e9riatrique et en d\u00e9mence \u00e0 la facult\u00e9 de m\u00e9decine de l&rsquo;Universit\u00e9 de Californie (San Diego), o\u00f9 il int\u00e9gre le corps professoral en tant que professeur adjoint.<\/p>\n<p align=\"justify\">Avant de rejoindre le corps professoral du Barrow Neurological Institute, il occupe la chaire Camille et Larry Ruvo for Brain Health, dirige le Cleveland Clinic Lou Ruvo Center for Brain Health (Las Vegas), et excerce en tant que chercheur principal et fondateur du programme de recherche sur la maladie d&rsquo;Alzheimer du Nevada financ\u00e9 par les NIH.<\/p>\n<p align=\"justify\">Auparavant, il dirige le Banner Sun Health Research Institute \u00e0 Sun City (Arizona). Actuellement, Dr Marwan Noel excerce en tant que directeur associ\u00e9 du programme de recherche pour la r\u00e9sidence en neurologie.<\/p>\n<p align=\"justify\"><a title=\"pr\u00e9sentation Marwan SABBAGH\" href=\"https:\/\/phoenixmed.arizona.edu\/neurology\/faculty\/barrow\" target=\"_blank\" rel=\"noopener\">En savoir plus<\/a><\/p>\n<p>[\/vc_column_text]<div class=\"socials socials-list socials-colored-hover socials-rounded socials-alignment-left\"><a class=\"socials-item\" target=\"_blank\" href=\"https:\/\/www.linkedin.com\/in\/marwan-sabbagh-03b38515\/\" style=\"color: #000000;\" aria-label=\"linkedin\"><i class=\"socials-item-icon linkedin\" style=\"font-size: 34px\"><\/i><\/a><\/div>[\/vc_column_inner][vc_column_inner thegem_content_alignment=\u00a0\u00bbcenter\u00a0\u00bb offset=\u00a0\u00bbvc_hidden-lg\u00a0\u00bb tablet_padding_top=\u00a0\u00bb60&Prime; mobile_padding_top=\u00a0\u00bb60&Prime;]<style type=\"text\/css\">.thegem-button-69e9087418cc36998 .gem-button {font-size: 22px;padding-left: 20px;padding-right: 12px;}@media (max-width: 767px) {.thegem-button-69e9087418cc36998 .gem-button {font-size: 15px;padding-left: 25px;}}.thegem-button-69e9087418cc36998 .gem-button svg {fill: #000000;}.thegem-button-69e9087418cc36998 .gem-button:hover svg {fill: #FFFFFF;}<\/style><div class=\"gem-button-container gem-button-position-inline thegem-button-69e9087418cc36998 custom-button-seo-agency   \"  ><a class=\"gem-button gem-button-size-large gem-button-style-flat gem-button-text-weight-thin gem-button-icon-position-right gem-button-no-uppercase  gem-button-tablet-size-medium gem-button-mobile-size-medium gem-button-flex\" data-ll-effect=\"drop-right-without-wrap\" style=\"border-radius: 100px;background-color: #69ABB4;color: #000000;\" onmouseleave=\"this.style.backgroundColor='#69ABB4';this.style.color='#000000';\" onmouseenter=\"this.style.backgroundColor='#000000';this.style.color='#FFFFFF';\" href=\"\" target=\"_self\" role=\"button\">Investisseurs, contactez-nous<img class=\"gem-print-icon\" src=\"https:\/\/regenlife.com\/wp-content\/uploads\/2024\/12\/b1.svg\" alt=\"#\" \/><\/a><\/div> [\/vc_column_inner][\/vc_row_inner][\/vc_column][\/vc_row]<\/p>\n<\/div>","protected":false},"excerpt":{"rendered":"<p>[vc_row full_width=\u00a0\u00bbstretch_row\u00a0\u00bb equal_height=\u00a0\u00bbyes\u00a0\u00bb content_placement=\u00a0\u00bbmiddle\u00a0\u00bb el_disable_tablet=\u00a0\u00bb1&Prime; el_disable_mobile=\u00a0\u00bb1&Prime; custom_css_code=\u00a0\u00bbLmdlbS1pbWFnZS1jZW50ZXJlZC1ib3glMjAlN0IlMEElMjAlMjAlMjAlMjBtYXJnaW4tYm90dG9tJTNBJTIwMCUzQiUwQSU3RCUwQS5pbWctYm9yZGVyLXJhZGl1cyUyMGltZyU3QiUwQSUyMCUyMCUyMCUyMGJvcmRlci1yYWRpdXMlM0ElMjAzM3B4JTNCJTBBJTdEJTBBLmN1c3RvbS1pbmZvdGV4dCUyMCU3QiUwQSUyMCUyMCUyMCUyMHdpZHRoJTNBJTIwMjIwcHglM0IlMEElN0QlMEElNDBtZWRpYSUyOG1heC13aWR0aCUzQSUyMDk5MXB4JTI5JTdCJTBBJTIwJTIwJTIwJTIwLmN1c3RvbS1pbmZvdGV4dCUyMCU3QiUwQSUyMCUyMCUyMCUyMCUyMCUyMCUyMCUyMHdpZHRoJTNBJTIwMjAwcHglM0IlMEElMjAlMjAlMjAlMjAlN0QlMEElN0Q=\u00a0\u00bb css=\u00a0\u00bb.vc_custom_1758840296371{margin-bottom: 0px !important;padding-top: 25px !important;padding-right: 185px !important;padding-bottom: 5px !important;padding-left: 205px !important;}\u00a0\u00bb tablet_padding_top=\u00a0\u00bb160&Prime; el_class=\u00a0\u00bbBLOQUE1QUISOMMES\u00a0\u00bb&#8230;<\/p>\n","protected":false},"author":1,"featured_media":2724,"parent":0,"menu_order":0,"comment_status":"closed","ping_status":"closed","template":"","meta":{"_acf_changed":false,"footnotes":""},"class_list":["post-4005","page","type-page","status-publish","has-post-thumbnail"],"acf":[],"_links":{"self":[{"href":"https:\/\/regenlife.com\/fr\/wp-json\/wp\/v2\/pages\/4005","targetHints":{"allow":["GET"]}}],"collection":[{"href":"https:\/\/regenlife.com\/fr\/wp-json\/wp\/v2\/pages"}],"about":[{"href":"https:\/\/regenlife.com\/fr\/wp-json\/wp\/v2\/types\/page"}],"author":[{"embeddable":true,"href":"https:\/\/regenlife.com\/fr\/wp-json\/wp\/v2\/users\/1"}],"replies":[{"embeddable":true,"href":"https:\/\/regenlife.com\/fr\/wp-json\/wp\/v2\/comments?post=4005"}],"version-history":[{"count":5,"href":"https:\/\/regenlife.com\/fr\/wp-json\/wp\/v2\/pages\/4005\/revisions"}],"predecessor-version":[{"id":6127,"href":"https:\/\/regenlife.com\/fr\/wp-json\/wp\/v2\/pages\/4005\/revisions\/6127"}],"wp:featuredmedia":[{"embeddable":true,"href":"https:\/\/regenlife.com\/fr\/wp-json\/wp\/v2\/media\/2724"}],"wp:attachment":[{"href":"https:\/\/regenlife.com\/fr\/wp-json\/wp\/v2\/media?parent=4005"}],"curies":[{"name":"wp","href":"https:\/\/api.w.org\/{rel}","templated":true}]}}