{"id":4010,"date":"2025-07-09T09:40:00","date_gmt":"2025-07-09T07:40:00","guid":{"rendered":"https:\/\/regenlife.com\/?page_id=4010"},"modified":"2026-01-29T18:21:17","modified_gmt":"2026-01-29T17:21:17","slug":"pr-bruno-vellas-md-phd","status":"publish","type":"page","link":"https:\/\/regenlife.com\/fr\/pr-bruno-vellas-md-phd\/","title":{"rendered":"Pr Bruno Vellas, MD, PhD"},"content":{"rendered":"<div class=\"wpb-content-wrapper\"><p>[vc_row full_width=\u00a0\u00bbstretch_row\u00a0\u00bb equal_height=\u00a0\u00bbyes\u00a0\u00bb content_placement=\u00a0\u00bbmiddle\u00a0\u00bb el_disable_tablet=\u00a0\u00bb1&Prime; el_disable_mobile=\u00a0\u00bb1&Prime; custom_css_code=\u00a0\u00bbLmdlbS1pbWFnZS1jZW50ZXJlZC1ib3glMjAlN0IlMEElMjAlMjAlMjAlMjBtYXJnaW4tYm90dG9tJTNBJTIwMCUzQiUwQSU3RCUwQS5pbWctYm9yZGVyLXJhZGl1cyUyMGltZyU3QiUwQSUyMCUyMCUyMCUyMGJvcmRlci1yYWRpdXMlM0ElMjAzM3B4JTNCJTBBJTdEJTBBLmN1c3RvbS1pbmZvdGV4dCUyMCU3QiUwQSUyMCUyMCUyMCUyMHdpZHRoJTNBJTIwMjIwcHglM0IlMEElN0QlMEElNDBtZWRpYSUyOG1heC13aWR0aCUzQSUyMDk5MXB4JTI5JTdCJTBBJTIwJTIwJTIwJTIwLmN1c3RvbS1pbmZvdGV4dCUyMCU3QiUwQSUyMCUyMCUyMCUyMCUyMCUyMCUyMCUyMHdpZHRoJTNBJTIwMjAwcHglM0IlMEElMjAlMjAlMjAlMjAlN0QlMEElN0Q=\u00a0\u00bb css=\u00a0\u00bb.vc_custom_1758839977887{margin-bottom: 0px !important;padding-top: 25px !important;padding-right: 185px !important;padding-bottom: 5px !important;padding-left: 205px !important;}\u00a0\u00bb tablet_padding_top=\u00a0\u00bb160&Prime; el_class=\u00a0\u00bbBLOQUE1QUISOMMES\u00a0\u00bb mobile_padding_left=\u00a0\u00bb10&Prime; mobile_padding_right=\u00a0\u00bb10&Prime;][vc_column css=\u00a0\u00bb.vc_custom_1727864486746{padding-top: 0px !important;padding-right: 75px !important;}\u00a0\u00bb tablet_padding_right=\u00a0\u00bb42&Prime; mobile_padding_bottom=\u00a0\u00bb60&Prime; mobile_padding_right=\u00a0\u00bb21&Prime;][vc_row_inner content_placement=\u00a0\u00bbtop\u00a0\u00bb css=\u00a0\u00bb.vc_custom_1750677169384{margin-top: 0px !important;margin-bottom: 0px !important;}\u00a0\u00bb el_class=\u00a0\u00bbTEAMREGEN\u00a0\u00bb][vc_column_inner width=\u00a0\u00bb2\/3&Prime;][vc_column_text css=\u00a0\u00bb\u00a0\u00bb][\/vc_column_text][\/vc_column_inner][vc_column_inner width=\u00a0\u00bb1\/3&Prime;]<style type=\"text\/css\">.thegem-button-69f610b04e8148049 .gem-button {font-size: 22px;padding-left: 20px;padding-right: 12px;}@media (max-width: 767px) {.thegem-button-69f610b04e8148049 .gem-button {padding-left: 25px;}}.thegem-button-69f610b04e8148049 .gem-button svg {fill: #000000;}.thegem-button-69f610b04e8148049 .gem-button:hover svg {fill: #FFFFFF;}<\/style><div class=\"gem-button-container gem-button-position-inline thegem-button-69f610b04e8148049 custom-button-seo-agency   \"  ><a title=\"CONTACT\" class=\"gem-button gem-button-size-large gem-button-style-flat gem-button-text-weight-thin gem-button-icon-position-right gem-button-no-uppercase  gem-button-flex\" data-ll-effect=\"drop-right-without-wrap\" style=\"border-radius: 100px;background-color: #69ABB4;color: #000000;\" onmouseleave=\"this.style.backgroundColor='#69ABB4';this.style.color='#000000';\" onmouseenter=\"this.style.backgroundColor='#000000';this.style.color='#FFFFFF';\" href=\"https:\/\/regenlife.com\/fr\/contact\/\" target=\"_self\">Executive summary<img class=\"gem-print-icon\" src=\"https:\/\/regenlife.com\/wp-content\/uploads\/2024\/12\/b1.svg\" alt=\"#\" \/><\/a><\/div> [\/vc_column_inner][\/vc_row_inner][\/vc_column][\/vc_row][vc_row full_width=\u00a0\u00bbstretch_row\u00a0\u00bb equal_height=\u00a0\u00bbyes\u00a0\u00bb content_placement=\u00a0\u00bbmiddle\u00a0\u00bb custom_css_code=\u00a0\u00bbLmdlbS1pbWFnZS1jZW50ZXJlZC1ib3glMjAlN0IlMEElMjAlMjAlMjAlMjBtYXJnaW4tYm90dG9tJTNBJTIwMCUzQiUwQSU3RCUwQS5pbWctYm9yZGVyLXJhZGl1cyUyMGltZyU3QiUwQSUyMCUyMCUyMCUyMGJvcmRlci1yYWRpdXMlM0ElMjAzM3B4JTNCJTBBJTdEJTBBLmN1c3RvbS1pbmZvdGV4dCUyMCU3QiUwQSUyMCUyMCUyMCUyMHdpZHRoJTNBJTIwMjIwcHglM0IlMEElN0QlMEElNDBtZWRpYSUyOG1heC13aWR0aCUzQSUyMDk5MXB4JTI5JTdCJTBBJTIwJTIwJTIwJTIwLmN1c3RvbS1pbmZvdGV4dCUyMCU3QiUwQSUyMCUyMCUyMCUyMCUyMCUyMCUyMCUyMHdpZHRoJTNBJTIwMjAwcHglM0IlMEElMjAlMjAlMjAlMjAlN0QlMEElN0Q=\u00a0\u00bb css=\u00a0\u00bb.vc_custom_1750677196620{margin-top: 0px !important;margin-bottom: 0px !important;padding-top: 5px !important;padding-right: 185px !important;padding-bottom: 85px !important;padding-left: 205px !important;}\u00a0\u00bb tablet_padding_top=\u00a0\u00bb160&Prime; el_class=\u00a0\u00bbBLOQUE1QUISOMMES\u00a0\u00bb mobile_padding_left=\u00a0\u00bb10&Prime; mobile_padding_right=\u00a0\u00bb10&Prime;][vc_column css=\u00a0\u00bb.vc_custom_1750676573007{padding-top: 0px !important;padding-right: 0px !important;padding-left: 0px !important;}\u00a0\u00bb tablet_padding_right=\u00a0\u00bb42&Prime; mobile_padding_bottom=\u00a0\u00bb60&Prime; mobile_padding_right=\u00a0\u00bb21&Prime;][vc_row_inner css=\u00a0\u00bb.vc_custom_1750677233561{margin-top: 0px !important;padding-top: 0px !important;}\u00a0\u00bb][vc_column_inner el_class=\u00a0\u00bbCONTENEDORIMAGENPERFIL\u00a0\u00bb width=\u00a0\u00bb1\/2&Prime;][vc_single_image image=\u00a0\u00bb3886&Prime; img_size=\u00a0\u00bbfull\u00a0\u00bb alignment=\u00a0\u00bbcenter\u00a0\u00bb style=\u00a0\u00bbvc_box_rounded\u00a0\u00bb css=\u00a0\u00bb.vc_custom_1752046796391{border-radius: 10px !important;border-color: #FFFFFF !important;}\u00a0\u00bb el_class=\u00a0\u00bbIMAGENPERFIL\u00a0\u00bb][\/vc_column_inner][vc_column_inner width=\u00a0\u00bb1\/2&Prime; css=\u00a0\u00bb.vc_custom_1750677326427{border-top-width: 2px !important;border-right-width: 2px !important;border-bottom-width: 2px !important;border-left-width: 2px !important;border-left-style: solid !important;border-right-style: solid !important;border-top-style: solid !important;border-bottom-style: solid !important;border-radius: 10px !important;border-color: #B1D7DC !important;}\u00a0\u00bb][vc_column_text css=\u00a0\u00bb.vc_custom_1769707170621{margin-top: 0px !important;}\u00a0\u00bb]<\/p>\n<h1 style=\"text-align: left; font-size: 1.6em; font-weight: bold; margin: 1em 0;\"><span style=\"color: #69abb4;\">Pr Bruno Vellas, MD, PhD<\/span><\/h1>\n<p>[\/vc_column_text][vc_column_text css=\u00a0\u00bb.vc_custom_1769707185752{margin-top: 0px !important;}\u00a0\u00bb]<\/p>\n<h4 style=\"text-align: left;\"><span data-keyword=\"\"><br \/>\n<strong>G\u00e9riatre, CHU de Toulouse, G\u00e9rontop\u00f4le de Toulouse, INSPIRE<\/strong><\/span><\/h4>\n<p>[\/vc_column_text][vc_column_text css=\u00a0\u00bb.vc_custom_1769707263087{margin-top: 0px !important;}\u00a0\u00bb]<\/p>\n<p align=\"justify\"><strong>Pr\u00e9sentation<\/strong><\/p>\n<p align=\"justify\">Bruno Vellas est le fondateur du IHU HealthAge (Institut Hospitalier Universitaire de Toulouse, France) d\u00e9di\u00e9 au vieillissement en bonne sant\u00e9, \u00e0 la pr\u00e9vention et \u00e0 la g\u00e9roscience.<\/p>\n<p align=\"justify\">Pr\u00e9sident du G\u00e9rontop\u00f4le &amp; D\u00e9partement de m\u00e9decine interne g\u00e9riatrique du CHU de Toulouse, il est membre de l&rsquo;INSERM UMR 1295 et fondateur du G\u00e9rontop\u00f4le pour d\u00e9velopper l&rsquo;innovation et la recherche aupr\u00e8s des personnes \u00e2g\u00e9es.<\/p>\n<p align=\"justify\">Professeur adjoint au D\u00e9partement de m\u00e9decine interne, Universit\u00e9 du Nouveau-Mexique, Albuquerque (Nouveau-Mexique, \u00c9tats-Unis), il est aussi pr\u00e9sident du Centre collaborateur de l&rsquo;OMS pour la fragilit\u00e9, la recherche clinique et la formation g\u00e9riatrique depuis septembre 2017.<\/p>\n<p align=\"justify\">Ancien pr\u00e9sident de l&rsquo;IAGG, il pr\u00e9side le comit\u00e9 scientifique du \u00ab Grand \u00c2ge \u00bb et est coordonnateur du programme INSPIRE dans le domaine des G\u00e9rosciences.<\/p>\n<p>[\/vc_column_text]<div class=\"socials socials-list socials-colored-hover socials-rounded socials-alignment-left\"><a class=\"socials-item\" target=\"_blank\" href=\"https:\/\/www.linkedin.com\/in\/bruno-vellas-55146413\" style=\"color: #000000;\" aria-label=\"linkedin\"><i class=\"socials-item-icon linkedin\" style=\"font-size: 34px\"><\/i><\/a><\/div>[\/vc_column_inner][vc_column_inner thegem_content_alignment=\u00a0\u00bbcenter\u00a0\u00bb offset=\u00a0\u00bbvc_hidden-lg\u00a0\u00bb tablet_padding_top=\u00a0\u00bb60&Prime; mobile_padding_top=\u00a0\u00bb60&Prime;]<style type=\"text\/css\">.thegem-button-69f610b04ed3f3520 .gem-button {font-size: 22px;padding-left: 20px;padding-right: 12px;}@media (max-width: 767px) {.thegem-button-69f610b04ed3f3520 .gem-button {padding-left: 25px;}}.thegem-button-69f610b04ed3f3520 .gem-button svg {fill: #000000;}.thegem-button-69f610b04ed3f3520 .gem-button:hover svg {fill: #FFFFFF;}<\/style><div class=\"gem-button-container gem-button-position-inline thegem-button-69f610b04ed3f3520 custom-button-seo-agency   \"  ><a class=\"gem-button gem-button-size-large gem-button-style-flat gem-button-text-weight-thin gem-button-icon-position-right gem-button-no-uppercase  gem-button-flex\" data-ll-effect=\"drop-right-without-wrap\" style=\"border-radius: 100px;background-color: #69ABB4;color: #000000;\" onmouseleave=\"this.style.backgroundColor='#69ABB4';this.style.color='#000000';\" onmouseenter=\"this.style.backgroundColor='#000000';this.style.color='#FFFFFF';\" href=\"\" target=\"_self\" role=\"button\">Investisseurs, contactez-nous<img class=\"gem-print-icon\" src=\"https:\/\/regenlife.com\/wp-content\/uploads\/2024\/12\/b1.svg\" alt=\"#\" \/><\/a><\/div> [\/vc_column_inner][\/vc_row_inner][\/vc_column][\/vc_row]<\/p>\n<\/div>","protected":false},"excerpt":{"rendered":"<p>[vc_row full_width=\u00a0\u00bbstretch_row\u00a0\u00bb equal_height=\u00a0\u00bbyes\u00a0\u00bb content_placement=\u00a0\u00bbmiddle\u00a0\u00bb el_disable_tablet=\u00a0\u00bb1&Prime; el_disable_mobile=\u00a0\u00bb1&Prime; custom_css_code=\u00a0\u00bbLmdlbS1pbWFnZS1jZW50ZXJlZC1ib3glMjAlN0IlMEElMjAlMjAlMjAlMjBtYXJnaW4tYm90dG9tJTNBJTIwMCUzQiUwQSU3RCUwQS5pbWctYm9yZGVyLXJhZGl1cyUyMGltZyU3QiUwQSUyMCUyMCUyMCUyMGJvcmRlci1yYWRpdXMlM0ElMjAzM3B4JTNCJTBBJTdEJTBBLmN1c3RvbS1pbmZvdGV4dCUyMCU3QiUwQSUyMCUyMCUyMCUyMHdpZHRoJTNBJTIwMjIwcHglM0IlMEElN0QlMEElNDBtZWRpYSUyOG1heC13aWR0aCUzQSUyMDk5MXB4JTI5JTdCJTBBJTIwJTIwJTIwJTIwLmN1c3RvbS1pbmZvdGV4dCUyMCU3QiUwQSUyMCUyMCUyMCUyMCUyMCUyMCUyMCUyMHdpZHRoJTNBJTIwMjAwcHglM0IlMEElMjAlMjAlMjAlMjAlN0QlMEElN0Q=\u00a0\u00bb css=\u00a0\u00bb.vc_custom_1758839977887{margin-bottom: 0px !important;padding-top: 25px !important;padding-right: 185px !important;padding-bottom: 5px !important;padding-left: 205px !important;}\u00a0\u00bb tablet_padding_top=\u00a0\u00bb160&Prime; el_class=\u00a0\u00bbBLOQUE1QUISOMMES\u00a0\u00bb&#8230;<\/p>\n","protected":false},"author":1,"featured_media":2724,"parent":0,"menu_order":0,"comment_status":"closed","ping_status":"closed","template":"","meta":{"_acf_changed":false,"footnotes":""},"class_list":["post-4010","page","type-page","status-publish","has-post-thumbnail"],"acf":[],"_links":{"self":[{"href":"https:\/\/regenlife.com\/fr\/wp-json\/wp\/v2\/pages\/4010","targetHints":{"allow":["GET"]}}],"collection":[{"href":"https:\/\/regenlife.com\/fr\/wp-json\/wp\/v2\/pages"}],"about":[{"href":"https:\/\/regenlife.com\/fr\/wp-json\/wp\/v2\/types\/page"}],"author":[{"embeddable":true,"href":"https:\/\/regenlife.com\/fr\/wp-json\/wp\/v2\/users\/1"}],"replies":[{"embeddable":true,"href":"https:\/\/regenlife.com\/fr\/wp-json\/wp\/v2\/comments?post=4010"}],"version-history":[{"count":6,"href":"https:\/\/regenlife.com\/fr\/wp-json\/wp\/v2\/pages\/4010\/revisions"}],"predecessor-version":[{"id":6123,"href":"https:\/\/regenlife.com\/fr\/wp-json\/wp\/v2\/pages\/4010\/revisions\/6123"}],"wp:featuredmedia":[{"embeddable":true,"href":"https:\/\/regenlife.com\/fr\/wp-json\/wp\/v2\/media\/2724"}],"wp:attachment":[{"href":"https:\/\/regenlife.com\/fr\/wp-json\/wp\/v2\/media?parent=4010"}],"curies":[{"name":"wp","href":"https:\/\/api.w.org\/{rel}","templated":true}]}}