{"id":4835,"date":"2025-09-18T11:35:30","date_gmt":"2025-09-18T09:35:30","guid":{"rendered":"https:\/\/regenlife.com\/?page_id=4835"},"modified":"2026-02-04T19:31:49","modified_gmt":"2026-02-04T18:31:49","slug":"solutions_recherche_preclinique","status":"publish","type":"page","link":"https:\/\/regenlife.com\/fr\/solutions_recherche_preclinique\/","title":{"rendered":"SOLUTIONS"},"content":{"rendered":"<div class=\"wpb-content-wrapper\"><p>[vc_row content_placement=\u00a0\u00bbtop\u00a0\u00bb custom_css_code=\u00a0\u00bbLmdlbS1pbWFnZS1jZW50ZXJlZC1ib3glMjAlN0IlMEElMjAlMjAlMjAlMjBtYXJnaW4tYm90dG9tJTNBJTIwMCUzQiUwQSU3RCUwQS5pbWctYm9yZGVyLXJhZGl1cyUyMGltZyU3QiUwQSUyMCUyMCUyMCUyMGJvcmRlci1yYWRpdXMlM0ElMjAzM3B4JTNCJTBBJTdEJTBBLmN1c3RvbS1pbmZvdGV4dCUyMCU3QiUwQSUyMCUyMCUyMCUyMHdpZHRoJTNBJTIwMjIwcHglM0IlMEElN0QlMEElNDBtZWRpYSUyOG1heC13aWR0aCUzQSUyMDk5MXB4JTI5JTdCJTBBJTIwJTIwJTIwJTIwLmN1c3RvbS1pbmZvdGV4dCUyMCU3QiUwQSUyMCUyMCUyMCUyMCUyMCUyMCUyMCUyMHdpZHRoJTNBJTIwMjAwcHglM0IlMEElMjAlMjAlMjAlMjAlN0QlMEElN0Q=\u00a0\u00bb thegem_revesrse_columns_mobile=\u00a0\u00bbtrue\u00a0\u00bb css=\u00a0\u00bb.vc_custom_1754321214611{margin-bottom: 0px !important;padding-top: 85px !important;padding-bottom: 30px !important;}\u00a0\u00bb tablet_padding_top=\u00a0\u00bb85&Prime; el_class=\u00a0\u00bbCONTENEDORPIRATA\u00a0\u00bb mobile_padding_top=\u00a0\u00bb85&Prime; mobile_margin_bottom=\u00a0\u00bb-50&Prime;][vc_column width=\u00a0\u00bb1\/2&Prime; css=\u00a0\u00bb.vc_custom_1750698481768{padding-top: 0px !important;padding-right: 75px !important;}\u00a0\u00bb tablet_padding_right=\u00a0\u00bb42&Prime; mobile_padding_bottom=\u00a0\u00bb60&Prime; mobile_padding_right=\u00a0\u00bb21&Prime; el_class=\u00a0\u00bbINTROPIRATA\u00a0\u00bb]<div class=\"thegem-te-heading thegem-custom-69f81d316d0627877\" ><h1 id=\"thegem-heading-69f81d316d011\" class=\"thegem-heading title-h2 vc_custom_1770229715302\" style=\"text-align: left;\" ><span>RECHERCHE PR\u00c9CLINIQUE<\/span><\/h1><style type=\"text\/css\">#thegem-heading-69f81d316d011 {margin: 0;}#thegem-heading-69f81d316d011 a:hover, #thegem-heading-69f81d316d011 a:hover span.colored {color: var(--thegem-to-menu-level1-color-hover, #00BCD4) !important;}<\/style><\/div><style>@media screen and (max-width: 1023px) {.thegem-te-heading.thegem-custom-69f81d316d0627877{display: block!important;}}@media screen and (max-width: 767px) {.thegem-te-heading.thegem-custom-69f81d316d0627877{display: block!important;}}@media screen and (max-width: 1023px) {.thegem-te-heading.thegem-custom-69f81d316d0627877{position: relative !important;}}@media screen and (max-width: 767px) {.thegem-te-heading.thegem-custom-69f81d316d0627877{position: relative !important;}}<\/style>[vc_column_text css=\u00a0\u00bb.vc_custom_1770229736100{padding-top: 21px !important;}\u00a0\u00bb el_class=\u00a0\u00bbSUBRAYADO\u00a0\u00bb]<\/p>\n<h2 style=\"font-size: 1.2em;\"><span style=\"color: #6dadb6;\"><strong>Dispositifs pour la recherche pr\u00e9clinique<\/strong><\/span><\/h2>\n<p>[\/vc_column_text][vc_column_text css=\u00a0\u00bb\u00a0\u00bb]<\/p>\n<p align=\"justify\"><strong>RGn530 et RGn535 : des dispositifs m\u00e9dicaux non-invasifs innovants utilisant la photobiomodulation (mod\u00e8les murins).<\/strong><\/p>\n<p align=\"justify\"><strong>REGEnLIFE met \u00e0 disposition, \u00e0 des fins de recherche pr\u00e9clinique, les RGn530 et RGn535, dispositifs m\u00e9dicaux miniaturis\u00e9s de neurostimulation par PBM pour traiter la neuroinflammation et les affections neurologiques dans les mod\u00e8les murin.<\/strong><\/p>\n<p>[\/vc_column_text][\/vc_column][vc_column width=\u00a0\u00bb1\/2&Prime; css=\u00a0\u00bb.vc_custom_1751011522755{padding-top: 90px !important;}\u00a0\u00bb mobile_padding_top=\u00a0\u00bb175&Prime; el_class=\u00a0\u00bbIMAGENPIRATA\u00a0\u00bb offset=\u00a0\u00bbvc_col-xs-12&Prime;]<div class=\"gem-image gem-wrapbox gem-wrapbox-style-default gem-wrapbox-position-left img-border-radius thegem-custom-69f81d316d0cc1736\"  style=\"\" ><div class=\"gem-wrapbox-inner \" ><img class=\"gem-wrapbox-element img-responsive\" src=\"https:\/\/regenlife.com\/wp-content\/uploads\/2025\/08\/page-Solutions_Produits-Recherche.jpg\" alt=\"\"\/><\/div><\/div>[\/vc_column][\/vc_row][vc_row full_width=\u00a0\u00bbstretch_row\u00a0\u00bb custom_css_code=\u00a0\u00bbLmN1c3RvbS10aXRsZSUyMGgyJTdCJTBBJTIwJTIwJTIwJTIwbWFyZ2luLXJpZ2h0JTNBJTIwMzBweCUyMWltcG9ydGFudCUzQiUwQSUyMCUyMCUyMCUyMG1hcmdpbi1ib3R0b20lM0ElMjAwJTIxaW1wb3J0YW50JTNCJTBBJTIwJTIwJTIwJTIwbWFyZ2luLXRvcCUzQSUyMDAlMjFpbXBvcnRhbnQlM0IlMEElN0QlMEEuY3VzdG9tLXRpdGxlJTIwLnZjX3NlcF9saW5lJTIwJTdCJTBBJTIwJTIwJTIwJTIwdG9wJTNBJTIwMTJweCUyMWltcG9ydGFudCUzQiUwQSU3RCUwQS5nZW0taW5mb3RleHQlMjAlN0IlMEElMjAlMjAlMjAlMjB3aWR0aCUzQSUyMGF1dG8lMjFpbXBvcnRhbnQlM0IlMEElN0QlMEEuZ2VtLWluZm90ZXh0JTNBaG92ZXIlMjAlN0IlMEElMjAlMjAlMjAlMjBiYWNrZ3JvdW5kLWNvbG9yJTNBJTIwJTIzRjlFQUQ1JTIwJTIxaW1wb3J0YW50JTNCJTBBJTIwJTIwJTIwJTIwdHJhbnNpdGlvbiUzQSUyMGFsbCUyMDAuM3MlM0IlMEElN0QlMEE=\u00a0\u00bb css=\u00a0\u00bb.vc_custom_1758187981939{margin-bottom: 0px !important;padding-top: 50px !important;padding-bottom: 30px !important;background-color: #FFFFFF !important;}\u00a0\u00bb mobile_margin_bottom=\u00a0\u00bb-150&Prime;][vc_column css=\u00a0\u00bb.vc_custom_1726578677849{padding-top: 0px !important;}\u00a0\u00bb][vc_column_text css=\u00a0\u00bb\u00a0\u00bb]<\/p>\n<p align=\"justify\"><strong>Les dispositifs pr\u00e9cliniques RGn530\/RGn535<\/strong> sont adapt\u00e9s \u00e0 la petite taille des souris et con\u00e7us pour les immobiliser de mani\u00e8re s\u00fbre et s\u00e9curis\u00e9e. Ils tiennent compte des principes du bien-\u00eatre animal, en veillant \u00e0 ce que les souris ne ressentent qu\u2019un inconfort minimal pendant les s\u00e9ances. Les dispositifs, comprenant une navette de contention, sont compos\u00e9s de deux modules : soit cr\u00e2nien et abdominal (RGn530), soit dorso-ventral (RGn535). Le module abdominal ou dorso-ventral est ajustable afin de s\u2019adapter \u00e0 la morphologie de la souris tandis que le module cr\u00e2nien est fixe, la t\u00eate de l\u2019animal ne variant pas selon sa corpulence.<\/p>\n<p align=\"justify\">Chaque module contient une source d\u2019\u00e9mission mixte lasers (proche infrarouge) et LED (proche infrarouge et rouge). Lors du traitement, les souris sont plac\u00e9es dans une capsule de contention puis install\u00e9e dans un emplacement d\u00e9di\u00e9 sur l\u2019appareil permettant de placer leur t\u00eate et leur abdomen sous les modules qui leur sont consacr\u00e9s.<\/p>\n<p>[\/vc_column_text][\/vc_column][\/vc_row][vc_row full_width=\u00a0\u00bbstretch_row\u00a0\u00bb content_placement=\u00a0\u00bbtop\u00a0\u00bb background_position_desktop=\u00a0\u00bbleft top\u00a0\u00bb background_position_tablet=\u00a0\u00bbcenter center\u00a0\u00bb custom_css_code=\u00a0\u00bbLmN1c3RvbS1pbmZvdGV4dCUyMC5nZW0taW5mb3RleHQlMjAlN0IlMEElMjAlMjAlMjAlMjB3aWR0aCUzQSUyMGF1dG8lMjFpbXBvcnRhbnQlM0IlMEElN0QlMEEuY3VzdG9tLWluZm90ZXh0JTIwLmdlbS1pbmZvdGV4dCUzQWhvdmVyJTIwJTdCJTBBJTIwJTIwJTIwJTIwYmFja2dyb3VuZC1jb2xvciUzQSUyMCUyM0Y5RUFENSUyMCUyMWltcG9ydGFudCUzQiUwQSUyMCUyMCUyMCUyMHRyYW5zaXRpb24lM0ElMjBhbGwlMjAwLjNzJTNCJTBBJTdEJTBBJTBBLnJpZ2h0LWJ0biUyMC5nZW0tYnV0dG9uJTIwJTdCJTBBJTIwJTIwJTIwJTIwYm9yZGVyJTNBJTIwbm9uZSUzQiUwQSUyMCUyMCUyMCUyMGJvcmRlci1ib3R0b20lM0ElMjAxcHglMjBzb2xpZCUyMCUyM0ZFNjMyRCUyMWltcG9ydGFudCUzQiUwQSUyMCUyMCUyMCUyMGhlaWdodCUzQSUyMDMwcHglM0IlMEElN0QlMEEucmlnaHQtYnRuJTIwLmdlbS1idXR0b24lN0IlMEElMjAlMjAlMjAlMjBwb3NpdGlvbiUzQSUyMGFic29sdXRlJTNCJTBBJTIwJTIwJTIwJTIwcmlnaHQlM0ElMjAyMXB4JTNCJTBBJTIwJTIwJTIwJTIwdG9wJTNBJTIwNzNweCUzQiUwQSU3RCUwQSU0MG1lZGlhJTI4bWF4LXdpZHRoJTNBJTIwMTAyM3B4JTI5JTdCJTBBJTIwJTIwJTIwJTIwLnJpZ2h0LWJ0biUyMC5nZW0tYnV0dG9uJTdCJTBBJTIwJTIwJTIwJTIwJTIwJTIwJTIwJTIwJTIwdG9wJTNBJTIwNDhweCUzQiUwQSUyMCUyMCUyMCUyMCU3RCUwQSU3RCUwQSU0MG1lZGlhJTI4bWF4LXdpZHRoJTNBJTIwNzY3cHglMjklN0IlMEElMjAlMjAlMjAlMjAucmlnaHQtYnRuJTIwLmdlbS1idXR0b24lN0IlMEElMjAlMjAlMjAlMjAlMjAlMjAlMjAlMjAlMjBkaXNwbGF5JTNBJTIwbm9uZSUzQiUwQSUyMCUyMCUyMCUyMCU3RCUwQSU3RCUwQSUwQSUwQS5nZW0taW1hZ2UtY2VudGVyZWQtYm94JTIwJTdCJTBBJTIwJTIwJTIwJTIwbWFyZ2luLWJvdHRvbSUzQSUyMDAlM0IlMEElN0QlMEEuaW1nLWJvcmRlci1yYWRpdXMlMjBpbWclN0IlMEElMjAlMjAlMjAlMjBib3JkZXItcmFkaXVzJTNBJTIwMzNweCUzQiUwQSU3RA==\u00a0\u00bb css=\u00a0\u00bb.vc_custom_1754320950498{margin-top: 0px !important;margin-bottom: 0px !important;padding-top: 50px !important;background-position: center !important;background-repeat: no-repeat !important;background-size: cover !important;}\u00a0\u00bb][vc_column width=\u00a0\u00bb1\/2&Prime; css=\u00a0\u00bb.vc_custom_1753950644458{margin-top: 0px !important;padding-top: 0px !important;}\u00a0\u00bb tablet_padding_top=\u00a0\u00bb70&Prime; tablet_padding_bottom=\u00a0\u00bb70&Prime;][vc_column_text css=\u00a0\u00bb\u00a0\u00bb]<\/p>\n<h3>Caract\u00e9ristiques du traitement RGn600 :<\/h3>\n<p>[\/vc_column_text]<style>.thegem-custom-69f81d316d50c4860 .gem-icon-inner {background-color: #BED9DC;}.thegem-custom-69f81d316d50c4860 .gem-icon-half-1 {color: #69ABB4;}.thegem-custom-69f81d316d50c4860 .gem-icon-half-2 {color: #69ABB4;}.thegem-custom-69f81d316d50c4860 .gem-icon-style-gradient .back-angle {background: linear-gradient( to bottom, #69ABB4, ); -webkit-text-fill-color: transparent; -webkit-background-clip: text;}.thegem-custom-69f81d316d50c4860 .gem-icon  {border-color: #BED9DC;border-color: #BED9DC;}.thegem-custom-69f81d316d50c4860 .gem-icon  {font-size: 22px;}.thegem-custom-69f81d316d50c4860 .gem-icon:not(.gem-simple-icon) .gem-icon-inner {width: 33px; height: 33px; line-height: 33px;}.thegem-custom-69f81d316d50c4860 .gem-icon.gem-simple-icon {width: 22px; height: 22px; line-height: 22px;}.gem-infotext.thegem-custom-69f81d316d50c4860 .gem-infotext-icon {margin-top:-2px !important;}.gem-infotext.thegem-custom-69f81d316d50c4860 .gem-infotext-icon {margin-right:20px !important;}<\/style><div class=\"gem-infotext vc_custom_1758187692388 alignment-left thegem-custom-69f81d316d50c4860\"> <div class=\"gem-infotext-wrap position--left vertical--top\"> <div class=\"gem-infotext-icon\"> <div class=\"gem-icon gem-icon-pack-elegant gem-icon-size-custom gem-icon-shape-circle\"> <div class=\"gem-icon-inner\"><span class=\"gem-icon-half-1\"><span class=\"back-angle\">&#x4e;<\/span><\/span><span class=\"gem-icon-half-2\"><span class=\"back-angle\">&#x4e;<\/span><\/span><\/div> <\/div> <\/div> <div class=\"gem-infotext\"> <div class=\"gem-infotext__title\"> <div class=\"title-customize text-body\" style=\"\"> Un dispositif de photobiomodulation miniaturis\u00e9 en double application : cerveau-intestin ou dorso-ventrale <\/div> <\/div> <\/div> <\/div> <\/div><style>.thegem-custom-69f81d316d5a4545 .gem-icon-inner {background-color: #BED9DC;}.thegem-custom-69f81d316d5a4545 .gem-icon-half-1 {color: #69ABB4;}.thegem-custom-69f81d316d5a4545 .gem-icon-half-2 {color: #69ABB4;}.thegem-custom-69f81d316d5a4545 .gem-icon-style-gradient .back-angle {background: linear-gradient( to bottom, #69ABB4, ); -webkit-text-fill-color: transparent; -webkit-background-clip: text;}.thegem-custom-69f81d316d5a4545 .gem-icon  {border-color: #BED9DC;border-color: #BED9DC;}.thegem-custom-69f81d316d5a4545 .gem-icon  {font-size: 22px;}.thegem-custom-69f81d316d5a4545 .gem-icon:not(.gem-simple-icon) .gem-icon-inner {width: 33px; height: 33px; line-height: 33px;}.thegem-custom-69f81d316d5a4545 .gem-icon.gem-simple-icon {width: 22px; height: 22px; line-height: 22px;}.gem-infotext.thegem-custom-69f81d316d5a4545 .gem-infotext-icon {margin-top:-2px !important;}.gem-infotext.thegem-custom-69f81d316d5a4545 .gem-infotext-icon {margin-right:20px !important;}<\/style><div class=\"gem-infotext vc_custom_1758187738893 alignment-left thegem-custom-69f81d316d5a4545\"> <div class=\"gem-infotext-wrap position--left vertical--top\"> <div class=\"gem-infotext-icon\"> <div class=\"gem-icon gem-icon-pack-elegant gem-icon-size-custom gem-icon-shape-circle\"> <div class=\"gem-icon-inner\"><span class=\"gem-icon-half-1\"><span class=\"back-angle\">&#x4e;<\/span><\/span><span class=\"gem-icon-half-2\"><span class=\"back-angle\">&#x4e;<\/span><\/span><\/div> <\/div> <\/div> <div class=\"gem-infotext\"> <div class=\"gem-infotext__title\"> <div class=\"title-customize text-body\" style=\"\"> Non-invasif et indolore pour l\u2019animal <\/div> <\/div> <\/div> <\/div> <\/div><style>.thegem-custom-69f81d316d5f52320 .gem-icon-inner {background-color: #BED9DC;}.thegem-custom-69f81d316d5f52320 .gem-icon-half-1 {color: #69ABB4;}.thegem-custom-69f81d316d5f52320 .gem-icon-half-2 {color: #69ABB4;}.thegem-custom-69f81d316d5f52320 .gem-icon-style-gradient .back-angle {background: linear-gradient( to bottom, #69ABB4, ); -webkit-text-fill-color: transparent; -webkit-background-clip: text;}.thegem-custom-69f81d316d5f52320 .gem-icon  {border-color: #BED9DC;border-color: #BED9DC;}.thegem-custom-69f81d316d5f52320 .gem-icon  {font-size: 22px;}.thegem-custom-69f81d316d5f52320 .gem-icon:not(.gem-simple-icon) .gem-icon-inner {width: 33px; height: 33px; line-height: 33px;}.thegem-custom-69f81d316d5f52320 .gem-icon.gem-simple-icon {width: 22px; height: 22px; line-height: 22px;}.gem-infotext.thegem-custom-69f81d316d5f52320 .gem-infotext-icon {margin-top:-2px !important;}.gem-infotext.thegem-custom-69f81d316d5f52320 .gem-infotext-icon {margin-right:20px !important;}<\/style><div class=\"gem-infotext vc_custom_1758187755277 alignment-left thegem-custom-69f81d316d5f52320\"> <div class=\"gem-infotext-wrap position--left vertical--top\"> <div class=\"gem-infotext-icon\"> <div class=\"gem-icon gem-icon-pack-elegant gem-icon-size-custom gem-icon-shape-circle\"> <div class=\"gem-icon-inner\"><span class=\"gem-icon-half-1\"><span class=\"back-angle\">&#x4e;<\/span><\/span><span class=\"gem-icon-half-2\"><span class=\"back-angle\">&#x4e;<\/span><\/span><\/div> <\/div> <\/div> <div class=\"gem-infotext\"> <div class=\"gem-infotext__title\"> <div class=\"title-customize text-body\" style=\"\"> Modules et param\u00e8tres ajustables en fonction des besoins <\/div> <\/div> <\/div> <\/div> <\/div><style>.thegem-custom-69f81d316d63a8901 .gem-icon-inner {background-color: #BED9DC;}.thegem-custom-69f81d316d63a8901 .gem-icon-half-1 {color: #69ABB4;}.thegem-custom-69f81d316d63a8901 .gem-icon-half-2 {color: #69ABB4;}.thegem-custom-69f81d316d63a8901 .gem-icon-style-gradient .back-angle {background: linear-gradient( to bottom, #69ABB4, ); -webkit-text-fill-color: transparent; -webkit-background-clip: text;}.thegem-custom-69f81d316d63a8901 .gem-icon  {border-color: #BED9DC;border-color: #BED9DC;}.thegem-custom-69f81d316d63a8901 .gem-icon  {font-size: 22px;}.thegem-custom-69f81d316d63a8901 .gem-icon:not(.gem-simple-icon) .gem-icon-inner {width: 33px; height: 33px; line-height: 33px;}.thegem-custom-69f81d316d63a8901 .gem-icon.gem-simple-icon {width: 22px; height: 22px; line-height: 22px;}.gem-infotext.thegem-custom-69f81d316d63a8901 .gem-infotext-icon {margin-top:-2px !important;}.gem-infotext.thegem-custom-69f81d316d63a8901 .gem-infotext-icon {margin-right:20px !important;}<\/style><div class=\"gem-infotext vc_custom_1758187768558 alignment-left thegem-custom-69f81d316d63a8901\"> <div class=\"gem-infotext-wrap position--left vertical--top\"> <div class=\"gem-infotext-icon\"> <div class=\"gem-icon gem-icon-pack-elegant gem-icon-size-custom gem-icon-shape-circle\"> <div class=\"gem-icon-inner\"><span class=\"gem-icon-half-1\"><span class=\"back-angle\">&#x4e;<\/span><\/span><span class=\"gem-icon-half-2\"><span class=\"back-angle\">&#x4e;<\/span><\/span><\/div> <\/div> <\/div> <div class=\"gem-infotext\"> <div class=\"gem-infotext__title\"> <div class=\"title-customize text-body\" style=\"\"> Unit\u00e9 de contr\u00f4le mobile <\/div> <\/div> <\/div> <\/div> <\/div><style>.thegem-custom-69f81d316d67a2910 .gem-icon-inner {background-color: #BED9DC;}.thegem-custom-69f81d316d67a2910 .gem-icon-half-1 {color: #69ABB4;}.thegem-custom-69f81d316d67a2910 .gem-icon-half-2 {color: #69ABB4;}.thegem-custom-69f81d316d67a2910 .gem-icon-style-gradient .back-angle {background: linear-gradient( to bottom, #69ABB4, ); -webkit-text-fill-color: transparent; -webkit-background-clip: text;}.thegem-custom-69f81d316d67a2910 .gem-icon  {border-color: #BED9DC;border-color: #BED9DC;}.thegem-custom-69f81d316d67a2910 .gem-icon  {font-size: 22px;}.thegem-custom-69f81d316d67a2910 .gem-icon:not(.gem-simple-icon) .gem-icon-inner {width: 33px; height: 33px; line-height: 33px;}.thegem-custom-69f81d316d67a2910 .gem-icon.gem-simple-icon {width: 22px; height: 22px; line-height: 22px;}.gem-infotext.thegem-custom-69f81d316d67a2910 .gem-infotext-icon {margin-top:-2px !important;}.gem-infotext.thegem-custom-69f81d316d67a2910 .gem-infotext-icon {margin-right:20px !important;}<\/style><div class=\"gem-infotext vc_custom_1758187805619 alignment-left thegem-custom-69f81d316d67a2910\"> <div class=\"gem-infotext-wrap position--left vertical--top\"> <div class=\"gem-infotext-icon\"> <div class=\"gem-icon gem-icon-pack-elegant gem-icon-size-custom gem-icon-shape-circle\"> <div class=\"gem-icon-inner\"><span class=\"gem-icon-half-1\"><span class=\"back-angle\">&#x4e;<\/span><\/span><span class=\"gem-icon-half-2\"><span class=\"back-angle\">&#x4e;<\/span><\/span><\/div> <\/div> <\/div> <div class=\"gem-infotext\"> <div class=\"gem-infotext__title\"> <div class=\"title-customize text-body\" style=\"\"> Interface conviviale <\/div> <\/div> <\/div> <\/div> <\/div>[\/vc_column][vc_column width=\u00a0\u00bb1\/2&Prime; css=\u00a0\u00bb.vc_custom_1758188115685{margin-top: 50px !important;}\u00a0\u00bb][vc_single_image image=\u00a0\u00bb4769&Prime; img_size=\u00a0\u00bbfull\u00a0\u00bb css=\u00a0\u00bb\u00a0\u00bb el_class=\u00a0\u00bbimg-border-radius\u00a0\u00bb][\/vc_column][\/vc_row][vc_row full_width=\u00a0\u00bbstretch_row\u00a0\u00bb background_position_desktop=\u00a0\u00bbleft top\u00a0\u00bb background_position_tablet=\u00a0\u00bbcenter center\u00a0\u00bb custom_css_code=\u00a0\u00bbLmN1c3RvbS1pbmZvdGV4dCUyMC5nZW0taW5mb3RleHQlMjAlN0IlMEElMjAlMjAlMjAlMjB3aWR0aCUzQSUyMGF1dG8lMjFpbXBvcnRhbnQlM0IlMEElN0QlMEEuY3VzdG9tLWluZm90ZXh0JTIwLmdlbS1pbmZvdGV4dCUzQWhvdmVyJTIwJTdCJTBBJTIwJTIwJTIwJTIwYmFja2dyb3VuZC1jb2xvciUzQSUyMCUyM0Y5RUFENSUyMCUyMWltcG9ydGFudCUzQiUwQSUyMCUyMCUyMCUyMHRyYW5zaXRpb24lM0ElMjBhbGwlMjAwLjNzJTNCJTBBJTdEJTBBJTBBLnJpZ2h0LWJ0biUyMC5nZW0tYnV0dG9uJTIwJTdCJTBBJTIwJTIwJTIwJTIwYm9yZGVyJTNBJTIwbm9uZSUzQiUwQSUyMCUyMCUyMCUyMGJvcmRlci1ib3R0b20lM0ElMjAxcHglMjBzb2xpZCUyMCUyM0ZFNjMyRCUyMWltcG9ydGFudCUzQiUwQSUyMCUyMCUyMCUyMGhlaWdodCUzQSUyMDMwcHglM0IlMEElN0QlMEEucmlnaHQtYnRuJTIwLmdlbS1idXR0b24lN0IlMEElMjAlMjAlMjAlMjBwb3NpdGlvbiUzQSUyMGFic29sdXRlJTNCJTBBJTIwJTIwJTIwJTIwcmlnaHQlM0ElMjAyMXB4JTNCJTBBJTIwJTIwJTIwJTIwdG9wJTNBJTIwNzNweCUzQiUwQSU3RCUwQSU0MG1lZGlhJTI4bWF4LXdpZHRoJTNBJTIwMTAyM3B4JTI5JTdCJTBBJTIwJTIwJTIwJTIwLnJpZ2h0LWJ0biUyMC5nZW0tYnV0dG9uJTdCJTBBJTIwJTIwJTIwJTIwJTIwJTIwJTIwJTIwJTIwdG9wJTNBJTIwNDhweCUzQiUwQSUyMCUyMCUyMCUyMCU3RCUwQSU3RCUwQSU0MG1lZGlhJTI4bWF4LXdpZHRoJTNBJTIwNzY3cHglMjklN0IlMEElMjAlMjAlMjAlMjAucmlnaHQtYnRuJTIwLmdlbS1idXR0b24lN0IlMEElMjAlMjAlMjAlMjAlMjAlMjAlMjAlMjAlMjBkaXNwbGF5JTNBJTIwbm9uZSUzQiUwQSUyMCUyMCUyMCUyMCU3RCUwQSU3RCUwQSUwQSUwQS5nZW0taW1hZ2UtY2VudGVyZWQtYm94JTIwJTdCJTBBJTIwJTIwJTIwJTIwbWFyZ2luLWJvdHRvbSUzQSUyMDAlM0IlMEElN0QlMEEuaW1nLWJvcmRlci1yYWRpdXMlMjBpbWclN0IlMEElMjAlMjAlMjAlMjBib3JkZXItcmFkaXVzJTNBJTIwMzNweCUzQiUwQSU3RA==\u00a0\u00bb css=\u00a0\u00bb.vc_custom_1754321362273{margin-top: 30px !important;margin-bottom: 0px !important;padding-top: 45px !important;background-position: center !important;background-repeat: no-repeat !important;background-size: cover !important;}\u00a0\u00bb][vc_column css=\u00a0\u00bb.vc_custom_1753950644458{margin-top: 0px !important;padding-top: 0px !important;}\u00a0\u00bb tablet_padding_top=\u00a0\u00bb70&Prime; tablet_padding_bottom=\u00a0\u00bb70&Prime;][vc_column_text css=\u00a0\u00bb\u00a0\u00bb el_class=\u00a0\u00bbSUBRAYADO\u00a0\u00bb]<\/p>\n<h4><span style=\"color: #6dadb6;\"><strong>Personnalisation<\/strong><\/span><\/h4>\n<p>[\/vc_column_text][vc_column_text css=\u00a0\u00bb.vc_custom_1758111267662{padding-top: 21px !important;}\u00a0\u00bb el_class=\u00a0\u00bbSUBRAYADO\u00a0\u00bb]<\/p>\n<h4><span style=\"color: #6dadb6;\"><strong>Les dispositifs cliniques REGEnLIFE : une conception modulaire flexible, personnalisable et \u00e9volutive pour s\u2019adapter aux besoins de la recherche<\/strong><\/span><\/h4>\n<p>[\/vc_column_text][vc_column_text css=\u00a0\u00bb\u00a0\u00bb]<\/p>\n<p align=\"justify\">Les dispositifs m\u00e9dicaux pour la recherche clinique REGEnLIFE sont modulaires afin d\u2019allier flexibilit\u00e9 d\u2019utilisation, personnalisation th\u00e9rapeutique et pr\u00e9cision du traitement. En effet, le casque et la ceinture abdominale (RGn600) sont compos\u00e9s de plusieurs modules ind\u00e9pendants interconnectables pouvant \u00eatre ajout\u00e9s ou retir\u00e9s. Ces dispositifs modulaires permettent d\u2019individualiser le traitement par neurostimulation en ajustant le nombre et la position des modules en fonction des individus et des cibles th\u00e9rapeutiques vis\u00e9es.<\/p>\n<p align=\"justify\">D\u2019autre part, la configuration logicielle des dispositifs cliniques permet de piloter et d\u2019adapter les protocoles de neurostimulation par PBM aux besoins sp\u00e9cifiques des travaux de recherche. Les programmes pr\u00e9\u00e9tablis sont ainsi personnalisables par l\u2019investigateur. Les param\u00e8tres modifiables sont :<\/p>\n<ul>\n<li>Le type de laser<\/li>\n<li>Les types de composants optiques<\/li>\n<li>Les longueurs d\u2019onde<\/li>\n<li>L\u2019irradiance<\/li>\n<li>Le mode continu ou puls\u00e9 et le rythme des \u00e9missions de PBM<\/li>\n<li>La dur\u00e9e du traitement<\/li>\n<\/ul>\n<p align=\"justify\">La modularit\u00e9 des dispositifs REGEnLIFE et l\u2019optimisation des param\u00e8tres permettent ainsi d\u2019ajuster les protocoles selon les besoins de recherche et les r\u00e9sultats neurophysiologiques observ\u00e9s.<\/p>\n<p>[\/vc_column_text][vc_column_text css=\u00a0\u00bb.vc_custom_1754298039721{padding-top: 21px !important;}\u00a0\u00bb el_class=\u00a0\u00bbSUBRAYADO\u00a0\u00bb]<strong><a href=\"https:\/\/regenlife.com\/contact\/\">Pour en savoir plus, contactez REGEnLIFE<\/a><\/strong>[\/vc_column_text][\/vc_column][\/vc_row]<\/p>\n<\/div>","protected":false},"excerpt":{"rendered":"<p>[vc_row content_placement=\u00a0\u00bbtop\u00a0\u00bb custom_css_code=\u00a0\u00bbLmdlbS1pbWFnZS1jZW50ZXJlZC1ib3glMjAlN0IlMEElMjAlMjAlMjAlMjBtYXJnaW4tYm90dG9tJTNBJTIwMCUzQiUwQSU3RCUwQS5pbWctYm9yZGVyLXJhZGl1cyUyMGltZyU3QiUwQSUyMCUyMCUyMCUyMGJvcmRlci1yYWRpdXMlM0ElMjAzM3B4JTNCJTBBJTdEJTBBLmN1c3RvbS1pbmZvdGV4dCUyMCU3QiUwQSUyMCUyMCUyMCUyMHdpZHRoJTNBJTIwMjIwcHglM0IlMEElN0QlMEElNDBtZWRpYSUyOG1heC13aWR0aCUzQSUyMDk5MXB4JTI5JTdCJTBBJTIwJTIwJTIwJTIwLmN1c3RvbS1pbmZvdGV4dCUyMCU3QiUwQSUyMCUyMCUyMCUyMCUyMCUyMCUyMCUyMHdpZHRoJTNBJTIwMjAwcHglM0IlMEElMjAlMjAlMjAlMjAlN0QlMEElN0Q=\u00a0\u00bb thegem_revesrse_columns_mobile=\u00a0\u00bbtrue\u00a0\u00bb css=\u00a0\u00bb.vc_custom_1754321214611{margin-bottom: 0px !important;padding-top: 85px !important;padding-bottom: 30px !important;}\u00a0\u00bb tablet_padding_top=\u00a0\u00bb85&Prime; el_class=\u00a0\u00bbCONTENEDORPIRATA\u00a0\u00bb mobile_padding_top=\u00a0\u00bb85&Prime; mobile_margin_bottom=\u00a0\u00bb-50&Prime;][vc_column width=\u00a0\u00bb1\/2&Prime; css=\u00a0\u00bb.vc_custom_1750698481768{padding-top: 0px !important;padding-right: 75px&#8230;<\/p>\n","protected":false},"author":1,"featured_media":3275,"parent":0,"menu_order":0,"comment_status":"closed","ping_status":"closed","template":"","meta":{"_acf_changed":false,"footnotes":""},"class_list":["post-4835","page","type-page","status-publish","has-post-thumbnail"],"acf":[],"_links":{"self":[{"href":"https:\/\/regenlife.com\/fr\/wp-json\/wp\/v2\/pages\/4835","targetHints":{"allow":["GET"]}}],"collection":[{"href":"https:\/\/regenlife.com\/fr\/wp-json\/wp\/v2\/pages"}],"about":[{"href":"https:\/\/regenlife.com\/fr\/wp-json\/wp\/v2\/types\/page"}],"author":[{"embeddable":true,"href":"https:\/\/regenlife.com\/fr\/wp-json\/wp\/v2\/users\/1"}],"replies":[{"embeddable":true,"href":"https:\/\/regenlife.com\/fr\/wp-json\/wp\/v2\/comments?post=4835"}],"version-history":[{"count":16,"href":"https:\/\/regenlife.com\/fr\/wp-json\/wp\/v2\/pages\/4835\/revisions"}],"predecessor-version":[{"id":5955,"href":"https:\/\/regenlife.com\/fr\/wp-json\/wp\/v2\/pages\/4835\/revisions\/5955"}],"wp:featuredmedia":[{"embeddable":true,"href":"https:\/\/regenlife.com\/fr\/wp-json\/wp\/v2\/media\/3275"}],"wp:attachment":[{"href":"https:\/\/regenlife.com\/fr\/wp-json\/wp\/v2\/media?parent=4835"}],"curies":[{"name":"wp","href":"https:\/\/api.w.org\/{rel}","templated":true}]}}